{"id":9893,"date":"2014-08-18T10:39:37","date_gmt":"2014-08-18T10:39:37","guid":{"rendered":"https:\/\/www.rockytravel.net\/?page_id=9893"},"modified":"2020-03-03T12:46:22","modified_gmt":"2020-03-03T11:46:22","slug":"domande-servizio-viaggio-australia","status":"publish","type":"page","link":"https:\/\/www.rockytravel.net\/it\/domande-servizio-viaggio-australia\/","title":{"rendered":"Domande FAQ &#8211; Servizio Viaggio Australia"},"content":{"rendered":"<h2>Come vi aiutiamo con il vostro viaggio in Australia<\/h2>\n<p>Prima di inviare la vostra richiesta di <a href=\"https:\/\/www.rockytravel.net\/it\/consulenza-viaggio-australia\/\"><strong>servizio consulenza viaggio Australia<\/strong><\/a>, vi prego di leggere attentamente le domande e risposte pi\u00f9 com<img loading=\"lazy\" decoding=\"async\" class=\"alignright size-thumbnail wp-image-8505\" src=\"https:\/\/www.rockytravel.net\/wp-content\/uploads\/2013\/01\/Miki2RockyTravel-150x150.jpg\" alt=\"Miki2RockyTravel\" width=\"150\" height=\"150\" srcset=\"https:\/\/www.rockytravel.net\/wp-content\/uploads\/2013\/01\/Miki2RockyTravel-150x150.jpg 150w, https:\/\/www.rockytravel.net\/wp-content\/uploads\/2013\/01\/Miki2RockyTravel-250x250.jpg 250w, https:\/\/www.rockytravel.net\/wp-content\/uploads\/2013\/01\/Miki2RockyTravel-200x200.jpg 200w, https:\/\/www.rockytravel.net\/wp-content\/uploads\/2013\/01\/Miki2RockyTravel-47x48.jpg 47w\" sizes=\"auto, (max-width: 150px) 100vw, 150px\" \/>uni al che possono essere utile a chiarire dubbi, domande e incertezze e a capire se questo servizio fa per voi.<\/p>\n<h3>Che tipo di servizio viaggio Australia<\/h3>\n<p>Con il mio servizio di itinerari e programmazione del viaggio Australia posso:<\/p>\n<ul>\n<li>Chiarire dubbi, preoccupazioni, incertezze su cosa fare e non fare in Australia.<\/li>\n<li>Scegliere destinazioni, attivit\u00e0, cose da vedere e fare in base al vostro tempo e ai vostri interessi.<\/li>\n<li>Darvi consigli pratici per spostarsi da A-B, scegliere mezzi di trasporto pi\u00f9 adeguati.<\/li>\n<li>Allocare il giusto tempo a ogni singolo destinazione, al fine di massimizzare tempi e denaro.<\/li>\n<li>Raccomandarvi dove alloggiare e scegliere tours locali di qualit\u00e0.<\/li>\n<li>Ricercare online per trovare offerte di voli, noleggio auto, alloggio, etc.<\/li>\n<li>Aiutarvi a preparare il viaggio breve-medio-lungo termine, e anche su come preparare le valige.<\/li>\n<li>Consigliarvi sul visto viaggio e scegliere una buona assicurazione viaggio.<\/li>\n<li>Consigliare su come comunicare dall&#8217;Australia, usare internet, e gestire le spese di viaggio.<\/li>\n<li>Consigliarvi su come rimettersi dal jet lag in pochi giorni e mangiare sano in viaggio, etc.<\/li>\n<\/ul>\n<h3>Cosa non \u00e8 incluso nel servizio viaggio Australia<\/h3>\n<p><strong>Non offriamo nessun tipo di prenotazione. <\/strong>Tutti i moduli offerti da Michela non includono nessun tipo di prenotazione. Tutte le prenotazioni devono essere effettuate da voi.<\/p>\n<h3>Chi fa le prenotazioni viaggio online?<\/h3>\n<p><strong>Dovete attivare voi le prenotazioni online<\/strong>. Per questo ci si impiega pochi minuti ed \u00e8 semplicissimo effettuare qualsiasi prenotazioni online. Posso dare assistenza e spiegare come fare, se richiesto. E&#8217; importante che siate voi ad effettuare le prenotazioni, nel caso di cambiamenti non previsti, o qualsiasi importante comunicazione, gli operatori devono mettersi in contatto direttamente con chi ha fatto la prenotazione. Pertanto \u00e8 pi\u00f9 comodo e sicuro avere tutto sotto il proprio controllo.<\/p>\n<h3>Per chi va bene questo servizio Viaggio Australia<\/h3>\n<p><strong>Per tutti coloro che vogliono viaggiare da soli in Australia o in compagnia e in modo autonomo, e non vogliono andare in Australia con un tour operator.<\/strong><\/p>\n<p>Sono in grado di navigare in internet e non hanno timore a fare prenotazioni online. Sono alla ricerca di un qualcuno che li aiuti in modo efficiente, conosca molto bene tutti gli aspetti imporanti del viaggiare in Australia. In special modo riguardo la scelta dei posti da visitare e le destinazioni, come affinare itinerari e identificare il miglior modo per spostarsi, come esplorare sia l&#8217;Australia iconica ma anche scoprire luoghi meno conosciuti ma forse pi\u00f9 interessanti.<\/p>\n<p>Cercano un solido aiuto su cosa fare e cosa non fare in Australia, quanto tempo allocare ad un posto pi\u00f9 che ad un altro, vogliono massimizzare il loro tempo e risparmiare anche denaro, o meglio non vogliono sprecare soldi e tempo in modo inutile in attivit\u00e0 che non sono consone. Sono amanti dei viaggi budget ma di qualit\u00e0 ma amano anche il lusso alla portata di tutti.<\/p>\n<h3>Che tipo di aiuto ricevete con questo servizio viaggio Australia<\/h3>\n<p><strong>L&#8217;aiuto di un&#8217;esperta viaggiatrice d&#8217;Australia e anche autrice di una guida viaggi con Itinerari d&#8217;Australia<\/strong>, che non solo ha una lunga esperienza di viaggio, ma vi risolve problemi e risponde a tutte le vostre domande.<\/p>\n<p>Il mio aiuto \u00e8 sempre accurato. Vi fornisco un piano di viaggio realistico, che tiene conto sia di quello che volete fare e vedere, sia i bisogni ed interessi individuali, sia le circostanze reali del momento in cui viaggiate. Con il mio aiuto potrete risparmiare anche fino a 1500 dollari Australiani sul budget spesa. Viaggiarete con circa l&#8217;80% del tempo pianificato ma con una grande tranquillit\u00e0 e pace d&#8217;animo!<\/p>\n<h3>Come si differenzia il servizio viaggio Australia dal lavoro di un agente di viaggio<\/h3>\n<p><strong>Non non sono un agente di viaggio<\/strong>. E si distingue in modo radicale dall&#8217;attivit\u00e0 di un agente, che vende un itinerario e tutta una serie di tours, attivit\u00e0 e altro. Io raccomando tours o servizi di auto noleggio, e altri servizi di partner commerciali, che ho scelto sulla base del mio utilizzo privato e dai quali ricevo una piccola commissione di affiliazione se prenotate tramite i links sul mio sito.<\/p>\n<p>Do consigli anche su alloggi, ristoranti, attivit\u00e0, etc. solo sulla base di esperienze personali. Il mio sevizio riflette la mia esperienza di oltre 15 anni di viaggi e mi occupo del vostro viaggio con lo stesso entusiasmo e una livello alto di professionalit\u00e0.<\/p>\n<h3>Tempistiche per richiedere questo servizio viaggio Australia<\/h3>\n<p><strong>3-4 mesi prima della partenza sarebbe ideale<\/strong>. Il minimo tempo richiesto \u00e8 di 2 mesi prima della partenza. Se lo richiedete con 30 giorni di anticipo, vi prego di verificare la mia disponibilit\u00e0, in quanto potrei trovarmi in viaggio o avere un&#8217;agenda gi\u00e0 completa. Inoltre con soli 30 giorni di anticipo non si pu\u00f2 garantire di trovare offerte valide per il periodo di viaggio.<\/p>\n<h3>Come scegliere il tipo di servizio viaggio Australia<\/h3>\n<p>Qui un breve riassunto dei servizi viaggio per darvi un&#8217;idea di cosa richiedere.<\/p>\n<h5>Servizio Viaggio Module 1. &#8211; un ora di consultazione via skype o telefono<\/h5>\n<ul>\n<li><strong>Avete gi\u00e0 una bozza di itinerario di viaggio<\/strong>, un&#8217;idea, o un itinerario che volete consolidare. Avete domande o dubbi aperti e che volete chiarire. A questa consultazione seguono tre follow-up via email, entro una settimana, massimo 10 giorni.<\/li>\n<\/ul>\n<h5>Servizio Viaggio Module 2. &#8211; una settimana di programmazione viaggio<\/h5>\n<ul>\n<li><strong>Non avete ancora un\u00a0itinerario\u00a0di viaggio<\/strong>, ma soltanto una vaga idea di cosa e come fare il viaggio. Con questo modulo eseguo solo una ricerca di base, voi dovete completare la ricerca per poter fare tutte le prenotazioni necessarie. Sviluppo assieme a voi un itinerario personalizzato, come da descrizione servizio. Inclue massimo cinque follow-up via email nell&#8217;arco di due settimane. Viene fornito materiale di due guide personalizzate in formato PDF.<\/li>\n<\/ul>\n<h5>Servizio Viaggio Module 3. &#8211; Impostazione itinerario\u00a0 + Ricerca completa online<\/h5>\n<ul>\n<li><strong>Avete bisogno di me per fare anche tutta la ricerca online<\/strong>. Questo modulo viene erogato normalmente in combinazione con il modulo 2. Ma pu\u00f2 essere richiesto anche come servizio a s\u00e9 stante, qualora si abbia gi\u00e0 un itinerario ben definito e si necessiti la ricerca online per programmare le varie tappe come trasporti, alloggi, tour e altro.<\/li>\n<\/ul>\n<h3>Come pago questo servizio viaggio Australia<\/h3>\n<p>Il pagamento deve essere effettuato in anticipo, subito dopo la mia conferma scritta, a seguito di una vostra richiesta tramite il contact form. Il pagamento pu\u00f2 essere fatto via paypal, o carta di credito oppure via bonifico bancario. Dopo il pagamento ricevete una scaletta con i dettagli della consultazione e di tutti i successivi passi.<\/p>\n<h3>Come richiedere questo servizio viaggio Australia<\/h3>\n<p>Se le domande qui sopra hanno chiarito tutti i vostri dubbi o incertezze, potete richiedere il servizio indicando quanto richiesto.<\/p>\n<p><strong>Se avete domande aggiuntive potete conttarmi compilando il form sulla pagina del <a href=\"https:\/\/www.rockytravel.net\/it\/consulenza-viaggio-australia\/\">servizio consulenza viaggi Australia<\/a><\/strong>.<\/p>\n<p>&nbsp;<\/p>\n<p>&nbsp;<\/p>\n<!--themify_builder_content-->\n<div id=\"themify_builder_content-9893\" data-postid=\"9893\" class=\"themify_builder_content themify_builder_content-9893 themify_builder tf_clear\">\n    <\/div>\n<!--\/themify_builder_content-->\n","protected":false},"excerpt":{"rendered":"<p>Come vi aiutiamo con il vostro viaggio in Australia Prima di inviare la vostra richiesta di servizio consulenza viaggio Australia, vi prego di leggere attentamente le domande e risposte pi\u00f9 comuni al che possono essere utile a chiarire dubbi, domande e incertezze e a capire se questo servizio fa per voi. Che tipo di servizio [&hellip;]<\/p>\n","protected":false},"author":1,"featured_media":0,"parent":0,"menu_order":0,"comment_status":"open","ping_status":"open","template":"","meta":{"_seopress_robots_primary_cat":"","_seopress_titles_title":"domande servizio viaggio australia","_seopress_titles_desc":"FAQ per rispondere alle vostre domande sul mio servizio viaggio Australia. Cos\u00ec vi aiuto a creare un itinerario viaggio che funziona.","_seopress_robots_index":"","footnotes":"","tve_updated_post":"","tve_custom_css":"","tve_user_custom_css":"","tve_globals":{},"tcb2_ready":0,"tcb_editor_enabled":0,"tve_landing_page":"","_tve_header":"","_tve_footer":""},"class_list":["post-9893","page","type-page","status-publish","hentry","has-post-title","has-post-date","has-post-category","has-post-tag","has-post-comment","has-post-author",""],"_links":{"self":[{"href":"https:\/\/www.rockytravel.net\/it\/wp-json\/wp\/v2\/pages\/9893","targetHints":{"allow":["GET"]}}],"collection":[{"href":"https:\/\/www.rockytravel.net\/it\/wp-json\/wp\/v2\/pages"}],"about":[{"href":"https:\/\/www.rockytravel.net\/it\/wp-json\/wp\/v2\/types\/page"}],"author":[{"embeddable":true,"href":"https:\/\/www.rockytravel.net\/it\/wp-json\/wp\/v2\/users\/1"}],"replies":[{"embeddable":true,"href":"https:\/\/www.rockytravel.net\/it\/wp-json\/wp\/v2\/comments?post=9893"}],"version-history":[{"count":5,"href":"https:\/\/www.rockytravel.net\/it\/wp-json\/wp\/v2\/pages\/9893\/revisions"}],"predecessor-version":[{"id":31173,"href":"https:\/\/www.rockytravel.net\/it\/wp-json\/wp\/v2\/pages\/9893\/revisions\/31173"}],"wp:attachment":[{"href":"https:\/\/www.rockytravel.net\/it\/wp-json\/wp\/v2\/media?parent=9893"}],"curies":[{"name":"wp","href":"https:\/\/api.w.org\/{rel}","templated":true}]}}