{"id":2272,"date":"2020-01-23T13:36:45","date_gmt":"2020-01-23T12:36:45","guid":{"rendered":"https:\/\/www.rockytravel.net\/?page_id=2272"},"modified":"2023-03-22T12:12:21","modified_gmt":"2023-03-22T11:12:21","slug":"viaggio-in-australia","status":"publish","type":"page","link":"https:\/\/www.rockytravel.net\/it\/viaggio-in-australia\/","title":{"rendered":"Viaggio In Australia: Info e Consigli Per Organizzare Il Viaggio Perfetto"},"content":{"rendered":"<h2>Migliori Consigli Per Viaggiare In Australia<\/h2>\n<p>Se vi state chiedendo come viaggiare in Australia e cosa fare per organizzare una vacanza in Australia, siete sul sito giusto. Qui su Rocky Travel trovate oltre 200 pagine su destinazioni in Australia e su come meglio organizzare un viaggio in Australia da soli.<\/p>\n<p>Ho trascorso oltre 15 anni di viaggi in solitaria in Australia, e superato i 100 mila km persorsi da nord a sud e da una costa all&#8217;altra. Su Rocky Travel trovate consigli di prima mano da un&#8217;esperta viaggiatrice. L&#8217;uso del sito \u00e8 completamente gratuito per Voi, e vi sarei grata se potreste utilizzare le risorse fare le prenotazioni e supportare il sito in questo modo.<\/p>\n<h3>Cosa serve per andare in Australia?<\/h3>\n<p>Per l&#8217;Australia basta avere un passaporto valido di oltre 6 mesi dalla data di rientro in Italia, e un visto turistico, <strong>e-visitor,<\/strong> che si richiede online in pochi minuti, online. Il visto per visitare l&#8217;Australia \u00e8 gratuito per tutti i cittadini Europei. Eccovi tutte le info e il link su come <span style=\"text-decoration: underline;\"><a href=\"https:\/\/www.rockytravel.net\/it\/visto-australia\/\" target=\"_blank\" rel=\"noopener noreferrer\"><strong>richiedere il visto Australia online<\/strong><\/a><\/span>.<\/p>\n<p style=\"text-align: center;\"><img loading=\"lazy\" decoding=\"async\" class=\"alignnone wp-image-29997 size-full\" src=\"https:\/\/www.rockytravel.net\/wp-content\/uploads\/2019\/12\/Rocky-Travel-Guide-to-Australia.jpg\" alt=\"Guida Viaggio Australia\" width=\"1280\" height=\"850\" srcset=\"https:\/\/www.rockytravel.net\/wp-content\/uploads\/2019\/12\/Rocky-Travel-Guide-to-Australia.jpg 1280w, https:\/\/www.rockytravel.net\/wp-content\/uploads\/2019\/12\/Rocky-Travel-Guide-to-Australia-300x199.jpg 300w, https:\/\/www.rockytravel.net\/wp-content\/uploads\/2019\/12\/Rocky-Travel-Guide-to-Australia-1024x680.jpg 1024w, https:\/\/www.rockytravel.net\/wp-content\/uploads\/2019\/12\/Rocky-Travel-Guide-to-Australia-768x510.jpg 768w\" sizes=\"auto, (max-width: 1280px) 100vw, 1280px\" \/><\/p>\n<h2>Quanto costa un Viaggio in Australia<\/h2>\n<p>E&#8217; noto il fatto che visitare l&#8217;Australia non \u00e8 economico, per\u00f2 programmando bene il viaggio si riesce a risparmiare veramente tanto. Pensate anche che il costo maggiore \u00e8 rappresentato dal biglietto di andata e ritorno del volo Australia, e anche dagli spostamenti interni con i mezzi di trasporto, ossia voli interni, treni, ferry, auto a noleggio, etc. Considerate che il costo volo per l&#8217;Australia \u00e8 di ca 1000 Euro, in bassa stagione, vale a dire ca. un terzo del costo globale per una vacanza di ca 3-4 settimane.<\/p>\n<p>Quindi \u00e8 chiaro che <a href=\"https:\/\/www.rockytravel.net\/it\/voli-australia\/\"><strong><span style=\"text-decoration: underline;\">trovare un&#8217;ottima offerta voli Australia<\/span><\/strong><\/a> \u00e8 importante se si vuole risparmiare sulla spesa di viaggio.<\/p>\n<p>Inoltre <strong>pianificare bene il viaggio<\/strong> con largo anticipo \u00e8 un fattore molto importante, che vi permette non solo di programmare le destinazioni e le attrivit\u00e0, ma anche di fare tutte le prenotazioni con calma, avendo molta pi\u00f9 scelta e prezzi pi\u00f9 basis.<\/p>\n<p>Vi consigio di attivarvi perlomento con 3 mesi di anticipo, se andate in Australia in bassa stagione (da settembre a novembre e da marzo a maggio). Se invece volete viaggiare in Australia in alta stagione e durante le feste natalizie, allora iniziate almeno 6-8 mesi prima. I voli per Natale, Pasqua e il periodo estivo Luglio-Agosto costano anche 30-40% in pi\u00f9.<\/p>\n<p>A questa pagina trovate i miei consigli su<span style=\"text-decoration: underline;\"><a href=\"https:\/\/www.rockytravel.net\/blog\/australia-travel-budget\/\"><strong> come viaggiare in Australia low cost<\/strong><\/a><\/span>. (articolo in inglese).<\/p>\n<h2>Cose\u00a0 sapere prima di andare in vacanza in Australia<strong><br \/>\n<\/strong><\/h2>\n<p>Ci sono diverse cose da sapere prima di programmare un viaggio in Australia riguardo a quando andare, che destinazioni scegliere e come percorrere lunghe distanze all&#8217;interno dell&#8217;Australia. Essendo un paese immenso, dovrete fare delle scelte ben precise, soprattutto se avete poche settimane di vacanza.<\/p>\n<p>Programmare la vacanza viaggio in Australia da soli, pu\u00f2 essere faticoso e stancante perch\u00e9 non \u00e8 facile scegliere, ci sono tante cosa da sapere prima e si fanno scelte sbagliate, si rischia di sprecare tempo e denari. Con una superficie di 2 volte l&#8217;Europa e una popolazione di soli 24 milioni, gli spostamenti vanno programmati ben in anticipo se non si vuole spendere un sacco di soldi. I biglietti di <span style=\"text-decoration: underline;\"><a href=\"https:\/\/www.rockytravel.net\/it\/trova-voli-interni-australia\/\"><strong>voli interni in Australia<\/strong><\/a><\/span> vanno prenotati perlomeno con 2 mesi di anticipo, perch\u00e9 i prezzi dei biglietti aumentano anche di 2-3 volte tanto.<\/p>\n<ul>\n<li><strong>\u00a0Prima si prenota e pi\u00f9 si risparmia<\/strong>. Anche se l&#8217;Australia offre molte opportunit\u00e0 per una vacanza memorabile, non \u00e8 certo una destinazione per una vacanza last minute.<\/li>\n<li><strong>\u00c8 molto importante avere un<\/strong> <a href=\"https:\/\/www.rockytravel.net\/it\/itinerari-viaggio-australia\/\"><strong>i<span style=\"text-decoration: underline;\">tinerario di viaggio ben definit<\/span>o<\/strong><\/a>, e scegliere i posti giusti, in base a quando potete andare, a quanto tempo si ha a disposizione e a cosa si vuole fare.<\/li>\n<\/ul>\n<p>Queste scelte avranno un impatto non solo sul budget di spesa ma anche sull&#8217;esperienza del viaggio stesso.<\/p>\n<h2>Qual \u00e8 il periodo migliore per visitare l&#8217;Australia<\/h2>\n<p>Se vi state chiedendo quando andare in vancaza in Australia, non \u00e8 una risposta facile, in quanto le stagion in Australia sono esattamente all&#8217;opposto delle nostre. Dunque se volete andare l\u00e0 in estate, dovrete andare da Dicembre a Febbraio, ma questi sono anche i mesi di alta stagione con le ferie scolastiche e le festivit\u00e0 Natalizie.<\/p>\n<p>Anche se molti turisti preferiscono fare un viaggio in inverno per godere del bel tempo in Australia, non \u00e8 il periodo migliore per visitare l&#8217;Australia. Anche per via dei costi dei voli e anche della limitata disponibilit\u00e0 di tour, hotels e trasporti.<\/p>\n<p><strong>Da Marzo a Maggio e da Settembre a Novembre<\/strong> sono invece mesi molto consigliati per fare un bel viaggetto in Australia. Se potete programmare le vostre ferie in questi mesi, non ve ne pentirete, anzi potrete godere di maggiore libert\u00e0 e tranquillit\u00e0 negli spostamenti, gustarvi i bellissimi posti meno affollati e anche aproffitare dei prezzi pi\u00f9 bassi per i voli verso l&#8217;Australia.<\/p>\n<h3>E quanto tempo \u00e8 necessario per trascorrere una vacanza in Australia?<\/h3>\n<p>Ho viaggiato ben 10 volte, ma i miei viaggi sono sempre stati di 2-3 meis e anche per periodi pi\u00f9 lunghi. Se siete al primo viaggio, vi consiglio di fare un periodo di almeno 4 settimane. Se invece tornate per la seconda o terza volta, allora meno di 2 settimane, perch\u00e9 i 17 mila km di distanza in Australia, non giustificano certo una breve permanenza e vacanze di una settimana.\u00a0Ecco qual \u00e8\u00a0<a href=\"https:\/\/www.rockytravel.net\/blog\/best-time-to-visit-australia\/\"><strong><span style=\"text-decoration: underline;\">periodo migliore per una vacanza viaggio in Australia<\/span><\/strong><\/a>. (articolo in inglese).<\/p>\n<h2>Come Scegliere l&#8217; Itinerario Australia<\/h2>\n<p>Non nascondo che la cosa pi\u00f9 ardua \u00e8 scegliere fra le tante possibilit\u00e0 di percorsi e itinerari, non \u00e8 certamente facile fare una scelta, anche per chi l&#8217;Australia la conosce bene. E comunque la scelta va fatta a monte, molti mesi prima di partire. Se pensate di voler decidere gli spostamenti importanti al momento, preparatevi a dover sborsare un sacco di soldi in pi\u00f9. Quindi gli spostamenti spontanei vanno fatti solo localmente, tipo la gita giornaliera da Melbourne a Phillip Island, o nelle Dandenong Ranges. O da Sydney a Jervis Bay, per fare alcuni esempi. Non certamente per un volo da Melbourne a Cairns o da Sydney a Alice Springs.<\/p>\n<p>Ora le mete pi\u00f9 ambite sono attorno alle citt\u00e0 australiane:<\/p>\n<ul>\n<li><strong>Sydney e la costa Est fino a Cairns <\/strong><\/li>\n<li><strong> Melbourne e la costa sud con la Great Ocean Road<\/strong><\/li>\n<li><strong>Adelaide con la Kangaroo Island<\/strong><\/li>\n<li><strong>Perth con Margaret River e la costa Sud Ovest<\/strong><\/li>\n<li><strong>Uluru e Darwin nel Centro Rosso e al Top End<\/strong><\/li>\n<\/ul>\n<p>Ma ci sono molte altre interessanti destinazioni da vedere in Australia e forse pi\u00f9 allettanti per i visitatori seriali.\u00a0 Oltre alla pagina con le idee itinerario Australia, che vi aiuta a mettere assieme un percorso da una a 2, 3, 4 settimane, se volete un&#8217;ottima risorsa e unica, da consultare e da usare come base di programmazione e preparazione per la vostra avventura viaggio Australia, potete acquistare il mio libro <a href=\"https:\/\/www.rockytravel.net\/australia-guide-book\/\"><strong>Your Australia\u00a0Itinerary GuideBook<\/strong><\/a>* (cliccate sul link o sull&#8217;immagine sotto). <em>* Il libro \u00e8 disponibile solo in lingua inglese!<\/em><\/p>\n<p style=\"text-align: center;\"><a href=\"https:\/\/www.rockytravel.net\/australia-guide-book\/\"><img loading=\"lazy\" decoding=\"async\" class=\"aligncenter wp-image-30284\" src=\"https:\/\/www.rockytravel.net\/wp-content\/uploads\/2016\/02\/Ausrtralia-Solo-Travel-Book-Cover-copy.jpg\" alt=\"Your Australia Itinerary Guida Australia\" width=\"473\" height=\"380\" srcset=\"https:\/\/www.rockytravel.net\/wp-content\/uploads\/2016\/02\/Ausrtralia-Solo-Travel-Book-Cover-copy.jpg 598w, https:\/\/www.rockytravel.net\/wp-content\/uploads\/2016\/02\/Ausrtralia-Solo-Travel-Book-Cover-copy-300x241.jpg 300w, https:\/\/www.rockytravel.net\/wp-content\/uploads\/2016\/02\/Ausrtralia-Solo-Travel-Book-Cover-copy-250x200.jpg 250w, https:\/\/www.rockytravel.net\/wp-content\/uploads\/2016\/02\/Ausrtralia-Solo-Travel-Book-Cover-copy-350x280.jpg 350w\" sizes=\"auto, (max-width: 473px) 100vw, 473px\" \/><\/a><\/p>\n<p>Il libro raccoglie schede dettagliate per 5 distinti itineari di 15 pagine ciascuno, con +40 variazioni su come allungare o ridurre il periodo e\/o le destinazioni in Australia. La guida \u00e8 completa di una lista risorse, siti viaggi, links di ricerca e stima di costi per ogni itinerario di viaggio.<\/p>\n<h2 id=\"Destinazioni-in-Australia\">Australia Destinazioni Viaggio<\/h2>\n<p>Non \u00e8 facile scegliere le destinazioni di viaggio e cosa vedere in Australia. Una delle sfide pi\u00f9 grandi per il primo viaggio in Australia \u00e8 avere itinerario che da una parte permetta di vedere il pi\u00f9 possibile ma dall&#8217;altra non sia dispersivo e non richieda troppo tempo per muoversi da un posto all&#8217;altro.\u00a0A questa pagina trovare <span style=\"text-decoration: underline;\"><a href=\"https:\/\/www.rockytravel.net\/it\/australia-destinazioni-viaggio\/\"><strong>destinazioni in Australia con i posti pi\u00f9 belli da vedere<\/strong><\/a><\/span>, e anche insoliti.<\/p>\n<p>Vi consiglio in primo luogo di aver ben chiaro cosa volete fare ed eliminare tutto dalla bucketlist che non sia prioritario per voi e di concentrarvi invece sulle cose che pi\u00f9 vi interessano. Se vi piace fare snorkeling e appassionati di andare in barca a vela, o sport acquatici, scegliete le destinazioni il Tropical Queensland che offre una miriade di possibilit\u00e0 su tutta la costa. Se invece si interessa di pi\u00f9 visitare belle citt\u00e0, e camminare nella natura e vedere gli animali australiani, allora optate pi\u00f9 per le zone vicino a Melbourne con il Wilson Promontory,\u00a0 e la lista potrebbe continuare a lungo.<\/p>\n<h2>Come viaggiare da un posto all&#8217;altro in Australia<strong><br \/>\n<\/strong><\/h2>\n<p>Il modo migliore per organizzare un viaggio in Australia indipendente e di fare un road trip. Non c&#8217;\u00e9 nulla che batte la libert\u00e0 di attraversare l&#8217;Australia in auto. Dall&#8217;Outback Australiano a migliaia di chilometri di coste con oltre 10 mila spiagge.<\/p>\n<p><strong>Guidare in Australia<\/strong> non \u00e8 difficile, anche se la guida a sinistra di primo impatto pu\u00f2 spaventare il guidatore abituato a guidare in Italia. \u00c8 comunque stancante, a causa delle lunghe distanze; spesso quello che sembra un viaggio breve sulla cartina, risulta poi interminabile. Valutare bene le distanze in Australia, la difficolt\u00e0 dell&#8217;itinerario\u00a0 e del terreno, da percorrere con il proprio veicolo sono fattori chiave. A questa pagina trovate tutte pratici consigli su come <span style=\"text-decoration: underline;\"><a href=\"https:\/\/www.rockytravel.net\/it\/autonoleggio-australia\/\"><strong>organizzare un viaggio con l&#8217;auto a noleggio<\/strong><\/a><\/span>.<\/p>\n<p><strong>Per guidare in Australia<\/strong> si deve richiedere una patente internazionale presso la motorizzazione civile che ha rilasciato la tua patente guida italiana. Per circolare in Australia, al momento del noleggio auto, bisogna presente entrambi i documenti di patenti di guida (sia quello Italiano sia quello Internazionale). Se si ha meno di 25 ann in Australia, il noleggio auto \u00e8 pi\u00f9 caro e ci sono delle restrizioni.<\/p>\n<h2>E se viaggio da sola in Australia come faccio?<\/h2>\n<p><strong>Per viaggiare da soli<\/strong> \u00e8 fondamentale conoscere bene il proprio livello di capacit\u00e0 ed esperienza nello scegliere i mezzi pi\u00f9 adeguati per spostarsi in Australia. Consiglio di combinare pi\u00f9 mezzi di trasporto possibile, non solo per ottimizzare tempi e costi, ma soprattutto per massimizzare l&#8217;esperienza di viaggio. Un&#8217;ottima idea \u00e8 di scegliere brevi tratti con il bus or il treno, altri con un auto a noleggio e altri ancora con tour organizzati.\u00a0A questa pagina trovate tutto su <span style=\"text-decoration: underline;\"><a href=\"https:\/\/www.rockytravel.net\/it\/viaggiare-soli-in-australia\/\"><strong>come viaggiare da soli in Australia<\/strong><\/a><\/span>.<\/p>\n<h2 id=\"Alloggio-in-Australia\">Come Trovare Alloggio in Australia<\/h2>\n<p>L&#8217;Australia \u00e8 una destinazione di viaggio che offre una variet\u00e0 infinita di alloggio. In citt\u00e0 consiglio hotels oppure gli ostelli, che sono molto migliori dei nostri e offrono camere private con bagno, con utilizzo della cucina in comune. I prezzi variano da 30-40 dollari per un letto in camerata fino a 90-120 per la camera privata.<\/p>\n<p>Per le destinazioni remote e nell&#8217;Outback Australiano l&#8217;alloggio \u00e8 pi\u00f9 caro, e varia da resorts, motels che sono spesso pub e ristoranti che offrono anche la possibilit\u00e0 di pernottare, oppure in molti resorts potete prendere in affitto una cabin standard, tipo bungalow.\u00a0Se viaggiate per oltre 2 settimane nel deserto australiano <span style=\"text-decoration: underline;\"><a href=\"https:\/\/www.rockytravel.net\/it\/noleggio-camper-in-australia\/\"><strong>vi consiglio il viaggio in camper<\/strong><\/a><\/span>.<\/p>\n<h2>Migliori Siti Viaggio per l&#8217;Australia<strong><br \/>\n<\/strong><\/h2>\n<p>Se state programmando una vacanza in Australia, questa <span style=\"text-decoration: underline;\"><a href=\"https:\/\/www.rockytravel.net\/it\/siti-viaggi-economici\/\"><strong>lista di siti viaggi e risorse<\/strong><\/a> <\/span>vi sar\u00e0 utilissima per iniziare a pianificare voli, alloggio, destinazioni e tanto\u00a0 in tutte le fasi del vostro itinerario di viaggio in Australia.<\/p>\n<p>Se avete domande riguardo questi siti o su come programmare il viaggio potete contattarmi via mail compilando questo <span style=\"text-decoration: underline;\"><a href=\"https:\/\/www.rockytravel.net\/it\/contatto\/\"><strong>form di contatto<\/strong><\/a><\/span>.<\/p>\n<p style=\"text-align: center;\"><div class=\"tb_layout_part_wrap tf_w\">\n<!--themify_builder_content-->\n    <div  class=\"themify_builder_content themify_builder_content-18851 themify_builder not_editable_builder\" data-postid=\"18851\">\n                        <div  data-lazy=\"1\" class=\"module_row themify_builder_row tb_4t4n040 tb_first tf_w\">\n                        <div class=\"row_inner col_align_top gutter-none tb_col_count_4 tf_box tf_rel\">\n                        <div  data-lazy=\"1\" class=\"module_column tb-column col4-1 tb_mlnv484 first\">\n                    <!-- module feature -->\n<div  class=\"module module-feature tb_x5qb020 with-chart layout-icon-top size-small \" data-layout-mobile=\"icon-top\" data-layout-desktop=\"icon-top\" data-lazy=\"1\">\n        <div class=\"module-feature-image tf_textc tf_rel\">\n                            <span class=\"module-feature-chart-html5 tf_box tf_rel tf_inline_b\">\n                                    <svg class=\"tf_abs tf_w tf_h\">\n                    <circle class=\"tb_feature_fill\" r=\"calc(50% - 1.00px)\" cx=\"50%\" cy=\"50%\" stroke-width=\"2\"\/>\n                    <circle class=\"tb_feature_stroke\" r=\"calc(50% - 1.00px)\" cx=\"50%\" cy=\"50%\" stroke=\"#df3e1f\" stroke-width=\"2\" data-progress=\"100\" stroke-dasharray=\"0,10000\"\/>\n                                            <circle class=\"tb_feature_bg\" r=\"calc(50% - 1px)\" cx=\"50%\" cy=\"50%\" stroke-width=\"2\" fill=\"#3969c9\" \/>\n                                        <\/svg>\n                                <span class=\"chart-html5-circle tf_w tf_h\">\n                                            <em class=\"module-feature-icon tf_rel\" style=\"color:#f7f7f7\"><svg  class=\"tf_fa tf-fas-book-open\" xmlns:xlink=\"http:\/\/www.w3.org\/1999\/xlink\" aria-hidden=\"true\"><use href=\"#tf-fas-book-open\" xlink:href=\"#tf-fas-book-open\"><\/use><\/svg><\/em>\n                                    <\/span>\n\n                \n            <\/span>\n                <\/div>\n    <div class=\"module-feature-content tf_textc\">\n                <div class=\"tb_text_wrap\">\n            <p style=\"text-align: center\"><a href=\"https:\/\/www.rockytravel.net\/australia-guide-book\/\" data-wplink-edit=\"true\">Guida Australia ebook <\/a><\/p>        <\/div>\n    <\/div>\n<\/div>\n<!-- \/module feature -->\n        <\/div>\n                    <div  data-lazy=\"1\" class=\"module_column tb-column col4-1 tb_ffmz110\">\n                    <!-- module feature -->\n<div  class=\"module module-feature tb_vq6k404 with-chart layout-icon-top size-small \" data-layout-mobile=\"icon-top\" data-layout-desktop=\"icon-top\" data-lazy=\"1\">\n        <div class=\"module-feature-image tf_textc tf_rel\">\n                            <span class=\"module-feature-chart-html5 tf_box tf_rel tf_inline_b\">\n                                    <svg class=\"tf_abs tf_w tf_h\">\n                    <circle class=\"tb_feature_fill\" r=\"calc(50% - 1.00px)\" cx=\"50%\" cy=\"50%\" stroke-width=\"2\"\/>\n                    <circle class=\"tb_feature_stroke\" r=\"calc(50% - 1.00px)\" cx=\"50%\" cy=\"50%\" stroke=\"#df3e1f\" stroke-width=\"2\" data-progress=\"100\" stroke-dasharray=\"0,10000\"\/>\n                                            <circle class=\"tb_feature_bg\" r=\"calc(50% - 1px)\" cx=\"50%\" cy=\"50%\" stroke-width=\"2\" fill=\"#3969c9\" \/>\n                                        <\/svg>\n                                <span class=\"chart-html5-circle tf_w tf_h\">\n                                            <em class=\"module-feature-icon tf_rel\" style=\"color:#f7f7f7\"><svg  class=\"tf_fa tf-fas-users\" xmlns:xlink=\"http:\/\/www.w3.org\/1999\/xlink\" aria-hidden=\"true\"><use href=\"#tf-fas-users\" xlink:href=\"#tf-fas-users\"><\/use><\/svg><\/em>\n                                    <\/span>\n\n                \n            <\/span>\n                <\/div>\n    <div class=\"module-feature-content tf_textc\">\n                <div class=\"tb_text_wrap\">\n            <p style=\"text-align: center\"><a href=\"https:\/\/www.rockytravel.net\/it\/consulenza-viaggio-australia\/\" rel=\"noopener\">Consulenza Viaggio AUS<\/a><\/p>        <\/div>\n    <\/div>\n<\/div>\n<!-- \/module feature -->\n        <\/div>\n                    <div  data-lazy=\"1\" class=\"module_column tb-column col4-1 tb_5j0b146\">\n                    <!-- module feature -->\n<div  class=\"module module-feature tb_zxcm221 with-chart layout-icon-top size-small \" data-layout-mobile=\"icon-top\" data-layout-desktop=\"icon-top\" data-lazy=\"1\">\n        <div class=\"module-feature-image tf_textc tf_rel\">\n                            <span class=\"module-feature-chart-html5 tf_box tf_rel tf_inline_b\">\n                                    <svg class=\"tf_abs tf_w tf_h\">\n                    <circle class=\"tb_feature_fill\" r=\"calc(50% - 1.00px)\" cx=\"50%\" cy=\"50%\" stroke-width=\"2\"\/>\n                    <circle class=\"tb_feature_stroke\" r=\"calc(50% - 1.00px)\" cx=\"50%\" cy=\"50%\" stroke=\"#df3e1f\" stroke-width=\"2\" data-progress=\"100\" stroke-dasharray=\"0,10000\"\/>\n                                            <circle class=\"tb_feature_bg\" r=\"calc(50% - 1px)\" cx=\"50%\" cy=\"50%\" stroke-width=\"2\" fill=\"#3969c9\" \/>\n                                        <\/svg>\n                                <span class=\"chart-html5-circle tf_w tf_h\">\n                                            <em class=\"module-feature-icon tf_rel\" style=\"color:#f7f7f7\"><svg  class=\"tf_fa tf-fas-shuttle-van\" xmlns:xlink=\"http:\/\/www.w3.org\/1999\/xlink\" aria-hidden=\"true\"><use href=\"#tf-fas-shuttle-van\" xlink:href=\"#tf-fas-shuttle-van\"><\/use><\/svg><\/em>\n                                    <\/span>\n\n                \n            <\/span>\n                <\/div>\n    <div class=\"module-feature-content tf_textc\">\n                <div class=\"tb_text_wrap\">\n            <p style=\"text-align: center\"><a href=\"https:\/\/www.rockytravel.net\/solo-travel-tours-over-50-seniors-australia\/\">Tours In Australia<\/a><\/p>        <\/div>\n    <\/div>\n<\/div>\n<!-- \/module feature -->\n        <\/div>\n                    <div  data-lazy=\"1\" class=\"module_column tb-column col4-1 tb_wqcr703 last\">\n                    <!-- module feature -->\n<div  class=\"module module-feature tb_brdv114 with-chart layout-icon-top size-small \" data-layout-mobile=\"icon-top\" data-layout-desktop=\"icon-top\" data-lazy=\"1\">\n        <div class=\"module-feature-image tf_textc tf_rel\">\n                            <span class=\"module-feature-chart-html5 tf_box tf_rel tf_inline_b\">\n                                    <svg class=\"tf_abs tf_w tf_h\">\n                    <circle class=\"tb_feature_fill\" r=\"calc(50% - 1.00px)\" cx=\"50%\" cy=\"50%\" stroke-width=\"2\"\/>\n                    <circle class=\"tb_feature_stroke\" r=\"calc(50% - 1.00px)\" cx=\"50%\" cy=\"50%\" stroke=\"#df3e1f\" stroke-width=\"2\" data-progress=\"100\" stroke-dasharray=\"0,10000\"\/>\n                                            <circle class=\"tb_feature_bg\" r=\"calc(50% - 1px)\" cx=\"50%\" cy=\"50%\" stroke-width=\"2\" fill=\"#3969c9\" \/>\n                                        <\/svg>\n                                <span class=\"chart-html5-circle tf_w tf_h\">\n                                            <em class=\"module-feature-icon tf_rel\" style=\"color:#f7f7f7\"><svg  class=\"tf_fa tf-fas-car\" xmlns:xlink=\"http:\/\/www.w3.org\/1999\/xlink\" aria-hidden=\"true\"><use href=\"#tf-fas-car\" xlink:href=\"#tf-fas-car\"><\/use><\/svg><\/em>\n                                    <\/span>\n\n                \n            <\/span>\n                <\/div>\n    <div class=\"module-feature-content tf_textc\">\n                <div class=\"tb_text_wrap\">\n            <p style=\"text-align: center\"><a href=\"https:\/\/www.rockytravel.net\/it\/autonoleggio-australia\/\" rel=\"noopener\">Noleggio Auto Australia<\/a><\/p>        <\/div>\n    <\/div>\n<\/div>\n<!-- \/module feature -->\n        <\/div>\n                        <\/div>\n        <\/div>\n            <\/div>\n<!--\/themify_builder_content-->\n<\/div>\n<\/p>\n<p>&nbsp;<\/p>\n","protected":false},"excerpt":{"rendered":"<p>Migliori Consigli Per Viaggiare In Australia Se vi state chiedendo come viaggiare in Australia e cosa fare per organizzare una vacanza in Australia, siete sul sito giusto. Qui su Rocky Travel trovate oltre 200 pagine su destinazioni in Australia e su come meglio organizzare un viaggio in Australia da soli. Ho trascorso oltre 15 anni [&hellip;]<\/p>\n","protected":false},"author":1,"featured_media":0,"parent":0,"menu_order":1,"comment_status":"closed","ping_status":"open","template":"","meta":{"_seopress_robots_primary_cat":"","_seopress_titles_title":"Consigli Per Programmare Una Vacanza Viaggio in Australia","_seopress_titles_desc":"Vuoi viaggiare in Australia? Segui questi consigli su itinerari, posti e costi per programmare in modo efficiente una vacanza viaggio in Australia.","_seopress_robots_index":"","footnotes":""},"class_list":["post-2272","page","type-page","status-publish","hentry","has-post-title","has-post-date","has-post-category","has-post-tag","has-post-comment","has-post-author",""],"_links":{"self":[{"href":"https:\/\/www.rockytravel.net\/it\/wp-json\/wp\/v2\/pages\/2272","targetHints":{"allow":["GET"]}}],"collection":[{"href":"https:\/\/www.rockytravel.net\/it\/wp-json\/wp\/v2\/pages"}],"about":[{"href":"https:\/\/www.rockytravel.net\/it\/wp-json\/wp\/v2\/types\/page"}],"author":[{"embeddable":true,"href":"https:\/\/www.rockytravel.net\/it\/wp-json\/wp\/v2\/users\/1"}],"replies":[{"embeddable":true,"href":"https:\/\/www.rockytravel.net\/it\/wp-json\/wp\/v2\/comments?post=2272"}],"version-history":[{"count":10,"href":"https:\/\/www.rockytravel.net\/it\/wp-json\/wp\/v2\/pages\/2272\/revisions"}],"predecessor-version":[{"id":2039634,"href":"https:\/\/www.rockytravel.net\/it\/wp-json\/wp\/v2\/pages\/2272\/revisions\/2039634"}],"wp:attachment":[{"href":"https:\/\/www.rockytravel.net\/it\/wp-json\/wp\/v2\/media?parent=2272"}],"curies":[{"name":"wp","href":"https:\/\/api.w.org\/{rel}","templated":true}]}}