{"id":2013,"date":"2020-01-09T13:48:05","date_gmt":"2020-01-09T12:48:05","guid":{"rendered":"https:\/\/www.rockytravel.net\/?page_id=2013"},"modified":"2021-02-22T08:04:22","modified_gmt":"2021-02-22T07:04:22","slug":"autonoleggio-australia","status":"publish","type":"page","link":"https:\/\/www.rockytravel.net\/it\/autonoleggio-australia\/","title":{"rendered":"Noleggio Auto in Australia: Consigli per le Migliori Offerte"},"content":{"rendered":"<p style=\"text-align: left;\">State programmando un <a href=\"https:\/\/www.rockytravel.net\/it\/viaggio-in-australia\/\"><strong>viaggio in Australia<\/strong><\/a> e volete noleggiare un auto per una o pi\u00f9 tratte dell&#8217;itinerario? Ecco qui di seguito una guida con tutti i consigli su cosa c&#8217;e da sapere sul noleggio auto Australia e come trovare le migliori offerte autonoleggio online.<\/p>\n<figure id=\"attachment_16963\" aria-describedby=\"caption-attachment-16963\" style=\"width: 560px\" class=\"wp-caption aligncenter\"><img loading=\"lazy\" decoding=\"async\" class=\"wp-image-16963 size-full\" src=\"https:\/\/www.rockytravel.net\/wp-content\/uploads\/2013\/01\/Auto-Noleggio-in-Australia.jpg\" alt=\"Auto Noleggio in Australia\" width=\"560\" height=\"315\" srcset=\"https:\/\/www.rockytravel.net\/wp-content\/uploads\/2013\/01\/Auto-Noleggio-in-Australia.jpg 560w, https:\/\/www.rockytravel.net\/wp-content\/uploads\/2013\/01\/Auto-Noleggio-in-Australia-300x169.jpg 300w, https:\/\/www.rockytravel.net\/wp-content\/uploads\/2013\/01\/Auto-Noleggio-in-Australia-352x198.jpg 352w\" sizes=\"auto, (max-width: 560px) 100vw, 560px\" \/><figcaption id=\"caption-attachment-16963\" class=\"wp-caption-text\">Tutto ci\u00f2 che si deve sapere sul noleggio Auto Australia<\/figcaption><\/figure>\n<h2>9 Consigli per risparmiare con il Noleggio Auto Australia<\/h2>\n<p>Seguite questi semplici passi e consigli per risparmiare e trovare ottime offerte.<\/p>\n<ol>\n<li style=\"text-align: left;\"><strong>Noleggiare l&#8217;auto da un sito online di comparazione<\/strong> auto noleggio, per maggiore flessibilit\u00e0 e prezzi competitivi.<\/li>\n<li style=\"text-align: left;\"><strong>Preferire un sito online di comparazione Australiano, <\/strong>per una pi\u00f9 vasta offerta di veicoli e compagnie locali.<\/li>\n<li style=\"text-align: left;\"><strong>Prenotare l&#8217;auto a noleggio con ritiro e consegna auto dalla stessa citt\u00e0,<\/strong> per risparmiare tasse aggiuntive applicate su tratte con location diverse, di pick up e drop off.<\/li>\n<li style=\"text-align: left;\"><strong>Effettuare la prenotazioni delle auto prima di partire<\/strong> per l&#8217;Australia, a costi pi\u00f9 bassi.<\/li>\n<li style=\"text-align: left;\"><strong>Verificare che tutte le prenotazioni siano modificabili<\/strong> online e sempre senza costi aggiuntivi.<\/li>\n<li style=\"text-align: left;\"><strong>Prenotare l&#8217;auto senza dare dettagli di carta di credito<\/strong>, senza pagamento di un deposito.<\/li>\n<li><strong>Portare con s\u00e9 la patente di guida Internazionale e Italiana<\/strong>. La patente internazionale va richiesta in Italia prima della partenza.<\/li>\n<li><strong>Non Guidare in Australia di sera<\/strong>, di notte e all&#8217;alba, per evitare incidenti.<\/li>\n<li><strong>Acquistare un&#8217;assicurazione viaggio<\/strong> che copra anche incidenti auto noleggio e responsabilit\u00e0 civile.<\/li>\n<\/ol>\n<p>In internet ci sono diversi siti autonoleggio di comparazione, e in tanti anni ne ho provati alcuni. Dal 2011 uso sempre lo stesso sito, perch\u00e9, a mio avviso, \u00e8 il migliore fra tutti i siti di ricerca e comparazione che conosco per prenotare tutte i miei spostamenti in auto in Australia.<\/p>\n<p>Di seguito ve lo presento in modo dettagliato.<\/p>\n<h2 style=\"text-align: left;\">Come trovare le migliori offerte Noleggio Auto in Australia<\/h2>\n<p><strong>DriveNow<\/strong> \u00e8 il pi\u00f9 grande sito di comparazione Australiano per il noleggio auto e van in Australia e Nuova Zelanda. Pu\u00f2 garantire sempre le tariffe di auto noleggio pi\u00f9 basse e aggiornate in tempo reale fra una vasta scelta di fornitori e veicoli.<\/p>\n<p><strong>Potete confrontare tariffe e veicoli da oltre 10 compagnie<\/strong>, fra queste: <span class=\"blue_bold\">Hertz, Avis, Europcar, Kiddy, Thrifty, Budget e Redspot<\/span> e ottenere i prezzi pi\u00f9 bassi disponibili al momento della ricerca.<\/p>\n<p>&nbsp;<\/p>\n<p style=\"text-align: center;\"><div class=\"su-button-center\"><a href=\"https:\/\/rockytravel.drivenow.com.au\/\" class=\"su-button su-button-style-default\" style=\"color:#FFFFFF;background-color:#388be8;border-color:#2d70ba;border-radius:11px\" target=\"__blank\" rel=\"nofollow noopener noreferrer\" title=\"Noleggio Auto in Australia\"><span style=\"color:#FFFFFF;padding:9px 28px;font-size:21px;line-height:32px;border-color:#74aeef;border-radius:11px;text-shadow:none\"><i class=\"sui sui-hand-o-right\" style=\"font-size:21px;color:#FFFFFF\"><\/i> Confronta e Prenota Auto a Noleggio in Australia<\/span><\/a><\/div><\/p>\n<p>&nbsp;<\/p>\n<h3>Come usare DriveNow per Prenotare Auto Noleggio in Australia<\/h3>\n<p>Partite dalla casella di ricerca che trovate sulla home page di <strong>DriveNow<\/strong>. Inserite le date e il luogo di ritiro &#8220;pick-up&#8221; (ritiro auto) e &#8220;drop-off&#8221; (consegna auto) e in pochi secondi ottenete una pagina di risultati. Il motore pu\u00f2 fornire preventivi <strong>da <span class=\"blue_bold\">oltre 1250 diverse citt\u00e0 e paesi in Australia<\/span><\/strong>, anche nelle zone remote dell&#8217;Outback Australiano.<\/p>\n<p>La pagina \u00e8 in Inglese, ma di facile comprensione. Cliccate sull&#8217;immagine o qui per maggiori info.<span class=\"blue_bold\"><br \/>\n<\/span><\/p>\n<p><span class=\"blue_bold\"><img loading=\"lazy\" decoding=\"async\" class=\"aligncenter wp-image-15926\" title=\"Drive Now Comparazione e Noleggio Auto Australia\" src=\"https:\/\/www.rockytravel.net\/wp-content\/uploads\/2013\/01\/Drive-Now-Car-Rental-Australia.png\" alt=\"drive-now-auto-noleggio-australia\" width=\"692\" height=\"347\" srcset=\"https:\/\/www.rockytravel.net\/wp-content\/uploads\/2013\/01\/Drive-Now-Car-Rental-Australia.png 640w, https:\/\/www.rockytravel.net\/wp-content\/uploads\/2013\/01\/Drive-Now-Car-Rental-Australia-300x150.png 300w\" sizes=\"auto, (max-width: 692px) 100vw, 692px\" \/><\/span><\/p>\n<h3>I benefici di DriveNow per Prenotare Noleggio Auto e Camper in Australia<\/h3>\n<p><span class=\"blue_bold\">Come accennato, uno dei maggiori vantaggi \u00e8 che potete confrontare, prenotare e modificare le vostre prenotazioni di auto noleggio senza dettagli personali come carta di credito, e senza pagare un deposito. <\/span><\/p>\n<p><span class=\"blue_bold\">Normalmente il deposito alla prenotazione non \u00e8 mai richiesto, quindi al 95% si paga l&#8217;auto al giorno del ritiro. Tuttavia potrebbero esserci delle compagnie locali che richiedono un piccolo deposito al momento della prenotazione online. Questo viene evidenziato nella fase di consultazione dell&#8217;offerta e potete confrontare, fra le varie offerte, anche questo dettaglio.<br \/>\n<\/span><\/p>\n<p><strong>Consiglio:<\/strong> Vi consiglio di preferire un autonoleggio senza deposito, ossia che non richiede nessun pagamento di una caparra in anticipo (normalmente il 5-10% della somma totale).<\/p>\n<p>In questo modo sarete pi\u00f9 flessibili nelle vostre prenotazioni, vi permetter\u00e0 di modificare e cancellare qualsiasi prenotazione prima della data fissata. \u00c8 comunque sempre possibile stornare una prenotazione auto, e ottenere un rimborso del deposito pagato in anticipo, nel momento in cui si effettua una nuova prenotazione.<\/p>\n<p><strong>Cosa verificare prima di fare una prenotazione auto online?<\/strong><\/p>\n<p>Prima di procedere con la prenotazione dell&#8217;auto, dovete visionare tutti i dettagli del fornitore assieme alla somma base di assicurazione, responsabilit\u00e0 e condizioni di noleggio, e tutte le informazioni necessarie per completare la prenotazione. Quando avete visionato tutti questi dettagli, allora potete cliccare su prenota.<\/p>\n<p>Una volta completata la prenotazione <strong>riceverete una conferma per mail con un riassunto di tutti i dettagli<\/strong> direttamente da DriveNow. Questa mail contiene i dettagli per il ritiro dell&#8217;auto assieme all&#8217;indirizzo, email e numero di telefono della compagnia di noleggio.<\/p>\n<p><strong>La prenotazione si pu\u00f2 modificare<\/strong> <strong>pi\u00f9 volte<\/strong>, in base alle proprie esigenze, anche fino a poche ore prima del ritiro, senza dover pagare nulla per il cambio o la modifica delle date. Le tariffe autonoleggio tuttavia possono cambiare in base all&#8217;offerta disponibile nel momento in cui si effettua la richiesta di una modifica o di un cambio del veicolo.<\/p>\n<p><strong>Si pu\u00f2 stornare la prenotazione dell&#8217;auto a noleggio?<\/strong><\/p>\n<p>Certamente, \u00e8 possibile annullare la prenotazione dell&#8217;auto senza addebito di penale e di deposito, in qualsiasi momento, purch\u00e8 prima del giorno di ritiro. Se desiderate, potete, primo o dopo la vostra prenotazione, anche\u00a0 <span class=\"blue_bold\">contattare il servizio clienti del fornitore,<\/span> via email per chiarire qualsiasi domanda o dubbio abbiate in merito.<\/p>\n<h2>Quanto Costa noleggiare un Auto in Australia?<\/h2>\n<p>I prezzi di noleggio auto in Australia sono generalmente bassi rispetto all&#8217;Europa e in Italia. Normalmente per una macchina di media cilindrata i prezzi variano da 40-50 dollari al giorno.<\/p>\n<p>Si\u00a0 possono per\u00f2 trovare anche offerte di 25-30 dollari al giorno, se si prenota con largo anticipo. Io spesso prenoto auto in Australia con prezzi medi giornaliero di 30 Dollari su di minimo di una ettimana. Un fattore molto importante per ottenere questi prezzi \u00e8 utilizzare la stessa citt\u00e0 per il ritiro e la consegna dell&#8217;auto.<\/p>\n<p>Ossia, se organizzate un viaggio in auto da Sydney con ritorno su Sydney, \u00e8 molto probabile trovare un&#8217;offerta con prezzi bassi, se invece consegnate l&#8217;auto a Melbourne, c&#8217;\u00e8 un prezzo aggiuntivo per il drop-off in citt\u00e0 diversa dalla citt\u00e0 di origine.<\/p>\n<p>Il supplemento varia, ma nella media \u00e8 di 150-300 dollari.\u00a0 Per risparmiare vi consiglio di viaggiare in auto con percorsi in loop, utilizzando la stessa citt\u00e0 per il ritiro e la consegna dell&#8217;auto noleggiata.<\/p>\n<h3>Che documenti servono per guidare in Australia con un auto a noleggio?<\/h3>\n<p>Innanzitutto in Australia si guida a sinistra. Ma questo non \u00e8 assolutamente un problema. Vi consiglio di noleggiare una macchina con guida automatica e non manuale, per poter concentrare la vostra attenzione sulla guida, anzich\u00e8 sul cambio delle marce (che si trova sul loto opposto delle auto con guida a destra).<\/p>\n<p><strong>Ecco tutti i documenti per noleggiare un auto in Australia<\/strong>:<\/p>\n<ol>\n<li><strong>Patente Internazionale di Guida<\/strong> (rilasciata dalla motorizzazione civile che ha emesso la vostra patente italiana). Il costo \u00e8 di ca. 40 Euro, varia a seconda della Motorizzazione Civile locale. Durata 12 mesi dall&#8217;emissione.<\/li>\n<li><strong>Patente di Guida Italiana<\/strong>; va presentata assieme a quella internazionale. Mi raccomando di non dimenticarla a casa, perch\u00e9 al 95% dei casi vi rifiutano il noleggio se non la esibite.<\/li>\n<li><strong>Un&#8217;assicurazione di viaggio. <\/strong>I prezzi che ricevete nei risultati di ricerca includono tutte le tasse e anche una assicurazione di base per il noleggio e l&#8217;utilizzo del veicolo. E&#8217; sempre bene stipulare un&#8217;assicurazione viaggi extra per la copertura di incidenti e soprattutto per la responsabilit\u00e0 civile.<\/li>\n<li><strong>Un&#8217;assicurazione (facoltativa) auto che copra l&#8217;excess<\/strong> (ossia l&#8217;assicurazione di base inclusa nel prezzo dell&#8217;auto). Questa assicurazione supplementare sull&#8217;auto vi viene offerta, di regola, dalla compagnia al momento del ritiro auto. Sta a voi fare la scelta. Queste assicurazioni sono piuttosto care e coprono solo una parte dei costi in caso di incidenti.<\/li>\n<\/ol>\n<p><strong>Consigli Top<\/strong>: Guidare in Australia con Prudenza e non guidare mai notte o\u00a0 di sera, o con scarsa visibilit\u00e0, per evitare incidenti con gli animali selvatici che attraversano la strada. Vi posso garantire che succede spesso nelle zone extaurbane e remote.<\/p>\n<p><strong>Per Viaggiare sicuri in Australia<\/strong> vi consiglio l&#8217;<strong>assicurazione WorldNomads<\/strong> se avete meno di 66 anni oppure di InsuremyTrip se siete oltre i 66 anni.<\/p>\n<h3>Cosa fare se volete noleggiare un Camper in Australia<\/h3>\n<div style=\"text-align: left;\">\n<p>Se pensate di rimanere un periodo pi\u00f9 lungo che va dalle 3-6 settimane e preferite viaggiare in camper anzich\u00e8 con l&#8217;auto, dallo stesso sito potrete fare una comparazione e prenotazione<span class=\"blue_bold\"> per il noleggio di van e camper<\/span> sia in Australia che in Nuova Zelanda.<\/p>\n<p>Se liccate per consultare questa pagina dove trovate tutt le <a title=\"Noleggio Camper in Australia\" href=\"https:\/\/www.rockytravel.net\/it\/noleggio-camper-in-australia\/\"><span class=\"blue_bold\"><strong>info sul Noleggio Camper in Australia<\/strong><\/span><\/a>.<\/p>\n<p>Recentemente hanno introdotto la stessa piattaforma anche per confrontare tariffe di autonoleggio nelle citt\u00e0 principali e aeroporti di Europa, UK, US, Canada. Per maggiori info consultate il sito.<\/p>\n<\/div>\n<p style=\"text-align: center;\"><div class=\"su-button-center\"><a href=\"https:\/\/rockytravel.drivenow.com.au\/\" class=\"su-button su-button-style-default\" style=\"color:#FFFFFF;background-color:#388be8;border-color:#2d70ba;border-radius:11px\" target=\"__blank\" rel=\"nofollow noopener noreferrer\" title=\"Noleggio Auto in Australia\"><span style=\"color:#FFFFFF;padding:9px 28px;font-size:21px;line-height:32px;border-color:#74aeef;border-radius:11px;text-shadow:none\"><i class=\"sui sui-hand-o-right\" style=\"font-size:21px;color:#FFFFFF\"><\/i> Confronta Le Migliori Offerte di Auto Noleggio per il Viaggio in Australia<\/span><\/a><\/div><\/p>\n<p>&nbsp;<\/p>\n<h3>Risorse e siti per programmare il viaggio in Australia<\/h3>\n<p>Qui di seguito una lista di pagini utili per programmare il viaggio in Australia:<\/p>\n<p><a href=\"https:\/\/www.rockytravel.net\/it\/australia-destinazioni-viaggio\/\"><strong>Cosa Vedere in Australia<\/strong><\/a><\/p>\n<p><a href=\"https:\/\/www.rockytravel.net\/it\/itinerari-viaggio-australia\/\"><strong>Idee di Itinerario Viaggio Australia<\/strong><\/a><\/p>\n<p><a href=\"https:\/\/www.rockytravel.net\/it\/voli-australia\/\"><strong>Voli Economici per l&#8217;Australia<\/strong><\/a><\/p>\n<p><a title=\"Trova Alloggio in Australia\" href=\"https:\/\/www.rockytravel.net\/it\/trova-alloggio-in-australia\/\"><strong>Offerte Alloggio in Australia<\/strong><\/a><\/p>\n<p><a title=\"Trova Voli Interni Australia\" href=\"https:\/\/www.rockytravel.net\/it\/trova-voli-interni-australia\/\"><strong>Voli Interni Australia<\/strong><\/a><\/p>\n<p><a href=\"https:\/\/www.rockytravel.net\/it\/assicurazione-viaggio-australia\/\"><strong>Acquista Assicurazione Viaggi<\/strong><\/a><\/p>\n<p><a href=\"https:\/\/www.rockytravel.net\/it\/siti-viaggi-economici\/\"><strong>Guida Siti Viaggi Economici<\/strong><\/a><\/p>\n<p><a href=\"https:\/\/www.rockytravel.net\/australia-guide-book\/\"><strong>Your Australia Itinerary Guide Book<\/strong><\/a><\/p>\n<p><a title=\"HomePage\" href=\"https:\/\/www.rockytravel.net\/it\/\"><strong>Homepage<\/strong><\/a><\/p>\n<p>&nbsp;<\/p>\n<!--themify_builder_content-->\n<div id=\"themify_builder_content-2013\" data-postid=\"2013\" class=\"themify_builder_content themify_builder_content-2013 themify_builder tf_clear\">\n    <\/div>\n<!--\/themify_builder_content-->\n","protected":false},"excerpt":{"rendered":"<p>State programmando un viaggio in Australia e volete noleggiare un auto per una o pi\u00f9 tratte dell&#8217;itinerario? Ecco qui di seguito una guida con tutti i consigli su cosa c&#8217;e da sapere sul noleggio auto Australia e come trovare le migliori offerte autonoleggio online. 9 Consigli per risparmiare con il Noleggio Auto Australia Seguite questi [&hellip;]<\/p>\n","protected":false},"author":1,"featured_media":0,"parent":0,"menu_order":0,"comment_status":"open","ping_status":"open","template":"","meta":{"_seopress_robots_primary_cat":"","_seopress_titles_title":"Noleggio Auto Australia: Consigli Per Esplorare l&#039;Australia in Auto","_seopress_titles_desc":"Vuoi scoprire l&#039;Australia in macchina? Qui trovi pratici consigli sui migliori siti con ottime offerte online e info sul noleggio auto Australia.","_seopress_robots_index":"","footnotes":""},"class_list":["post-2013","page","type-page","status-publish","hentry","has-post-title","has-post-date","has-post-category","has-post-tag","has-post-comment","has-post-author",""],"_links":{"self":[{"href":"https:\/\/www.rockytravel.net\/it\/wp-json\/wp\/v2\/pages\/2013","targetHints":{"allow":["GET"]}}],"collection":[{"href":"https:\/\/www.rockytravel.net\/it\/wp-json\/wp\/v2\/pages"}],"about":[{"href":"https:\/\/www.rockytravel.net\/it\/wp-json\/wp\/v2\/types\/page"}],"author":[{"embeddable":true,"href":"https:\/\/www.rockytravel.net\/it\/wp-json\/wp\/v2\/users\/1"}],"replies":[{"embeddable":true,"href":"https:\/\/www.rockytravel.net\/it\/wp-json\/wp\/v2\/comments?post=2013"}],"version-history":[{"count":11,"href":"https:\/\/www.rockytravel.net\/it\/wp-json\/wp\/v2\/pages\/2013\/revisions"}],"predecessor-version":[{"id":1034363,"href":"https:\/\/www.rockytravel.net\/it\/wp-json\/wp\/v2\/pages\/2013\/revisions\/1034363"}],"wp:attachment":[{"href":"https:\/\/www.rockytravel.net\/it\/wp-json\/wp\/v2\/media?parent=2013"}],"curies":[{"name":"wp","href":"https:\/\/api.w.org\/{rel}","templated":true}]}}