{"id":2005,"date":"2019-12-31T13:37:50","date_gmt":"2019-12-31T12:37:50","guid":{"rendered":"https:\/\/www.rockytravel.net\/?page_id=2005"},"modified":"2021-01-07T10:56:36","modified_gmt":"2021-01-07T09:56:36","slug":"trova-voli-interni-australia","status":"publish","type":"page","link":"https:\/\/www.rockytravel.net\/it\/trova-voli-interni-australia\/","title":{"rendered":"Trova Voli Interni Australia"},"content":{"rendered":"<h2 style=\"text-align: left;\">Cosa sapere per prenotare Voli Interni Australia<\/h2>\n<p>La prenotazione di voli interni Australia \u00e8 una tappa obbligatoria per qualsiasi viaggio sia breve che di lunga durata. Almeno 2 voli interni fanno parte di qualsiasi viaggio in Australia. Per trovare <strong>buone offerte di voli interni in<\/strong> <strong>Australia<\/strong> si deve innanzittutto sapere che in Australia non esistono\u00a0 &#8220;voli last minute&#8221; come in Italia e in Europa.<\/p>\n<p><a href=\"https:\/\/www.rockytravel.net\/it\/viaggio-in-australia\/\"><strong>Per viaggiare in Australia<\/strong><\/a>, a causa delle vaste distanze del continente e della contenuta domanda non \u00e8 possibile gestire i voli invenduti con grandi offerte dell&#8217;ultimo minuto.<\/p>\n<p><strong>In Australia pi\u00f9 si attende per prenotare voli interni e pi\u00f9 si spende!<\/strong><\/p>\n<p>Ma con i nostri consigli vi aiutiamo a fare una ricerca mirata e a trovare voli interni Australia, senza spendere una fortuna :<\/p>\n<ul>\n<li><strong>Attivate la ricerca voli interni<\/strong> 3-4 mesi prima della data per trovar offerte a prezzi scontati.<\/li>\n<li><strong>Prenotate voli interni con minimo 2 mesi<\/strong> di anticipo rispetto alla data desiderata.<\/li>\n<li><strong>Prenotate da 4 a 8 mesi prima se in alta stagione<\/strong>: Natale, Pasqua, feste nazionali Australiane, vacanze scolastiche, etc.<\/li>\n<li><strong>E&#8217; bene prenotare tutti i voli interni <\/strong>prima di partire per l&#8217;Australia se si vuole risparmiare.<\/li>\n<\/ul>\n<p>Se avete dei dubbi su quando \u00e8 meglio per voi pianificare un volo in Australia, potete leggere questo articolo su <a href=\"https:\/\/www.rockytravel.net\/blog\/best-time-to-visit-australia\/\">quando \u00e8 meglio viaggiare in Australia<\/a> (testo in inglese).<\/p>\n<h3><a href=\"https:\/\/www.rockytravel.net\/wp-content\/uploads\/2013\/01\/InternalFlightsAustralia.jpg\"><img loading=\"lazy\" decoding=\"async\" class=\"aligncenter wp-image-7068 \" title=\"Voli Interni Australia \" src=\"https:\/\/www.rockytravel.net\/wp-content\/uploads\/2013\/01\/InternalFlightsAustralia-300x180.jpg\" alt=\"Voli Interni Australia\" width=\"590\" height=\"354\" srcset=\"https:\/\/www.rockytravel.net\/wp-content\/uploads\/2013\/01\/InternalFlightsAustralia-300x180.jpg 300w, https:\/\/www.rockytravel.net\/wp-content\/uploads\/2013\/01\/InternalFlightsAustralia.jpg 640w\" sizes=\"auto, (max-width: 590px) 100vw, 590px\" \/><\/a><br \/>\nCome confrontare offerte e prenotare i migliori voli interni Australia<\/h3>\n<p style=\"text-align: left;\">Quando si tratta di trovare buone <strong>offerte voli interni Australia<\/strong> ci sono alcuni siti comparazione voli che vi aiutano ad individuare voli economici per gli spostamenti all&#8217;interno del paese.<\/p>\n<p>Ci sono diversi siti di comparazione voli per l&#8217;Australia, io vi consiglio di utilizzare <a href=\"https:\/\/prf.hn\/click\/camref:1011lSzZ\/destination:https%3A%2F%2Fwww.wotif.com%2FFlights\" target=\"_blank\" rel=\"nofollow noopener noreferrer\"><strong>Wotif Flights<\/strong><\/a> che il pi\u00f9 popolare sito Australiano per la rircerca sia di voli interni e <strong>pacchetti volo + hotel<\/strong>.<\/p>\n<p>Inoltre vi raccomando di consultare le offerte di Jetstar che \u00e8 la compagnia low-cost di Qantas, forse la migliore in assoluto per il rapporto qualit\u00e0 prezzo. Ogni settimana escono le <em>FridayFrenzy<\/em>, delle offerte speciale riservate per prenotazioni fatte il venerd\u00ed.<\/p>\n<p><strong>TigerAir<\/strong> \u00e8 un&#8217;altra compagnia Low-Cost in Australia che non godeva di buona reputazione causa notevoli ritardi nelle partenze. Ultimamente hanno migliorato molto, quindi vale la pena considerarla, per\u00f2 attenzione che ci sono alti supplementi per chi viaggia con bagaglio in stiva. I prezzi voli interni invece sono molto bassi per chi viaggia con valigia carry-on. La TigerAir serve la costa est e tutta la zona orientale dell&#8217; Australia.<\/p>\n<p><strong>Nota<\/strong>: Jetstar da Marzo 2020 ha aggiunto voli interni da Melbourne a Busselton per un prezzo promozionale molto basso. Consultate la pagina di Jetstar sui motori di ricerca oppure su <a href=\"https:\/\/www.jetstar.com\/au\/en\/home\" target=\"_blank\" rel=\"nofollow noopener noreferrer\">jetstar.com.au<\/a><\/p>\n<p>Ma anche <a href=\"https:\/\/prf.hn\/click\/camref:1100l35Be\/destination:https%3A%2F\" target=\"_blank\" rel=\"nofollow noopener noreferrer\"><strong>Virgin Australia<\/strong><\/a> ha recentemente sviluppato molto la sua rete di voli all&#8217;Interno dell&#8217;Australia e regolarmente lancia le sue offerte sulla pagina di Specials oppure attraverso il <strong>Thursday Happy Hour<\/strong>. (offerte del gioved\u00ec).<\/p>\n<h3 style=\"text-align: left;\">Altre Siti per Voli Interni Australia<\/h3>\n<p>Oltre a Wotif ci sono altre siti di comparazione voli utili per trovare offerte di voli interni economici.<\/p>\n<p><strong>Ecco i siti viaggi e motori di ricerca australiani che preferisco consultare.<\/strong><\/p>\n<ol>\n<li><a href=\"https:\/\/clkuk.tradedoubler.com\/click?p(224455)a(3056650)g(23485090)\" target=\"_blank\" rel=\"nofollow noopener noreferrer\"><span style=\"text-decoration: underline;\"><strong>Skyscanner<\/strong> <\/span><\/a>\u00e8 la piattaforma che io uso di pi\u00f9, ottima per comparare e trovare offerte voli per Australia o in generale tutti i voli internazionali. Il bello \u00e8 che potete usare Skyscanner anche per monitorare voli interni in Australia. Tuttavia i risultati non sono accurati come quelli forniti dalle altre piattaforme qui sopra menzionate. Alcune delle compagnie australiane low-cost potrebbero a volte non comparire subito fra i loro risultati di ricerca.<\/li>\n<li><span style=\"text-decoration: underline;\"><strong>Kiwi.com <\/strong><\/span>\u00e8 una piattaforma meno conosciuta fra tutte. A mio avviso forse la pi\u00f9 accurata nei risultati di ricerca di voli internazionali. Vale la pena consultare kiwi soprattutto quando state cercando voli per l&#8217;Australia e per altre combinazioni di voli con pi\u00f9 tratte. Kiwi offre inoltre la garanzia di trovare i voli pi\u00f9 economici in assoluto. Da alcuni mesi sto sperimentando la piattaforma e sono estremamente contenta dei risultati.<\/li>\n<\/ol>\n<h3>Cos&#8217;altro c&#8217;\u00e8 da sapere sulle prenotazioni voli interni per l&#8217;Australia<\/h3>\n<p>Tutte le compagnie aeree aggiungono una tariffa (8-10 dollari) per pagamento con carte di credito e anche per tutto il bagaglio consegnato al check in. Normalmente sono <strong>10-20 dollari a pezzo di bagaglio<\/strong> consegnato in stiva. Con voli interni Qantas e Virgin di solito la tariffa per il bagaglio \u00e8 inclusa nella tariffa del volo.<\/p>\n<p>Inoltre per chi dispone di un conto corrente di una banca locale Australiana, \u00e8 possible effettuare il pagamento anche tramite bonifico bancario. Questo deve pervenire entro 48 dal momento della prenotazione online. In questo modo <strong>si risparmiano 8-10 dollari<\/strong> per ogni prenotazione volo.<\/p>\n<p>E&#8217; comunque sempre bene\u00a0leggere attentamente le condizioni di volo prima di procedere con la prenotazione, per evitare spiacevoli sorprese. Queste vengono aggiornate regolarmente sul sito di ciascuna compagnia aerea locale.<\/p>\n<h3>Utili Risorse e Siti Viaggio per programmare il viaggio<\/h3>\n<p>Ecco alcuni links di pagine utili per trovare voli economici per l&#8217;Australia e consultare siti di comparazione.<strong><br \/>\n<\/strong><br \/>\n<a href=\"https:\/\/www.rockytravel.net\/it\/voli-australia\/\"><strong>Trova voli economici per l&#8217;Australia<\/strong><\/a><\/p>\n<p><a href=\"https:\/\/www.rockytravel.net\/it\/australia-destinazioni-viaggio\/\"><strong>Tutti i Posti pi\u00f9 Belli da Visitare in Australia<\/strong><\/a><\/p>\n<p><a href=\"https:\/\/www.rockytravel.net\/it\/autonoleggio-australia\/\"><strong>Come Noleggiare un Auto in Australia<\/strong><\/a><\/p>\n<p><a href=\"https:\/\/www.rockytravel.net\/it\/noleggio-camper-in-australia\/\"><strong>Come Noleggiare un Camper in Australia<\/strong><\/a><\/p>\n<p><a href=\"https:\/\/www.rockytravel.net\/australia-guide-book\/\"><strong>Australia Guida Viaggio Fai Da Te<\/strong><\/a><\/p>\n<p><a href=\"https:\/\/www.rockytravel.net\/it\/siti-viaggi-economici\/\"><strong>I migliori Siti per Viaggi Economici<\/strong><\/a><\/p>\n<p><em>Aggiornato al 31 dicembre 2019<\/em><\/p>\n<p style=\"text-align: center;\"> <script async src=\"\/\/pagead2.googlesyndication.com\/pagead\/js\/adsbygoogle.js\"><\/script>\r\n<ins class=\"adsbygoogle\"\r\n     style=\"display:block; text-align:center;\"\r\n     data-ad-layout=\"in-article\"\r\n     data-ad-format=\"fluid\"\r\n     data-ad-client=\"ca-pub-7469118884147436\"\r\n     data-ad-slot=\"5929356012\"><\/ins>\r\n<script>\r\n     (adsbygoogle = window.adsbygoogle || []).push({});\r\n<\/script><\/p>\n<!--themify_builder_content-->\n<div id=\"themify_builder_content-2005\" data-postid=\"2005\" class=\"themify_builder_content themify_builder_content-2005 themify_builder tf_clear\">\n    <\/div>\n<!--\/themify_builder_content-->\n","protected":false},"excerpt":{"rendered":"<p>Cosa sapere per prenotare Voli Interni Australia La prenotazione di voli interni Australia \u00e8 una tappa obbligatoria per qualsiasi viaggio sia breve che di lunga durata. Almeno 2 voli interni fanno parte di qualsiasi viaggio in Australia. Per trovare buone offerte di voli interni in Australia si deve innanzittutto sapere che in Australia non esistono\u00a0 [&hellip;]<\/p>\n","protected":false},"author":1,"featured_media":0,"parent":0,"menu_order":0,"comment_status":"open","ping_status":"open","template":"","meta":{"_seopress_robots_primary_cat":"","_seopress_titles_title":"Voli Interni Australia: Consigli per Trovare Offerte di Voli Interni","_seopress_titles_desc":"Tutto quello che si deve sapere per confrontare e trovare offerte voli interni Australia. Da Qantas a Jetstar ai migliori siti di ricerca per voli low-cost.","_seopress_robots_index":"","footnotes":""},"class_list":["post-2005","page","type-page","status-publish","hentry","has-post-title","has-post-date","has-post-category","has-post-tag","has-post-comment","has-post-author",""],"_links":{"self":[{"href":"https:\/\/www.rockytravel.net\/it\/wp-json\/wp\/v2\/pages\/2005","targetHints":{"allow":["GET"]}}],"collection":[{"href":"https:\/\/www.rockytravel.net\/it\/wp-json\/wp\/v2\/pages"}],"about":[{"href":"https:\/\/www.rockytravel.net\/it\/wp-json\/wp\/v2\/types\/page"}],"author":[{"embeddable":true,"href":"https:\/\/www.rockytravel.net\/it\/wp-json\/wp\/v2\/users\/1"}],"replies":[{"embeddable":true,"href":"https:\/\/www.rockytravel.net\/it\/wp-json\/wp\/v2\/comments?post=2005"}],"version-history":[{"count":10,"href":"https:\/\/www.rockytravel.net\/it\/wp-json\/wp\/v2\/pages\/2005\/revisions"}],"predecessor-version":[{"id":1033819,"href":"https:\/\/www.rockytravel.net\/it\/wp-json\/wp\/v2\/pages\/2005\/revisions\/1033819"}],"wp:attachment":[{"href":"https:\/\/www.rockytravel.net\/it\/wp-json\/wp\/v2\/media?parent=2005"}],"curies":[{"name":"wp","href":"https:\/\/api.w.org\/{rel}","templated":true}]}}