{"id":1962,"date":"2020-01-09T12:01:54","date_gmt":"2020-01-09T11:01:54","guid":{"rendered":"https:\/\/www.rockytravel.net\/?page_id=1962"},"modified":"2021-01-07T11:20:23","modified_gmt":"2021-01-07T10:20:23","slug":"visto-australia","status":"publish","type":"page","link":"https:\/\/www.rockytravel.net\/it\/visto-australia\/","title":{"rendered":"Visto Australia &#8211; Come richiedere il Visto per Visitare l&#8217;Australia"},"content":{"rendered":"<p style=\"text-align: center;\"> <script async src=\"\/\/pagead2.googlesyndication.com\/pagead\/js\/adsbygoogle.js\"><\/script>\r\n<!-- Text Links Rocky -->\r\n<ins class=\"adsbygoogle\"\r\n     style=\"display:block\"\r\n     data-ad-client=\"ca-pub-7469118884147436\"\r\n     data-ad-slot=\"7870687842\"\r\n     data-ad-format=\"link\"><\/ins>\r\n<script>\r\n(adsbygoogle = window.adsbygoogle || []).push({});\r\n<\/script><\/p>\n<p>Questa guida vi d\u00e0 tutte le informazioni da sapere riguardo il <strong>visto turistico per l&#8217;Australia<\/strong> che vi serve <a href=\"https:\/\/www.rockytravel.net\/it\/viaggio-in-australia\/\">per viaggiare in Australia<\/a>. Per andare in Australia come turista \u00e8 semplicissimo ottenere un visto. I tempi per il disbrigo della richiesta e la durata per ottenere un visto turistico variano a seconda dal paese di provenienza. <span class=\"blue_bold\"><img loading=\"lazy\" decoding=\"async\" class=\"aligncenter\" style=\"margin-center: 10px; float: center;\" title=\"Visto turistico Australia \" src=\"https:\/\/rockytravel.net\/images\/stories\/Australia_Travel\/passportaustralia.jpg\" alt=\"passporto e visto per visitare australia\" width=\"374\" height=\"249\" \/><\/span><\/p>\n<p>&nbsp;<\/p>\n<p>Molti dei visti per l&#8217;Australia permetteno l&#8217;ingresso anche pi\u00f9 volte, per esempio, si pu\u00f2 restare in Australia per 3 mesi, poi proseguire per la Nuova Zelanda o in un altro stato e poi ritornare nuovamente in Australia. Questo si pu\u00f2 fare entro un periodo di max. 12 mesi: questo tipo di visto ti permette di stare in Australia per un massimo di 12 mesi ad intervalli di 3 mesi.<\/p>\n<h2>Come richiedere il visto turistico Australia<\/h2>\n<p><strong>Se siete cittadini Italiani<\/strong> o di un altro paese Europeo, \u00e8 possibile ottenere un <strong>visto <span class=\"blue_bold\">eVisitor<\/span><\/strong>, ossia un visto gratuito per l&#8217;Australia. Questo link vi indirizza direttamente al sito della immigrazione del governo Australiano per richiedere l&#8217;<a href=\"https:\/\/online.immi.gov.au\/lusc\/login\" target=\"_blank\" rel=\"noopener noreferrer\"><span style=\"text-decoration: underline;\"><strong>evisitor per l&#8217; Australia<\/strong><\/span><\/a>.<\/p>\n<p>Il visto evisitor \u00e8 un visto esclusivo per la visita turistica in Australia, riservato ai cittadini Italiani e EU, che ha la validit\u00e0 di un anno, ma permette multiple entrate in Australia, con una permanenza massima di 3 mesi alla volta.<\/p>\n<p>Per richiedere l&#8217;e-Visitor clicca per andare al sito ufficiale e fare <a href=\"https:\/\/online.immi.gov.au\/lusc\/login\" target=\"_blank\" rel=\"noopener noreferrer\"><span style=\"text-decoration: underline;\"><strong>la richiesta del visto evisitor per l&#8217;Australia<\/strong><\/span><\/a>.<\/p>\n<p style=\"text-align: center;\"> <script async src=\"\/\/pagead2.googlesyndication.com\/pagead\/js\/adsbygoogle.js\"><\/script>\r\n<ins class=\"adsbygoogle\"\r\n     style=\"display:block; text-align:center;\"\r\n     data-ad-layout=\"in-article\"\r\n     data-ad-format=\"fluid\"\r\n     data-ad-client=\"ca-pub-7469118884147436\"\r\n     data-ad-slot=\"5929356012\"><\/ins>\r\n<script>\r\n     (adsbygoogle = window.adsbygoogle || []).push({});\r\n<\/script><\/p>\n<ul>\n<li><span class=\"blue_bold\"><strong>Differenza tra visto evisitor e visto ETA Australia<br \/>\n<\/strong><\/span>C&#8217;\u00e8 un&#8217;altra lista per fare la domanda e per ottenere un visto ETA.\u00a0 La richiesta per il visto ETA Australia va fatta se non si \u00e8 cittadini della comunit\u00e0 europea EU, quindi in quel caso, la richiesta va fatta direttmente qui &gt;&gt; <a href=\"https:\/\/www.eta.immi.gov.au\/ETAS3\/etas\" target=\"_blank\" rel=\"nofollow noopener noreferrer\"><span style=\"text-decoration: underline;\"><strong>Electronic Travel Authorithy<\/strong><\/span>.<\/a><\/li>\n<li><strong>Quanto Costa il Visto evisitor Australia<br \/>\n<\/strong>Per i cittadini non EU \u00e8 completamente gratuito, mentre per l&#8217;ETA c&#8217;\u00e8 un fee di 20 dollari da pagare anticipatamente attraverso una carta di credito. Comunque sappiate che i cittadini europei possono accedere anche attraverso il sito dell&#8217;ETA Australia e verranno poi automaticamente reindirizzati alla pagina con il form <span class=\"blue_bold\">richiesta evisitor Visa<\/span>.<\/li>\n<\/ul>\n<ul>\n<li><strong>Visto Turistico presso Ambasciate Australiane<br \/>\n<\/strong>Per la procedura offline per il visto turistico Australia bisogna rivolgersi ad una ambasciata Australiana nel paese di residenza, che si trova a Roma, Milano. Attivare la richiesta online \u00e8 molto veloce, in 5 minuti si fa tutto.<\/li>\n<\/ul>\n<p style=\"text-align: center;\"><span style=\"text-decoration: underline;\"><strong>NOTA: Con il visto evisitor NON si pu\u00f2 lavorare in Australia!<\/strong><\/span><\/p>\n<h3>Regole da conoscere sul visto turistico per l&#8217;Australia<\/h3>\n<p>Il visto <strong>ETA <\/strong>o <strong>evisitor <\/strong>vi permette di visitare l&#8217;Australia per 3 mesi alla volta, ma vale 12 mesi. Il visto viene rilasciato dalle autorit\u00e0 governative australiane con una validit\u00e0 di 12 mesi, ossi si pu\u00f2 entrare in Australia come turista diverse volte, basta non superare mai i 3 mesi di permanenza alla volta.<\/p>\n<p>Questo \u00e8 un aspetto molto importante. Se superate i 3 mesi ci sono delle sanzioni e penali. Anche il visto turistico rilasciato dall&#8217;Ambasciata pu\u00f2 essere rilasciato per un periodo di 3 mesi e pu\u00f2 essere prorogato per lo stesso periodo di soggiorno fino a un massimo di 12 mesi.<\/p>\n<p style=\"text-align: left;\">Come gi\u00e0 detto, rircordate che nessun visto turistico per l&#8217;Australia Vi permette di lavorare in Australia. Per maggiori info riguardo una vacanza lavoro, potete consultate la pagina con le info per lavorare in Australia con il <a href=\"https:\/\/www.rockytravel.net\/it\/vacanza-lavoro-in-australia\/\"><strong>Working holiday in Australia<\/strong><\/a> e richiedere un <strong>visto working holiday<\/strong>.<\/p>\n<h3>Utili links per viaggiare in Australia<\/h3>\n<p><a href=\"https:\/\/www.rockytravel.net\/it\/australia-destinazioni-viaggio\/\">Tutte le migliori destinazioni in Australia<\/a><\/p>\n<p><a href=\"https:\/\/www.rockytravel.net\/it\/viaggio-in-australia\/\">Come organizzare il viaggio in Australia<\/a><\/p>\n<p><a href=\"https:\/\/www.rockytravel.net\/it\/viaggiare-soli-in-australia\/\">Viaggiare da Soli in Australia<\/a><\/p>\n<p><a href=\"https:\/\/www.rockytravel.net\/it\/autonoleggio-australia\/\">Come Noleggiare un Auto in Australia<\/a><\/p>\n<p><a href=\"https:\/\/www.rockytravel.net\/it\/noleggio-camper-in-australia\/\">Come Noleggiare un Camper in Australia<\/a><\/p>\n<p><a href=\"https:\/\/www.rockytravel.net\/it\/voli-australia\/\">Come trovare voli economici per l&#8217;Australia<\/a><\/p>\n<p><a href=\"https:\/\/www.rockytravel.net\/it\/siti-viaggi-economici\/\">Vai a Siti Viaggio per l&#8217;Australia<\/a><\/p>\n<p style=\"text-align: center;\"> <script async src=\"\/\/pagead2.googlesyndication.com\/pagead\/js\/adsbygoogle.js\"><\/script>\r\n<ins class=\"adsbygoogle\"\r\n     style=\"display:block; text-align:center;\"\r\n     data-ad-layout=\"in-article\"\r\n     data-ad-format=\"fluid\"\r\n     data-ad-client=\"ca-pub-7469118884147436\"\r\n     data-ad-slot=\"5929356012\"><\/ins>\r\n<script>\r\n     (adsbygoogle = window.adsbygoogle || []).push({});\r\n<\/script><\/p>\n<p>&nbsp;<\/p>\n<p style=\"text-align: center;\"><div class=\"tb_layout_part_wrap tf_w\">\n<!--themify_builder_content-->\n    <div  class=\"themify_builder_content themify_builder_content-18851 themify_builder not_editable_builder\" data-postid=\"18851\">\n                        <div  data-lazy=\"1\" class=\"module_row themify_builder_row tb_4t4n040 tb_first tf_w\">\n                        <div class=\"row_inner col_align_top gutter-none tb_col_count_4 tf_box tf_rel\">\n                        <div  data-lazy=\"1\" class=\"module_column tb-column col4-1 tb_mlnv484 first\">\n                    <!-- module feature -->\n<div  class=\"module module-feature tb_x5qb020 with-chart layout-icon-top size-small \" data-layout-mobile=\"icon-top\" data-layout-desktop=\"icon-top\" data-lazy=\"1\">\n        <div class=\"module-feature-image tf_textc tf_rel\">\n                            <span class=\"module-feature-chart-html5 tf_box tf_rel tf_inline_b\">\n                                    <svg class=\"tf_abs tf_w tf_h\">\n                    <circle class=\"tb_feature_fill\" r=\"calc(50% - 1.00px)\" cx=\"50%\" cy=\"50%\" stroke-width=\"2\"\/>\n                    <circle class=\"tb_feature_stroke\" r=\"calc(50% - 1.00px)\" cx=\"50%\" cy=\"50%\" stroke=\"#df3e1f\" stroke-width=\"2\" data-progress=\"100\" stroke-dasharray=\"0,10000\"\/>\n                                            <circle class=\"tb_feature_bg\" r=\"calc(50% - 1px)\" cx=\"50%\" cy=\"50%\" stroke-width=\"2\" fill=\"#3969c9\" \/>\n                                        <\/svg>\n                                <span class=\"chart-html5-circle tf_w tf_h\">\n                                            <em class=\"module-feature-icon tf_rel\" style=\"color:#f7f7f7\"><svg  class=\"tf_fa tf-fas-book-open\" xmlns:xlink=\"http:\/\/www.w3.org\/1999\/xlink\" aria-hidden=\"true\"><use href=\"#tf-fas-book-open\" xlink:href=\"#tf-fas-book-open\"><\/use><\/svg><\/em>\n                                    <\/span>\n\n                \n            <\/span>\n                <\/div>\n    <div class=\"module-feature-content tf_textc\">\n                <div class=\"tb_text_wrap\">\n            <p style=\"text-align: center\"><a href=\"https:\/\/www.rockytravel.net\/australia-guide-book\/\" data-wplink-edit=\"true\">Guida Australia ebook <\/a><\/p>        <\/div>\n    <\/div>\n<\/div>\n<!-- \/module feature -->\n        <\/div>\n                    <div  data-lazy=\"1\" class=\"module_column tb-column col4-1 tb_ffmz110\">\n                    <!-- module feature -->\n<div  class=\"module module-feature tb_vq6k404 with-chart layout-icon-top size-small \" data-layout-mobile=\"icon-top\" data-layout-desktop=\"icon-top\" data-lazy=\"1\">\n        <div class=\"module-feature-image tf_textc tf_rel\">\n                            <span class=\"module-feature-chart-html5 tf_box tf_rel tf_inline_b\">\n                                    <svg class=\"tf_abs tf_w tf_h\">\n                    <circle class=\"tb_feature_fill\" r=\"calc(50% - 1.00px)\" cx=\"50%\" cy=\"50%\" stroke-width=\"2\"\/>\n                    <circle class=\"tb_feature_stroke\" r=\"calc(50% - 1.00px)\" cx=\"50%\" cy=\"50%\" stroke=\"#df3e1f\" stroke-width=\"2\" data-progress=\"100\" stroke-dasharray=\"0,10000\"\/>\n                                            <circle class=\"tb_feature_bg\" r=\"calc(50% - 1px)\" cx=\"50%\" cy=\"50%\" stroke-width=\"2\" fill=\"#3969c9\" \/>\n                                        <\/svg>\n                                <span class=\"chart-html5-circle tf_w tf_h\">\n                                            <em class=\"module-feature-icon tf_rel\" style=\"color:#f7f7f7\"><svg  class=\"tf_fa tf-fas-users\" xmlns:xlink=\"http:\/\/www.w3.org\/1999\/xlink\" aria-hidden=\"true\"><use href=\"#tf-fas-users\" xlink:href=\"#tf-fas-users\"><\/use><\/svg><\/em>\n                                    <\/span>\n\n                \n            <\/span>\n                <\/div>\n    <div class=\"module-feature-content tf_textc\">\n                <div class=\"tb_text_wrap\">\n            <p style=\"text-align: center\"><a href=\"https:\/\/www.rockytravel.net\/it\/consulenza-viaggio-australia\/\" rel=\"noopener\">Consulenza Viaggio AUS<\/a><\/p>        <\/div>\n    <\/div>\n<\/div>\n<!-- \/module feature -->\n        <\/div>\n                    <div  data-lazy=\"1\" class=\"module_column tb-column col4-1 tb_5j0b146\">\n                    <!-- module feature -->\n<div  class=\"module module-feature tb_zxcm221 with-chart layout-icon-top size-small \" data-layout-mobile=\"icon-top\" data-layout-desktop=\"icon-top\" data-lazy=\"1\">\n        <div class=\"module-feature-image tf_textc tf_rel\">\n                            <span class=\"module-feature-chart-html5 tf_box tf_rel tf_inline_b\">\n                                    <svg class=\"tf_abs tf_w tf_h\">\n                    <circle class=\"tb_feature_fill\" r=\"calc(50% - 1.00px)\" cx=\"50%\" cy=\"50%\" stroke-width=\"2\"\/>\n                    <circle class=\"tb_feature_stroke\" r=\"calc(50% - 1.00px)\" cx=\"50%\" cy=\"50%\" stroke=\"#df3e1f\" stroke-width=\"2\" data-progress=\"100\" stroke-dasharray=\"0,10000\"\/>\n                                            <circle class=\"tb_feature_bg\" r=\"calc(50% - 1px)\" cx=\"50%\" cy=\"50%\" stroke-width=\"2\" fill=\"#3969c9\" \/>\n                                        <\/svg>\n                                <span class=\"chart-html5-circle tf_w tf_h\">\n                                            <em class=\"module-feature-icon tf_rel\" style=\"color:#f7f7f7\"><svg  class=\"tf_fa tf-fas-shuttle-van\" xmlns:xlink=\"http:\/\/www.w3.org\/1999\/xlink\" aria-hidden=\"true\"><use href=\"#tf-fas-shuttle-van\" xlink:href=\"#tf-fas-shuttle-van\"><\/use><\/svg><\/em>\n                                    <\/span>\n\n                \n            <\/span>\n                <\/div>\n    <div class=\"module-feature-content tf_textc\">\n                <div class=\"tb_text_wrap\">\n            <p style=\"text-align: center\"><a href=\"https:\/\/www.rockytravel.net\/solo-travel-tours-over-50-seniors-australia\/\">Tours In Australia<\/a><\/p>        <\/div>\n    <\/div>\n<\/div>\n<!-- \/module feature -->\n        <\/div>\n                    <div  data-lazy=\"1\" class=\"module_column tb-column col4-1 tb_wqcr703 last\">\n                    <!-- module feature -->\n<div  class=\"module module-feature tb_brdv114 with-chart layout-icon-top size-small \" data-layout-mobile=\"icon-top\" data-layout-desktop=\"icon-top\" data-lazy=\"1\">\n        <div class=\"module-feature-image tf_textc tf_rel\">\n                            <span class=\"module-feature-chart-html5 tf_box tf_rel tf_inline_b\">\n                                    <svg class=\"tf_abs tf_w tf_h\">\n                    <circle class=\"tb_feature_fill\" r=\"calc(50% - 1.00px)\" cx=\"50%\" cy=\"50%\" stroke-width=\"2\"\/>\n                    <circle class=\"tb_feature_stroke\" r=\"calc(50% - 1.00px)\" cx=\"50%\" cy=\"50%\" stroke=\"#df3e1f\" stroke-width=\"2\" data-progress=\"100\" stroke-dasharray=\"0,10000\"\/>\n                                            <circle class=\"tb_feature_bg\" r=\"calc(50% - 1px)\" cx=\"50%\" cy=\"50%\" stroke-width=\"2\" fill=\"#3969c9\" \/>\n                                        <\/svg>\n                                <span class=\"chart-html5-circle tf_w tf_h\">\n                                            <em class=\"module-feature-icon tf_rel\" style=\"color:#f7f7f7\"><svg  class=\"tf_fa tf-fas-car\" xmlns:xlink=\"http:\/\/www.w3.org\/1999\/xlink\" aria-hidden=\"true\"><use href=\"#tf-fas-car\" xlink:href=\"#tf-fas-car\"><\/use><\/svg><\/em>\n                                    <\/span>\n\n                \n            <\/span>\n                <\/div>\n    <div class=\"module-feature-content tf_textc\">\n                <div class=\"tb_text_wrap\">\n            <p style=\"text-align: center\"><a href=\"https:\/\/www.rockytravel.net\/it\/autonoleggio-australia\/\" rel=\"noopener\">Noleggio Auto Australia<\/a><\/p>        <\/div>\n    <\/div>\n<\/div>\n<!-- \/module feature -->\n        <\/div>\n                        <\/div>\n        <\/div>\n            <\/div>\n<!--\/themify_builder_content-->\n<\/div>\n<\/p>\n<!--themify_builder_content-->\n<div id=\"themify_builder_content-1962\" data-postid=\"1962\" class=\"themify_builder_content themify_builder_content-1962 themify_builder tf_clear\">\n    <\/div>\n<!--\/themify_builder_content-->\n","protected":false},"excerpt":{"rendered":"<p>Questa guida vi d\u00e0 tutte le informazioni da sapere riguardo il visto turistico per l&#8217;Australia che vi serve per viaggiare in Australia. Per andare in Australia come turista \u00e8 semplicissimo ottenere un visto. I tempi per il disbrigo della richiesta e la durata per ottenere un visto turistico variano a seconda dal paese di provenienza. [&hellip;]<\/p>\n","protected":false},"author":1,"featured_media":0,"parent":0,"menu_order":0,"comment_status":"open","ping_status":"open","template":"","meta":{"_seopress_robots_primary_cat":"","_seopress_titles_title":"Visto Australia - Come fare per richiedere l&#039;evisitor online","_seopress_titles_desc":"Una guida pratica per fare la richiesta del visto Australia. Dal sito dell&#039;immigrazione australiano al link per richiedere l&#039;evisitor australia online.","_seopress_robots_index":"","footnotes":""},"class_list":["post-1962","page","type-page","status-publish","hentry","has-post-title","has-post-date","has-post-category","has-post-tag","has-post-comment","has-post-author",""],"_links":{"self":[{"href":"https:\/\/www.rockytravel.net\/it\/wp-json\/wp\/v2\/pages\/1962","targetHints":{"allow":["GET"]}}],"collection":[{"href":"https:\/\/www.rockytravel.net\/it\/wp-json\/wp\/v2\/pages"}],"about":[{"href":"https:\/\/www.rockytravel.net\/it\/wp-json\/wp\/v2\/types\/page"}],"author":[{"embeddable":true,"href":"https:\/\/www.rockytravel.net\/it\/wp-json\/wp\/v2\/users\/1"}],"replies":[{"embeddable":true,"href":"https:\/\/www.rockytravel.net\/it\/wp-json\/wp\/v2\/comments?post=1962"}],"version-history":[{"count":10,"href":"https:\/\/www.rockytravel.net\/it\/wp-json\/wp\/v2\/pages\/1962\/revisions"}],"predecessor-version":[{"id":1033834,"href":"https:\/\/www.rockytravel.net\/it\/wp-json\/wp\/v2\/pages\/1962\/revisions\/1033834"}],"wp:attachment":[{"href":"https:\/\/www.rockytravel.net\/it\/wp-json\/wp\/v2\/media?parent=1962"}],"curies":[{"name":"wp","href":"https:\/\/api.w.org\/{rel}","templated":true}]}}