{"id":1933,"date":"2020-01-09T10:56:38","date_gmt":"2020-01-09T09:56:38","guid":{"rendered":"https:\/\/www.rockytravel.net\/?page_id=1933"},"modified":"2023-03-22T12:11:43","modified_gmt":"2023-03-22T11:11:43","slug":"itinerari-viaggio-australia","status":"publish","type":"page","link":"https:\/\/www.rockytravel.net\/it\/itinerari-viaggio-australia\/","title":{"rendered":"Itinerario Per l&#8217;Australia: Consigli Per Scegliere Quello Giusto"},"content":{"rendered":"<h2>Come Scegliere gli Itinerari Australia<\/h2>\n<p>Ci sono molto cose importanti da sapere prima di passare ai passi successivi e cominciare a pianificare un <strong>itinerario per un viaggio fai da te in Australia<\/strong>.<\/p>\n<ol>\n<li><strong><strong>Perch\u00e9 volete andare in Australia?<br \/>\n<\/strong><\/strong>Prima di incominciare ad aggiungere posti e destinationi da visitare nel vostro <a href=\"https:\/\/www.rockytravel.net\/it\/viaggio-in-australia\/\"><strong>viaggio in Australia<\/strong><\/a>, dovete avere ben chiaro cosa vi motiva e cosa vi interessa di pi\u00f9 vedere dell&#8217;Australia. Questo vi aiuter\u00e0 molto a programmare con chiarezza e a velocizzare tutto il processo di pianificazione. Una volta che sapete in che tipo di viaggio volete cimentarvi, allora scegliere cosa vedere e cosa fare sar\u00e0 molto pi\u00f9 semplice.<\/li>\n<li><strong><strong>Che tempi avete per il vostro viaggio in Australia?<br \/>\n<\/strong><\/strong>Un&#8217;altra cosa molto importante su cui costruire l&#8217;itinerario \u00e8 il periodo di tempo che avrete a disposizione per questo viaggio. Una volta che lo sapete con certezza, allora potrete programmare tutto in modo pi\u00f9 efficiente. Se da una parte volete vedere pi\u00f9 cose possibili, dall&#8217;altra rischiate anche di trascorrere una fetta del vostro tempo spostandovi da A a B, piuttosto che visitando i posti scelti. Programmare bene vi aiuter\u00e0 a massimizzare i tempi, vedere con calma le cose che vi siete riproposti di fare, dentro del vostro budget di spesa. Inoltre vi permetter\u00e0 anche di ridurre i costi del viaggio al minimo.Per maggiori info su <a href=\"https:\/\/www.rockytravel.net\/blog\/australia-travel-budget\/\" target=\"_blank\" rel=\"noopener noreferrer\">come viaggiare in Australia con un budget.<\/a> (articolo in inglese).<\/li>\n<li><strong><strong>Come viaggerete in Australia? Da soli o con amici o familiari?<br \/>\n<\/strong><\/strong>Viaggiare da soli implica una maggiore attenzione al programma di viaggio. \u00c8 ovvio che vi si voglia vedere pi\u00f9 posti possibili, per conto vostro. Nel caso di viaggio in solitaria in Australia, dovete anche includere qualche avventura di gruppo, soprattutto per le cose pi\u00f9 impegnative, che richiedono non solo una maggiore esperienza ma anche mezzi di trasporto e di esplorazione dei luoghi pi\u00f9 complessi.Se viaggiate da soli eccovi la\u00a0<a href=\"https:\/\/www.rockytravel.net\/it\/viaggiare-soli-in-australia\/\"> guida Australia per viaggiatori in solitaria.<\/a><\/li>\n<\/ol>\n<p style=\"text-align: center;\"><img loading=\"lazy\" decoding=\"async\" class=\"wp-image-28113 aligncenter\" src=\"https:\/\/www.rockytravel.net\/wp-content\/uploads\/2019\/09\/Australia-Itinerary-Ideas-Where-to-go-and-what-to-do.jpg\" alt=\"Idee Itinerario Australia\" width=\"674\" height=\"448\" srcset=\"https:\/\/www.rockytravel.net\/wp-content\/uploads\/2019\/09\/Australia-Itinerary-Ideas-Where-to-go-and-what-to-do.jpg 800w, https:\/\/www.rockytravel.net\/wp-content\/uploads\/2019\/09\/Australia-Itinerary-Ideas-Where-to-go-and-what-to-do-300x199.jpg 300w, https:\/\/www.rockytravel.net\/wp-content\/uploads\/2019\/09\/Australia-Itinerary-Ideas-Where-to-go-and-what-to-do-768x510.jpg 768w\" sizes=\"auto, (max-width: 674px) 100vw, 674px\" \/><\/p>\n<h2 style=\"text-align: left;\">Consigli Per creare un Itinerario Perfetto Per l&#8217;Australia<\/h2>\n<p>Eccovi alcuni pratici consigli per creare un itinerario di <a href=\"https:\/\/www.rockytravel.net\/it\/viaggio-in-australia\/\">viaggio in Australia<\/a> efficiente e su misura:<\/p>\n<ul>\n<li><strong>I tempi per spostarsi da un posto all&#8217;altro hanno un impatto notevole<br \/>\n<\/strong>\u00c8 bene che teniate a mente i tempi necessari per spostarvi da un posto all&#8217;altro in Australia. E vi rammento che sono enormi e che \u00e8 molto facile sottovalutarli nella fase di impostazione itinerario. Modifiche dell&#8217;ultimo minuto in generale sono un tab\u00f9. Possono completamente disarticolare il vostro percorso con grandi ritardi e perdite di tempo. Senza nominare i costi, che sono esorbitanti. Non \u00e8 come viaggiare in Italia o in Europa. Si trova subito un&#8217;alternativa valida se qualcosa va storto, in Australia non funziona cos\u00ec. \u00c8 dunque sacrosanto pianificare bene, e scegliere fra i tanti bei posti dell&#8217; Australia ci\u00f2 che pi\u00f9 rispecchia i vostri interessi. Non fatevi trascinare da attrazioni turistiche che non interessano molto. Ma concentratevi sui posti dove siete sicuri e azzeccati per voi. Ricordatevi che vedere meno destinazioni significa pi\u00f9 cose e con qualit\u00e0 di viaggio maggiore.<br \/>\nQui trovate la <a href=\"https:\/\/www.rockytravel.net\/it\/spostarsi-in-australia\/\">guida su che mezzi scegliere per spostarsi in Australia<\/a>.<\/li>\n<li><strong>Qual \u00e8 il giusto mezzo di trasporto per il vostro itinerario Australia<br \/>\n<\/strong>Considerando la quantit\u00e0 di tempo trascorso per raggiungere la meta e i posti che avrete scelto, un\u00a0 vantaggio sar\u00e0 sicuramente avere l&#8217;alloggio e le principali attivit\u00e0 prenotate in anticipo. E&#8217; anche ovvio che no dovete prenotare tutto, alcune attivit\u00e0 giornaliere lasciatele per una decisione spontanea.\u00c8 comunque bene prenotare hotels o un alloggio privato.Qui troave utili info su <a href=\"https:\/\/www.rockytravel.net\/it\/trova-alloggio-in-australia\/\" target=\"_blank\" rel=\"noopener noreferrer\">tutti i tipi di alloggio disponibili in Australia<\/a>.<\/li>\n<li><strong>Scegli i posti da visitare in base al tempo migliore dell&#8217;anno<br \/>\n<\/strong>Australia \u00e8 un continente enorme, quasi il doppio dell&#8217;Europa che ricopre migliaia di kilometri attraversando diverse zone climatiche e fusi orari. Chiaramente tutti vogliamo fare il massimo dalla nostra vacanza in Australia e il modo miglore per farlo e programmare il viaggio durante il periodo migliore.Qui trovate un&#8217;ottima <a href=\"https:\/\/www.rockytravel.net\/blog\/best-time-to-visit-australia\/\">guida dei posti da visitare in Australia e in che periodo dell&#8217;anno<\/a>.<\/li>\n<\/ul>\n<h2>Qual \u00e8 il tempo per un giusto itinerario di viaggio<\/h2>\n<p>Ognuno di noi si immagina l&#8217;Australia in modo diverso e ha degli obiettivi su come fare del viaggio. Qui di seguito i miei consigli su come creare un itinerario di viaggio su misura in base ai tempi e agli interessi individuali.<\/p>\n<h3>Itinerario Australia di una settimana<\/h3>\n<p>Se avete in programma un itinerario breve di una settimana, dovrete fare una ricerca sulle destinazioni che avete in mente di visitare. Il secondo passo \u00e8 identificare il tempo da assegnare ad ogni posto. N\u00e9 troppo n\u00e9 troppo poco, il giusto tempo \u00e8 la formula vincente. Se sottovalutate le distanze di viaggio in Australia \u00e8 una trappola che vi stresser\u00e0 sia emotivamente sia con il budget di spesa. Riuscire a scoprire il giusto tempo non solo porter\u00e0 il giusto ritmo all&#8217;itinerario ma anche vi consentir\u00e0 di fare un&#8217;esperienza rilassata e appagante. Dato che una settimana \u00e8 un periodo molto breve per l&#8217;Australia, vi consiglio di evitare di sovraccaricare l&#8217;itinerario, ma di scegliere una citt\u00e0 o un posto idealmente e di vederlo bene.<\/p>\n<p>Se tentate di vedere pi\u00f9 posti, non riuscirete a gustarvi nessuno dei posti nella giusta misura. Se avete solo una settimana, idealmente partite da una citt\u00e0 principale come Sydney o Melbourne. E costruite da l\u00e0 l&#8217;itinerario per una settimana con delle gite giornaliere &#8220;day-trips&#8221; nelle zone limitrofe alla citt\u00e0. In alternativa se siete pi\u00f9 portati per camminare nella natura, potete scegliere una settimana facendo hiking nel Wilson Promontory, or nelle foreste della Gold Coast, oppure nella West Coast vicino a Perth. Se invice vi piace fare snorkeling e immersioni sub, allora potreste partire da Cairns, ben collegato da Brisbane e tutte le principale citt\u00e0 australiane, e andare con un boat trip fuori al largo nel Great Barrier Reef.<\/p>\n<h3>Itinerari di 2 settimane<\/h3>\n<p>Se avete a disposizione 10 o 15 giorni, anche in questo caso, dovrete fare delle scelte ben precise su cosa voler visitare in Australia. Potete iniziare il vostro viaggio da Melbourne, Sydney, Perth o un&#8217;altra citt\u00e0 principale dell&#8217;Australia. Da Melbourne potete aggiungere una settimana in Tasmania\u00a0 visto la vicinanza. Se volete vedere dei paessaggi davvero unici con cibo e vino locali davvero eccellenti, e anche assaporare un po&#8217; la storia d&#8217;Australia questo \u00e8 i post che fa per voi. Il miglior modo per viaggiare in Australia \u00e8 in auto soprattutto in Tasmania. Ma se scegliete altre destinazioni sulla costa Est anche con i mezzi pubblici come bus e treni sono a portata di mano per vedere le zone limitrofe a Sydney, Melbourne, Brisbane.<\/p>\n<h3>Itinerario Australia 20 giorni<\/h3>\n<p>Se avete 3 settimane di tempo per il vostro viaggio in Australia, allora il miglior modo \u00e8 suddividre il tempo in 3 parti. Se pensate di iniziare il viaggio a <a href=\"https:\/\/www.rockytravel.net\/blog\/fun-things-to-do-in-sydney-activities\/\"><strong>Sydney<\/strong><\/a> verso Alice Springs, trascorrete alcuni giorni esplorando la citt\u00e0 con le sue splendide spiagge, e scoprendo tutto ci\u00f2 che offre il suo magnifico harbour. La seconda settiman potreste trascorrerla a Sydney nei suoi sobborghi a sud con le bellissimi camminate al Royal Parks, oppure con un breve viaggio a Jervish Bay. La terza settimana la potete trascorrere al\u00a0 <a href=\"https:\/\/www.rockytravel.net\/australian-red-centre\/\"><strong>Red Centre<\/strong><\/a>, voland ad Alice Springs. Questo tipo di itinerario \u00e8 un po&#8217; pi\u00f9 dinamico e vario e vi d\u00e0 la possibilit\u00e0 di assaporare un po&#8217; la diversit\u00e0 del paesaggio australiano.<\/p>\n<h3>Cosa fare con 4 Settimane in Australia<\/h3>\n<p>Se siete fortunati di poter fare un viaggio in Australia per 4 settimane di vacanza, che posti scegliere e cosa fare e come ottimizzare queste 4 settimane?<\/p>\n<h5>Idee per itinerari Australia da 4 settimane<\/h5>\n<p>Non smetto di insistere sul fatto che 4 settimane sono il minimo per un viaggio in Australia. Questo periodo vi permetter\u00e0\u00a0 di fare un viaggio di qualit\u00e0 vedendo parecchio e anche permettendovi anche di vedere pi\u00f9 zone dell&#8217;Australia, con pi\u00f9 voli interni, coprendo distanze anche importanti. Cos\u00ec per esempio se intendete andare da Sydney a Melbourne, preferite andare in auto e distribuire questo viaggio su 3-4 giorni per vedere la costa del sud est Australia, con posti veramente spettacolari.<\/p>\n<p>Potreste poi fermarmi alcuni giorni a Melbourne per poi riprendere il vostro viaggio fino alla Great Ocean Road. Un altro posto unico da non perdere. Se siete amanti del paesaggio costale potreste spingervi fino ad Adelaide (1000 km da Melbourne) guidando lungo la costa con 2 notti. Ci sono dei posti che vanno la pena visitare. Da Adelaide avete la scelta di prendere il traghetto e visitare la solitaria Kangaroo Island oppure se preferite un&#8217;avventura nell&#8217;Outback Australiano, allora volare fino ad Alice Springs.<\/p>\n<p>Da Alice Springs potrebe essere il Great Barrier Reef, e quindi da Alice Springs volare a Cairns per continuare il vostro itinerario avventuroso per la 4 settimana.<\/p>\n<h3><img loading=\"lazy\" decoding=\"async\" class=\"aligncentre aligncenter\" src=\"https:\/\/www.rockytravel.net\/images\/stories\/itineraries\/it2.gif\" alt=\"Sydney-Red Centre-Queensland\" width=\"334\" height=\"294\" \/><\/h3>\n<h5>4 settimane itinerario per la West Coast Australia<\/h5>\n<p>Un&#8217;altra ottima idea itinerario \u00e8 dedicare le intere 4 settimane al versante occidentale nella spettacolare West Coast. Potete iniziare a Perth e visitare le zone vicino alla citt\u00e0 per alcuni giorni.\u00a0 Da l\u00ec potete noleggiare un auto o un camper e inoltrarvi verso Nord, fermandovi a vedere i famosi Pinnacles, e proseguire fino a Geraldton, per raggiungere, Shark Bar, Monkey Mia, e il Kalbarry National Park. Paesaggi di Outback con pareti rocciose rosse, e coste frastagliate con oceano blue e una vegetazione sub-tropicale. Per un&#8217;esperienza di barriera corallina meno turistica vale la pena aggiungere altri centinaia di kilometri per raggiungere Coral Bay e Exmouth (pi\u00f9 a nord). Coral Bay in particolare \u00e8 veramente un piccolo paradiso per una vacanza rilassate di qualche giorno fra spiagge bianchissem, celo blue e oceano verde blue. Qui potrete fare snorkelling e vedere una fauna marina davvero impressionate, a pochi metri dalla riva. Per un&#8217;avventura completa vi consiglio di o volare da Exmouth oppure di proseguire fino a\u00a0 <a href=\"https:\/\/www.rockytravel.net\/broome-the-pearl-of-north-western-australia\/\"><strong>Broome<\/strong><\/a> e qui siamo gi\u00e0 a 3000 km a nord da Perth. Se avrete ancora tempo una cosa che vale la pena fare \u00e8 esplorare una parte del West Kimberley, una zona spettacolare del North West Australia. La migliore cosa se non ve la sentite di guidare in una zona davvero impegnativa \u00e8 andare con un <strong>Kimberley Tour.<br \/>\n<\/strong><\/p>\n<p>Se invece di guidare pensate di usare l&#8217;aereo, ci sono buoni collegamenti fino a Broome da Perth e da l\u00ec fino a Kununurra nell&#8217;Est dei Kimberly. Da l\u00e0 potete noleggiare un auto e visitare la zona limitrofe oppure scegliere uno o pi\u00f9 tour giornalieri. Kununurra dista ca. 800 km a sud di Darwin, citt\u00e1 che vi consiglio di aggiungere al vostro itinerario se pensate di voler anche visitare il Kakadu National Park. z<\/p>\n<h3><img loading=\"lazy\" decoding=\"async\" class=\"aligncentre aligncenter\" src=\"https:\/\/www.rockytravel.net\/images\/stories\/itineraries\/it3.gif\" alt=\"WA, Top End, Red Centre\" width=\"330\" height=\"291\" \/><\/h3>\n<h3>Idee per itinerari Australia on-the-road<\/h3>\n<p>Un modo eccellente per scoprire l&#8217;Australia \u00e8 sicuramente viaggiare in auto con un road trip. \u00c8 questo pe cui l&#8217;Australia \u00e8 famosa in tutto il mondo. Anche se viaggiare in auto tutto diventa molto pi\u00f9 lento, \u00e8 sicuramente il mezzo migliore per assapoare i posti affascinanti dell&#8217;Australia. Sia come viaggiatore in solitaria sia con amici o in gruppo, ci sono talmente tante destinazioni e infiniti itinerari di viaggio che si possono creare per tutte le esigenze e anche i livelli di esperienza.<\/p>\n<p>Uno dei posti migliori \u00e8 un road trip alla<strong> Great Ocean Road,<\/strong> che \u00e8 un&#8217;attrazione top in Australia, con una diversit\u00e0 di paesaggio: da boscaglia a tratti di foresta tropicale, da spiagge da surf a scogli rocciosi. Inoltre ci sono molte opportunit\u00e0 per vedere animali nel loro habitat naturale, come per esempio i Koalas arrampicati sugli alberi. Ci sono molti posti pieni di Koalas. Un&#8217;altra destinazione per un itinerario road trip \u00e8 il <a href=\"https:\/\/www.rockytravel.net\/blog\/solo-road-trip-to-wilson-promontory\/\"><strong>Wilson Promontory National Park.<\/strong><\/a> Se siete amanti delle camminate nella natura, questo \u00e8 un posto da non perdere, vicino a Melbourne.<\/p>\n<p>Un altro road trip che tutti possono fare in Australia senza difficolt\u00e0 \u00e8 l&#8217; <a href=\"https:\/\/www.rockytravel.net\/blog\/tips-for-visiting-uluru\/\"><strong>Uluru Road T<\/strong><\/a><a href=\"https:\/\/www.rockytravel.net\/blog\/tips-for-visiting-uluru\/\"><strong>rip<\/strong><\/a>. Questo \u00e8 il pi\u00f9 semplice di tutti, sia in termini di difficolt\u00e0 che di distanze.\u00a0 Se siete amanti del buon cibo e dei vini, allora dovete assolutamente aggiungere itinerari di gourmet a <a href=\"https:\/\/www.rockytravel.net\/blog\/exploring-the-margaret-river-region\/\"><strong>Margaret River da Perth<\/strong><\/a>. Con il suo clima meditteraneo \u00e8 ideale per un itinerario da Perth.<\/p>\n<p>C&#8217;\u00e8 una pagina che vi raccoglie tutti i <a href=\"https:\/\/www.rockytravel.net\/blog\/10-best-road-trips-in-australia-for-the-solo-traveller\/\"><strong>Road Trip<\/strong><\/a> d&#8217;Australia, sia per viaggiatori in solitaria che in compagnia.<\/p>\n<h3 style=\"text-align: left;\">Volete creare un itinerario di viaggio memorabile?<\/h3>\n<p style=\"text-align: left;\">Per creare un solido itinerario viaggio Australia, ci vuole molto tempo, ne so qualcosa. Per il mio primo viaggio nel 2004 impiegai 6 mesi a creare un itinerario ben fatto, leggendo diverse guide e facendo tutto da sola. Si trattave di un viaggio backpacking, con zaino in spalla e da ostello ad ostello. Girai per quasi 9 settimane e il primo itinerario \u00e8 stato il classico giro da Sydney a Melbourne, fino alla Greato Ocean Road, Adelaide, kangaroo Island, Alice Springs e Uluru e per finire in bellezza a Cairns.<\/p>\n<h4>Una guida per l&#8217;tinerario perfetto per l&#8217;Australia<\/h4>\n<p style=\"text-align: left;\">Per fortuna oggi non c&#8217;\u00e8 bisogno di tutto questo tempo per preparare un itinerario di viaggio. Siete arrivati al sito internet giusto dove trovare oltre 200 articoli su come viaggiare in Australia in modo indipendente. Dopo 10 anni di viaggi ho scritto una guida per aiutare viaggiatori indipendenti a creare in poco tempo e in modo efficiente il loro tragitto all&#8217;interno dell&#8217;Australia.<strong><br \/>\n<\/strong><\/p>\n<p>Questa guida sull&#8217;Australia va bene per tutti i tipi di viaggio, ma \u00e8 specifica per persone adulte over 40, che viaggiano da soli o con un compagno. Comunque molte familie con bambini hanno acquistato il libro e sono rimasti estremamente contenti, quindi le basi sono adattabili a tutte le situazioni, indipendemente da cosa volete fare e quale sia lo scopo del vostro viaggio.<\/p>\n<p>\u00c8 una <strong>guida viaggio<\/strong> completa che vi fornisce tutte le informazioni essenziale e strumenti necessari per fare un viaggio davvero memorabile. Troverete solidi consigli frutto di anni di viaggi in solitaria, viaggiando in giro per l&#8217;Austrlia per oltre 15 anni totalizzando oltre 100mila kilometri.<\/p>\n<p>Il libro \u00e8 scritto solo sulla base delle mia esperienza personale. In 16 anni ho accumulato 10 viaggi in Australia di diverso tipo, perlopi\u00f9 sempre da sola con avventure diverse, da road trips in solitaria, a brevi tours, a bus, treni, e anche tanti voli. Con oltre 100 mila km e la bellezza di 25 mesi in totale on the road, eccovi condensate in questo guida i miei migliori consigli di viagio.<\/p>\n<p style=\"text-align: center;\"><img loading=\"lazy\" decoding=\"async\" class=\"alignnone wp-image-30284\" src=\"https:\/\/www.rockytravel.net\/wp-content\/uploads\/2016\/02\/Ausrtralia-Solo-Travel-Book-Cover-copy.jpg\" alt=\"Australia Solo Travel - Australia Itinerary Guide Book\" width=\"381\" height=\"306\" srcset=\"https:\/\/www.rockytravel.net\/wp-content\/uploads\/2016\/02\/Ausrtralia-Solo-Travel-Book-Cover-copy.jpg 598w, https:\/\/www.rockytravel.net\/wp-content\/uploads\/2016\/02\/Ausrtralia-Solo-Travel-Book-Cover-copy-300x241.jpg 300w, https:\/\/www.rockytravel.net\/wp-content\/uploads\/2016\/02\/Ausrtralia-Solo-Travel-Book-Cover-copy-250x200.jpg 250w, https:\/\/www.rockytravel.net\/wp-content\/uploads\/2016\/02\/Ausrtralia-Solo-Travel-Book-Cover-copy-350x280.jpg 350w\" sizes=\"auto, (max-width: 381px) 100vw, 381px\" \/><\/p>\n<p>Se amate viaggiare in modo indipendente il mio libro <strong><a href=\"https:\/\/www.rockytravel.net\/australia-solo-travel-book\/\">Your Australia Itinerary<\/a> <\/strong>vi sar\u00e0 utilissimo, non solo per creare velocemente il vostro itinerario di viaggio ma soprattutto per risparmiare un sacco di tempo e denaro.<\/p>\n<p><strong>Il libro insegna a scegliere le destinazioni viaggio<\/strong> e d\u00e0 precise informazioni su come ottimizzare tempistiche, mezzi di trasporto, scegliere tipologie di alloggio e di tour.<\/p>\n<p>Oltre a ci\u00f2 il libro offre 5 itinerari dettagliati in 15 pagine ciascuno, completi di checklist, mappe interattive, consigli su cosa fare e vedere, una lista completa di risorse con links utili per la programmazione del viaggio ed inoltre 36 variazioni per personalizzare l&#8217;itineraro in base a tempi e interessi, e stile di viaggio.<\/p>\n<p>Il libro \u00e8 disponibile in formato PDF, per chi non usa MAC, per chi invece use APPLE, c&#8217;\u00e8 una versione on iTunes. Cliccando sul link di seguito troverete tutti i dettagli.<\/p>\n<p style=\"text-align: center;\"><button style=\"background-color: #f5f5f5; border: 5; color: #df3e1f; padding: 15px 32px; text-align: center; text-decoration: none; display: inline-block; font-size: 16px;\"> Clicca per saperne di pi\u00f9 &gt;&gt; <a href=\"https:\/\/www.rockytravel.net\/australia-guide-book\/\" target=\"_blank\" rel=\"noopener noreferrer\"><strong>Your Australia Itinerary Book<\/strong><\/a><\/button><\/p>\n<h3>E se vi manca il tempo? Ci sono io con i miei servizi di assistenza<\/h3>\n<p>Un&#8217;altra cosa che potete fare se cercate un solido aiuto con l&#8217;impostazione di un itinerario che funzioni bene, potete usufruire dei miei <a href=\"https:\/\/www.rockytravel.net\/it\/consulenza-viaggio-australia\/\"><strong>servizi di itinerari viaggio Australia<\/strong><\/a>.<\/p>\n<p>In questo modo sarete sicuri di non sprecare tempo prezioso nella ricerca e anche massimmizzare il risparmio nel processo di raffinamento e scelta finale. Con questo servizio ricevete una guida personalizzata in base alle vostre esigenze, con informazioni accurate a 360\u00b0 tutte gli aspetti e dettagli di cui avrete bisogno prima di andare in Australia.<\/p>\n<p>Con il mio aiuto, potrete visitare tutti i posti che avete nella vostra lista, con assoluta tranquillit\u00e0.<\/p>\n<p style=\"text-align: center;\"><button style=\"background-color: #f5f5f5; border: 5; color: #df3e1f; padding: 15px 32px; text-align: center; text-decoration: none; display: inline-block; font-size: 16px;\"> Clicca per scoprire tutti i <a href=\"https:\/\/www.rockytravel.net\/it\/consulenza-viaggio-australia\/\" target=\"_blank\" rel=\"noopener noreferrer\"><strong>Servizi Itinerario Viaggio Australia<\/strong><\/a><\/button><\/p>\n<p style=\"text-align: center;\"><strong>Condividi su Pinterest<br \/>\n<\/strong><\/p>\n<p style=\"text-align: center;\"><img loading=\"lazy\" decoding=\"async\" class=\"wp-image-28116 size-full aligncenter\" src=\"https:\/\/www.rockytravel.net\/wp-content\/uploads\/2019\/09\/Australia-Itinerary-How-to-create-the-perfect-for-the-time-you-have-.png\" alt=\"Idee per creare itinerario viaggio Australia\" width=\"400\" height=\"600\" srcset=\"https:\/\/www.rockytravel.net\/wp-content\/uploads\/2019\/09\/Australia-Itinerary-How-to-create-the-perfect-for-the-time-you-have-.png 400w, https:\/\/www.rockytravel.net\/wp-content\/uploads\/2019\/09\/Australia-Itinerary-How-to-create-the-perfect-for-the-time-you-have--200x300.png 200w\" sizes=\"auto, (max-width: 400px) 100vw, 400px\" \/><\/p>\n<p>Ultimo aggiornamento Gen 2020<\/p>\n<p><strong>Utili Links per Organizzare il Viaggio in Australia<\/strong><\/p>\n<p><a href=\"https:\/\/www.rockytravel.net\/it\/australia-destinazioni-viaggio\/\"><strong>Guida Posti da Visitare in Australia<\/strong><\/a><\/p>\n<p><a href=\"https:\/\/www.rockytravel.net\/it\/viaggiare-soli-in-australia\/\"><strong>Viaggiare Da Soli in Australia<\/strong><\/a><\/p>\n<p><a href=\"https:\/\/www.rockytravel.net\/it\/viaggio-in-australia\/\"><strong>Come Organizzare un Viaggio in Australia<\/strong><\/a><\/p>\n<p><a href=\"https:\/\/www.rockytravel.net\/it\/visto-australia\/\"><strong>Tutto sul Visto Per Visitare l&#8217;Australia<\/strong><\/a><\/p>\n<p><a href=\"https:\/\/www.rockytravel.net\/it\/voli-australia\/\"><strong>Trova Voli Per l&#8217;Australia<\/strong><\/a><\/p>\n<p><a href=\"https:\/\/www.rockytravel.net\/it\/trova-voli-interni-australia\/\"><strong>Trova Voli Interni economici in Australia<\/strong><\/a><\/p>\n<p><a href=\"https:\/\/www.rockytravel.net\/it\/autonoleggio-australia\/\"><strong>Come Noleggiare un Auto in Australia<\/strong><\/a><\/p>\n<p><a href=\"https:\/\/www.rockytravel.net\/it\/noleggio-camper-in-australia\/\"><strong>Come Noleggiare un Camper in Australia<\/strong><\/a><\/p>\n<p><a href=\"https:\/\/www.rockytravel.net\/it\/spostarsi-in-australia\/\"><strong>Come Spostarsi in Australia<\/strong><\/a><\/p>\n<p><a href=\"https:\/\/www.rockytravel.net\/it\/trova-alloggio-in-australia\/\"><strong>Dove Alloggiare in Australia<\/strong><\/a><\/p>\n","protected":false},"excerpt":{"rendered":"<p>Come Scegliere gli Itinerari Australia Ci sono molto cose importanti da sapere prima di passare ai passi successivi e cominciare a pianificare un itinerario per un viaggio fai da te in Australia. Perch\u00e9 volete andare in Australia? Prima di incominciare ad aggiungere posti e destinationi da visitare nel vostro viaggio in Australia, dovete avere ben [&hellip;]<\/p>\n","protected":false},"author":1,"featured_media":0,"parent":0,"menu_order":0,"comment_status":"open","ping_status":"open","template":"","meta":{"_seopress_robots_primary_cat":"","_seopress_titles_title":"Itinerari Australia: Idee per un itinerario di viaggio perfetto","_seopress_titles_desc":"Ami viaggiare in modo autonomo? Ecco i migliori itinerari Australia da 10 giorni a 4 settimane di vacanza e creare il perfetto itinerario per l&#039;Australia.","_seopress_robots_index":"","footnotes":""},"class_list":["post-1933","page","type-page","status-publish","hentry","has-post-title","has-post-date","has-post-category","has-post-tag","has-post-comment","has-post-author",""],"_links":{"self":[{"href":"https:\/\/www.rockytravel.net\/it\/wp-json\/wp\/v2\/pages\/1933","targetHints":{"allow":["GET"]}}],"collection":[{"href":"https:\/\/www.rockytravel.net\/it\/wp-json\/wp\/v2\/pages"}],"about":[{"href":"https:\/\/www.rockytravel.net\/it\/wp-json\/wp\/v2\/types\/page"}],"author":[{"embeddable":true,"href":"https:\/\/www.rockytravel.net\/it\/wp-json\/wp\/v2\/users\/1"}],"replies":[{"embeddable":true,"href":"https:\/\/www.rockytravel.net\/it\/wp-json\/wp\/v2\/comments?post=1933"}],"version-history":[{"count":10,"href":"https:\/\/www.rockytravel.net\/it\/wp-json\/wp\/v2\/pages\/1933\/revisions"}],"predecessor-version":[{"id":2039632,"href":"https:\/\/www.rockytravel.net\/it\/wp-json\/wp\/v2\/pages\/1933\/revisions\/2039632"}],"wp:attachment":[{"href":"https:\/\/www.rockytravel.net\/it\/wp-json\/wp\/v2\/media?parent=1933"}],"curies":[{"name":"wp","href":"https:\/\/api.w.org\/{rel}","templated":true}]}}