{"id":8325,"date":"2013-12-30T15:50:56","date_gmt":"2013-12-30T15:50:56","guid":{"rendered":"https:\/\/www.rockytravel.net\/?page_id=8325"},"modified":"2021-07-14T14:32:34","modified_gmt":"2021-07-14T13:32:34","slug":"unterkunft-in-australien","status":"publish","type":"page","link":"https:\/\/www.rockytravel.net\/de\/unterkunft-in-australien\/","title":{"rendered":"Unterkunft in Australien"},"content":{"rendered":"<p>Das is ein Reisef\u00fchrer \u00fcber gew\u00f6hnliche und au\u00dferordentliche Unterkunft in Australien. Wie man auf die besten Reiseseiten zum Preisvergleich kommt wenn es um Hotels, B&amp;B, Ferienwohnung, Hostels, und mehr in Australien sucht.<\/p>\n<p style=\"text-align: center;\"><img loading=\"lazy\" decoding=\"async\" class=\"aligncenter size-full wp-image-18450\" src=\"https:\/\/www.rockytravel.net\/wp-content\/uploads\/2010\/09\/A-Guide-to-Finding-Accommodation-in-Australia.jpeg\" alt=\"A guide to Finding Accommodation in Australia\" width=\"640\" height=\"480\" srcset=\"https:\/\/www.rockytravel.net\/wp-content\/uploads\/2010\/09\/A-Guide-to-Finding-Accommodation-in-Australia.jpeg 640w, https:\/\/www.rockytravel.net\/wp-content\/uploads\/2010\/09\/A-Guide-to-Finding-Accommodation-in-Australia-300x225.jpeg 300w\" sizes=\"auto, (max-width: 640px) 100vw, 640px\" \/><\/p>\n<h2>Wo und wie man g\u00fcnstig \u00fcbernachtet in Australien<\/h2>\n<p>Australien bietet ein gro\u00dfes Angebot an \u00dcbernachtungsm\u00f6glichkeite f\u00fcr jede Tasche. Von Luxus auf Budget Hotels auf tolle Campingpl\u00e4tze, Farmh\u00e4user, Mietwohnungen und private Zimmer.<\/p>\n<p>Die Unterkunftskosten unterscheiden sich je nach tegionalen Australien und Reisezeit. \u00dcber Schulferien und die Hochsaison sowie am Wochenende sid Hotelpreise in Australien wesentlich h\u00f6her. Man muss daher relativ im voraus Hotelzimmer buchen. Das gleiche gilt f\u00fcr Darwin und das ganze Top End von Australien. Wenn man in die Low-Season (Nov-M\u00e4rz) eine Australien Reise plant, braucht man nicht lange im voraus buchen, da sind die Hotelpreise niedriger und man kann einige Tage davor buchen.<\/p>\n<p>Wenn man gute Vergleichsseiten benutzt dann hat man gute Chancen gute passende Angebote an Hotels zu finden.<\/p>\n<p style=\"text-align: center;\"> <script async src=\"\/\/pagead2.googlesyndication.com\/pagead\/js\/adsbygoogle.js\"><\/script>\r\n<ins class=\"adsbygoogle\"\r\n     style=\"display:block; text-align:center;\"\r\n     data-ad-layout=\"in-article\"\r\n     data-ad-format=\"fluid\"\r\n     data-ad-client=\"ca-pub-7469118884147436\"\r\n     data-ad-slot=\"5929356012\"><\/ins>\r\n<script>\r\n     (adsbygoogle = window.adsbygoogle || []).push({});\r\n<\/script><\/p>\n<h3>Australien Bed &amp; Breakfast<\/h3>\n<p>Im l\u00e4ndlilchen Australien gibt es mehr von B&amp;B. Hotels sind nur in gr\u00f6\u00dferen Ortschaften zu finden. Airbnb in Australien ist sehr bekannt unter den Einheimischen als auch den Touristen.<\/p>\n<div class=\"su-note\"  style=\"border-color:#d8dfe5;border-radius:3px;-moz-border-radius:3px;-webkit-border-radius:3px;\"><div class=\"su-note-inner su-u-clearfix su-u-trim\" style=\"background-color:#f2f9ff;border-color:#ffffff;color:#333333;border-radius:3px;-moz-border-radius:3px;-webkit-border-radius:3px;\">Wenn sie gerne Airbnb oder ein privates B&amp;B buchen wollen: mit diesem Link erhalten Sie <a href=\"https:\/\/www.airbnb.com\/c\/mfantinel\" target=\"_blank\" rel=\"nofollow noopener noreferrer\"><strong>25 Euro<\/strong><\/a> Rabatt bei der ersten Buchung.<\/div><\/div>\n<h3>Australien Hotels<\/h3>\n<p>Alle gr\u00f6\u00dfere Hotelsketten sind in den australischen St\u00e4dten und bekanntesten Ortschaften zu finden. Hotels sind jedoch nicht g\u00fcnstig in Australien, daher ist es immer ratsam gute Reiseseiten bei der Online Hotelssuche zu verwenden. Motels sind die g\u00fcnstige Variante zu Hotels, normalerweise sind g\u00fcnstiger und bieten oft eine komfortable Unterkunft teilweise mit kleiner Kochsniche zu vern\u00fcnftigen Preisen.<\/p>\n<p>Hier ist eine Liste der besten Vergleichsseiten die Ihnen sehr helfen weden bei der Suche nach \u00dcbernachtungsm\u00f6chlikeiten in Australien.<\/p>\n<h5>HotelsCombined<\/h5>\n<p>Hotelscombined is das beste Vergleicherportal f\u00fcr Unterkunft in Australien, welches unter mehr als 30 Seiten sucht, wie. z.B. Booking.com, HotelTravel.com Expedia.com, Hotelclub.com, Travelocity.com und viele mehr. Hotelscombined bringt Ergebnisse von mehr als 200 Orte aus dem ganzen Land, d.h. Sie k\u00f6nnen \u00fcberall etwas finden auch in abgelegenen kleinen Outback-Ortschaften von Australien.<\/p>\n<div class=\"su-note\"  style=\"border-color:#d8dfe5;border-radius:3px;-moz-border-radius:3px;-webkit-border-radius:3px;\"><div class=\"su-note-inner su-u-clearfix su-u-trim\" style=\"background-color:#f2f9ff;border-color:#ffffff;color:#333333;border-radius:3px;-moz-border-radius:3px;-webkit-border-radius:3px;\">Hier k\u00f6nnen Sie durch die <span class=\"blue_bold\">HotelsCombined<\/span><span class=\"blue_bold\"> Suchmachine st\u00f6bern.<\/span> <a href=\"https:\/\/www.hotelscombined.com.au\/?a_aid=15448&amp;languageCode=en\" target=\"_blank\" rel=\"nofollow noopener\"><strong>Finden Sie Hotel Deals<\/strong><\/a><\/div><\/div>\n<h5>Booking.com<\/h5>\n<p>Die bekannteste Buchungsseite f\u00fcr Hotels die es in Europa gitb. <strong>Booking.com<\/strong> is. Ich w\u00fcrde sicherlich diese Seite auch vewenden, vor allem bei einer Kreuzsuche um auf Hotelsschn\u00e4ppchen zuzugreifen. <strong><a href=\"https:\/\/www.booking.com\/dealspage.html?aid=382033\" target=\"_blank\" rel=\"nofollow noopener\">St\u00f6bern Sie jetzt nach den besten Hotels Deals in Australien<\/a>.<\/strong><\/p>\n<h5>Wotif Australia<\/h5>\n<p><strong>Wotif<\/strong> ist f\u00fcr alles was Online-Reisebuchungen anbelangt von Australiern verwendet. Die ist eine Top Seite um Hotelpakete oder All-inclusive Reisen zu buchen, wie z.B. Flug+Hotel: <a href=\"https:\/\/prf.hn\/click\/camref:1011lSzZ\" target=\"_blank\" rel=\"nofollow noopener noreferrer\"><strong>hier checken Sie die Wotif Seite<\/strong><\/a>.<\/p>\n<h3>Australien Budget Unterkunt &#8211; Hostels und Backpackers<\/h3>\n<p>Unter allen Unterkunft-Optionen die es in Australien gitb, Hostels oder Jugendherberge stellen die g\u00fcnstigere Option an Budget-Unterkunft. Der gr\u00f6\u00dfte Unterschied ist dass Hostels in Australien allgemein ein hohes Standard aufweisen. Und sie sind \u00fcberall. Von St\u00e4den bis auf abgelegenen Outback-Ortschafen bieten tolle Einrichtungen und allerlei Services.<\/p>\n<p><a href=\"https:\/\/www.rockytravel.net\/blog\/australia-hostel-accommodation\/\">Wenn Sie in Hostels in Australien \u00fcbernachten m\u00f6chten<\/a>\u00a0 werden Sie nicht nur von den preiswerten Unterkunft profitieren, sondern auch die M\u00f6glichkeit haben, andere Reisenden zu treffen und Tipps und Idee auszutauschen. Hostels sind ja toll f\u00fcr alleinreisende Frauen, die gerne in einer gleich-gesinnten Gemeinschaft verweilen m\u00f6chten.<\/p>\n<h4>Hostelworld<\/h4>\n<p><strong>Hostelworld<\/strong> ist die beste Suchmachince f\u00fcr Hostels und Budget-Unterkunft mit der gr\u00f6\u00dften Anzahl von Hostels in der ganzen Welt.<\/p>\n<p style=\"text-align: center;\"> <script async src=\"\/\/pagead2.googlesyndication.com\/pagead\/js\/adsbygoogle.js\"><\/script>\r\n<ins class=\"adsbygoogle\"\r\n     style=\"display:block; text-align:center;\"\r\n     data-ad-layout=\"in-article\"\r\n     data-ad-format=\"fluid\"\r\n     data-ad-client=\"ca-pub-7469118884147436\"\r\n     data-ad-slot=\"5929356012\"><\/ins>\r\n<script>\r\n     (adsbygoogle = window.adsbygoogle || []).push({});\r\n<\/script><\/p>\n<h3>Was man von Hostels in Australien erwarten kann<\/h3>\n<p>Es ist ja seh \u00fcblich in australien in Hostels zu \u00fcbernachten. Nicht nur f\u00fcr Studenten oder die j\u00fcngeren, sondern auch Rentner oder Profesionelle buchen ein zimmer in einem Hostel. Damit spart sich gutes Geld, welches man f\u00fcr etwas anderes ausgeben kann.<\/p>\n<p>Die <a href=\"https:\/\/www.rockytravel.net\/blog\/australian-cities-budget\/\">Australien St\u00e4dten sind teurer aber mit diesen Tipps kann man viel Geld sparen.<\/a><\/p>\n<p><strong>In Australien gibt es \u00fcber 140 Hostels<\/strong> der YHA Kette. Und mehr als 150 VIP Backpackers Hostels. Backpackers sind jedoch von der Preisleistung nicht so gut. Am besten lesen Sie durch die Rezensionen, damit man sich eine Idee macht, ob alles gut passt.<\/p>\n<p><strong><span class=\"blue_bold\">YHA <\/span><\/strong><span class=\"blue_bold\">ist der gr\u00f6\u00dfte Hostelverein und der einzige der zu 99% garantieren k\u00f6nnen, dass eine gewisse Anzahl an Hostelzimmer<\/span> nur f\u00fcr Frauen buchbar sind. d.h. Sie sind sicher dass in einem weiblichem Dorm eingebucht werden.<\/p>\n<p>Bei vielen Hostels kann man auch Doppelzimmer und Familienzimmer buchen, die aber sehr schnell ausgebucht sind. Alle YHA Hostels bieten 24-Stunden Einchecken, K\u00fcche, gemeinsame Halle mit TV, Waschraum, und in manchen auch einen kleinen Reiseb\u00fcro. Es gibt ein 14-Tage maximal Auftenthalt. Wenn man denkt dass man mehr als 1-3 Male in einem YHA \u00fcbernachten wird, dann kann man einen internationalen Jugendherbergerausweis f\u00fcr 10 Euro besorgen. Dieser erh\u00e4lt man von der \u00f6rtlichen Youth Hostelling Assosiation.<\/p>\n<div class=\"su-note\"  style=\"border-color:#d8dfe5;border-radius:3px;-moz-border-radius:3px;-webkit-border-radius:3px;\"><div class=\"su-note-inner su-u-clearfix su-u-trim\" style=\"background-color:#f2f9ff;border-color:#ffffff;color:#333333;border-radius:3px;-moz-border-radius:3px;-webkit-border-radius:3px;\">wenn Sie in Australian Hostels \u00fcbernachten m\u00f6chten <strong>checken Sie\u00a0 Hostelworld<\/strong><strong>.<\/strong><\/div><\/div>\n<h3>Hausaustausch und Ferienwohnungen in Australien<\/h3>\n<p><span class=\"blue_bold\">Eine weitere M\u00f6glichkeit g\u00fcnstige Unterkunft f\u00fcr Rundreisen in Australien ist \u00fcber <a href=\"https:\/\/www.dpbolvw.net\/po72qgpmgo37C449D535749DC5D\" target=\"_blank\" rel=\"nofollow noopener noreferrer\"><strong>Hausaustausch<\/strong><\/a>. Diese Art von Unterkunft beruht auf gegenseites Vertrauen, Verantwortung und Respekt.<\/span> Ist mehr f\u00fcr Familien gedacht oder kleine Gruppe. Sicherlich wenn man eine Wohnung oder ein Haus tauschen kann f\u00fcr 2-3 Wochen kann man viel Geld an \u00dcbernachtungen sparen.<\/p>\n<div class=\"su-note\"  style=\"border-color:#d8dfe5;border-radius:3px;-moz-border-radius:3px;-webkit-border-radius:3px;\"><div class=\"su-note-inner su-u-clearfix su-u-trim\" style=\"background-color:#f2f9ff;border-color:#ffffff;color:#333333;border-radius:3px;-moz-border-radius:3px;-webkit-border-radius:3px;\">Sie k\u00f6nnen sich bei <a href=\"https:\/\/www.aussiehouseswap.com.au?tap_a=11812-cb2a64&amp;tap_s=175560-1c8393\" target=\"_blank\" rel=\"nofollow noopener\">AussieHouseSwap<\/a> registrieren um die besten H\u00e4user in Australien zu finden.<\/div><\/div>\n<p>Wenn Sie mehr an Mietwohnungen interessiert sind dann w\u00fcrde ich bei <strong>Airbnb<\/strong> schauen.<\/p>\n<div class=\"su-note\"  style=\"border-color:#d8dfe5;border-radius:3px;-moz-border-radius:3px;-webkit-border-radius:3px;\"><div class=\"su-note-inner su-u-clearfix su-u-trim\" style=\"background-color:#f2f9ff;border-color:#ffffff;color:#333333;border-radius:3px;-moz-border-radius:3px;-webkit-border-radius:3px;\">Mieten Sie eine private Wohnung \u00fcber Airbnb<strong>.<\/strong> \u00dcber diesen Link k\u00f6nnnen Sie <a href=\"https:\/\/www.airbnb.com\/c\/mfantinel\" target=\"_blank\" rel=\"nofollow noopener\"><strong>25 Euro Airbnb Voucher <\/strong><\/a>bei der ersten Buchung bekommen.<\/div><\/div>\n<h3>Kostenfreien \u00dcbernachtung in Australien<\/h3>\n<p>Wenn man gerne alleine durch Australien verreist und Australier kennenlernen will, dann kann auch ein Profil bei<strong> CouchSurfing<\/strong> er\u00f6ffnen um Leute zu treffen. Man kann auch ein Couch oder Bett angeboten bekommen und kostenfrei \u00fcbernachten. Das Couchsurfing Portal ist jedoch mehr zum kennenlernen als Unterkunft gedacht. Wenn man ein eigenes Profil hat, kann man auch an die Meet-ups events gehen.<\/p>\n<h3>Campingpl\u00e4tze: die g\u00fcnstigste \u00dcbernachtung in Australien<\/h3>\n<p>Australien ist ein wahres Paradies f\u00fcr Campingpl\u00e4tze. Wenn man gerne mit Mobilwagen unterwegs ist, dann ist Australien ein Traumland f\u00fcr Camping-Begeisterte. Man kann ja das Riesenland on-the-road erleben und in den tollsten National Parks campen.<\/p>\n<p>Wenn Sie einen Camper mieten wollen, suchen Sie nicht mehr lange, <a href=\"https:\/\/www.rockytravel.net\/de\/camper-mieten-in-australien\/\"><strong><span class=\"blue_bold\">Camper mieten <\/span><\/strong><\/a><span class=\"blue_bold\">in Australien <\/span>kann preiswertig sein, wenn man in voraus bucht um die besten Angebote zu schnappen. Wenn man in einer kleinen Gruppe oder mit Familien herumf\u00e4hrt ist ein Camper das beste um den Australischen Outback Monatelang zu erkunden.<\/p>\n<p style=\"text-align: center;\"> <script async src=\"\/\/pagead2.googlesyndication.com\/pagead\/js\/adsbygoogle.js\"><\/script>\r\n<ins class=\"adsbygoogle\"\r\n     style=\"display:block; text-align:center;\"\r\n     data-ad-layout=\"in-article\"\r\n     data-ad-format=\"fluid\"\r\n     data-ad-client=\"ca-pub-7469118884147436\"\r\n     data-ad-slot=\"5929356012\"><\/ins>\r\n<script>\r\n     (adsbygoogle = window.adsbygoogle || []).push({});\r\n<\/script><\/p>\n<p>Wenn Sie einen Camper mieten wollen, gibt es viele Anbieter wie Britz, Avis, Hertz, Mau, Apollo, KEA. Am besten st\u00f6bern Sie durch das gr\u00f6\u00dfte Vergleichsportal DriveNow.<\/p>\n<h3>Mehr Reise-Ressources und Tools f\u00fcr Ihre Reise nach Australien<\/h3>\n<p>hierunter finden Sie die besten Seiten von Rocky Travel zur Reiseplanung nach Australien.<\/p>\n<p>&nbsp;<\/p>\n<p style=\"text-align: center;\"><div class=\"tb_layout_part_wrap tf_w\">\n<!--themify_builder_content-->\n    <div  class=\"themify_builder_content themify_builder_content-18854 themify_builder not_editable_builder\" data-postid=\"18854\">\n                        <div  data-lazy=\"1\" class=\"module_row themify_builder_row tb_j40a036 tb_first tf_w\">\n                        <div class=\"row_inner col_align_top gutter-none tb_col_count_4 tf_box tf_rel\">\n                        <div  data-lazy=\"1\" class=\"module_column tb-column col4-1 tb_g2zi058 first\">\n                    <!-- module feature -->\n<div  class=\"module module-feature tb_9ql5500 with-chart layout-icon-top size-small \" data-layout-mobile=\"icon-top\" data-layout-desktop=\"icon-top\" data-lazy=\"1\">\n        <div class=\"module-feature-image tf_textc tf_rel\">\n                            <span class=\"module-feature-chart-html5 tf_box tf_rel tf_inline_b\">\n                                    <svg class=\"tf_abs tf_w tf_h\">\n                    <circle class=\"tb_feature_fill\" r=\"calc(50% - 1.00px)\" cx=\"50%\" cy=\"50%\" stroke-width=\"2\"\/>\n                    <circle class=\"tb_feature_stroke\" r=\"calc(50% - 1.00px)\" cx=\"50%\" cy=\"50%\" stroke=\"#df3e1f\" stroke-width=\"2\" data-progress=\"100\" stroke-dasharray=\"0,10000\"\/>\n                                            <circle class=\"tb_feature_bg\" r=\"calc(50% - 1px)\" cx=\"50%\" cy=\"50%\" stroke-width=\"2\" fill=\"#3969c9\" \/>\n                                        <\/svg>\n                                <span class=\"chart-html5-circle tf_w tf_h\">\n                                            <em class=\"module-feature-icon tf_rel\" style=\"color:#f7f7f7\"><svg  class=\"tf_fa tf-fas-book-open\" xmlns:xlink=\"http:\/\/www.w3.org\/1999\/xlink\" aria-hidden=\"true\"><use href=\"#tf-fas-book-open\" xlink:href=\"#tf-fas-book-open\"><\/use><\/svg><\/em>\n                                    <\/span>\n\n                \n            <\/span>\n                <\/div>\n    <div class=\"module-feature-content tf_textc\">\n                <div class=\"tb_text_wrap\">\n            <p style=\"text-align: center\"><a href=\"https:\/\/www.rockytravel.net\/australia-guide-book\/\">Australien Reisef\u00fchrer<\/a><\/p>        <\/div>\n    <\/div>\n<\/div>\n<!-- \/module feature -->\n        <\/div>\n                    <div  data-lazy=\"1\" class=\"module_column tb-column col4-1 tb_4ssv109\">\n                    <!-- module feature -->\n<div  class=\"module module-feature tb_hfsl112 with-chart layout-icon-top size-small \" data-layout-mobile=\"icon-top\" data-layout-desktop=\"icon-top\" data-lazy=\"1\">\n        <div class=\"module-feature-image tf_textc tf_rel\">\n                            <span class=\"module-feature-chart-html5 tf_box tf_rel tf_inline_b\">\n                                    <svg class=\"tf_abs tf_w tf_h\">\n                    <circle class=\"tb_feature_fill\" r=\"calc(50% - 1.00px)\" cx=\"50%\" cy=\"50%\" stroke-width=\"2\"\/>\n                    <circle class=\"tb_feature_stroke\" r=\"calc(50% - 1.00px)\" cx=\"50%\" cy=\"50%\" stroke=\"#df3e1f\" stroke-width=\"2\" data-progress=\"100\" stroke-dasharray=\"0,10000\"\/>\n                                            <circle class=\"tb_feature_bg\" r=\"calc(50% - 1px)\" cx=\"50%\" cy=\"50%\" stroke-width=\"2\" fill=\"#3969c9\" \/>\n                                        <\/svg>\n                                <span class=\"chart-html5-circle tf_w tf_h\">\n                                            <em class=\"module-feature-icon tf_rel\" style=\"color:#f7f7f7\"><svg  class=\"tf_fa tf-fas-users\" xmlns:xlink=\"http:\/\/www.w3.org\/1999\/xlink\" aria-hidden=\"true\"><use href=\"#tf-fas-users\" xlink:href=\"#tf-fas-users\"><\/use><\/svg><\/em>\n                                    <\/span>\n\n                \n            <\/span>\n                <\/div>\n    <div class=\"module-feature-content tf_textc\">\n                <div class=\"tb_text_wrap\">\n            <p style=\"text-align: center\"><a href=\"https:\/\/www.rockytravel.net\/de\/reiseberatung-australien\/\" rel=\"noopener\">Reise Beratung AUS<\/a><\/p>        <\/div>\n    <\/div>\n<\/div>\n<!-- \/module feature -->\n        <\/div>\n                    <div  data-lazy=\"1\" class=\"module_column tb-column col4-1 tb_6s67055\">\n                    <!-- module feature -->\n<div  class=\"module module-feature tb_eh9d910 with-chart layout-icon-top size-small \" data-layout-mobile=\"icon-top\" data-layout-desktop=\"icon-top\" data-lazy=\"1\">\n        <div class=\"module-feature-image tf_textc tf_rel\">\n                            <span class=\"module-feature-chart-html5 tf_box tf_rel tf_inline_b\">\n                                    <svg class=\"tf_abs tf_w tf_h\">\n                    <circle class=\"tb_feature_fill\" r=\"calc(50% - 1.00px)\" cx=\"50%\" cy=\"50%\" stroke-width=\"2\"\/>\n                    <circle class=\"tb_feature_stroke\" r=\"calc(50% - 1.00px)\" cx=\"50%\" cy=\"50%\" stroke=\"#df3e1f\" stroke-width=\"2\" data-progress=\"100\" stroke-dasharray=\"0,10000\"\/>\n                                            <circle class=\"tb_feature_bg\" r=\"calc(50% - 1px)\" cx=\"50%\" cy=\"50%\" stroke-width=\"2\" fill=\"#3969c9\" \/>\n                                        <\/svg>\n                                <span class=\"chart-html5-circle tf_w tf_h\">\n                                            <em class=\"module-feature-icon tf_rel\" style=\"color:#f7f7f7\"><svg  class=\"tf_fa tf-fas-shuttle-van\" xmlns:xlink=\"http:\/\/www.w3.org\/1999\/xlink\" aria-hidden=\"true\"><use href=\"#tf-fas-shuttle-van\" xlink:href=\"#tf-fas-shuttle-van\"><\/use><\/svg><\/em>\n                                    <\/span>\n\n                \n            <\/span>\n                <\/div>\n    <div class=\"module-feature-content tf_textc\">\n                <div class=\"tb_text_wrap\">\n            <p style=\"text-align: center\"><a href=\"https:\/\/www.rockytravel.net\/solo-travel-tours-over-50-seniors-australia\/\">Australien Tours 50+<\/a><\/p>        <\/div>\n    <\/div>\n<\/div>\n<!-- \/module feature -->\n        <\/div>\n                    <div  data-lazy=\"1\" class=\"module_column tb-column col4-1 tb_b3o5011 last\">\n                    <!-- module feature -->\n<div  class=\"module module-feature tb_bm3r505 with-chart layout-icon-top size-small \" data-layout-mobile=\"icon-top\" data-layout-desktop=\"icon-top\" data-lazy=\"1\">\n        <div class=\"module-feature-image tf_textc tf_rel\">\n                            <span class=\"module-feature-chart-html5 tf_box tf_rel tf_inline_b\">\n                                    <svg class=\"tf_abs tf_w tf_h\">\n                    <circle class=\"tb_feature_fill\" r=\"calc(50% - 1.00px)\" cx=\"50%\" cy=\"50%\" stroke-width=\"2\"\/>\n                    <circle class=\"tb_feature_stroke\" r=\"calc(50% - 1.00px)\" cx=\"50%\" cy=\"50%\" stroke=\"#df3e1f\" stroke-width=\"2\" data-progress=\"100\" stroke-dasharray=\"0,10000\"\/>\n                                            <circle class=\"tb_feature_bg\" r=\"calc(50% - 1px)\" cx=\"50%\" cy=\"50%\" stroke-width=\"2\" fill=\"#3969c9\" \/>\n                                        <\/svg>\n                                <span class=\"chart-html5-circle tf_w tf_h\">\n                                            <em class=\"module-feature-icon tf_rel\" style=\"color:#f7f7f7\"><svg  class=\"tf_fa tf-fas-car\" xmlns:xlink=\"http:\/\/www.w3.org\/1999\/xlink\" aria-hidden=\"true\"><use href=\"#tf-fas-car\" xlink:href=\"#tf-fas-car\"><\/use><\/svg><\/em>\n                                    <\/span>\n\n                \n            <\/span>\n                <\/div>\n    <div class=\"module-feature-content tf_textc\">\n                <div class=\"tb_text_wrap\">\n            <p style=\"text-align: center\"><a href=\"https:\/\/www.rockytravel.net\/campervan-rental-in-australia\/\">Campervans in Australien<\/a><\/p>        <\/div>\n    <\/div>\n<\/div>\n<!-- \/module feature -->\n        <\/div>\n                        <\/div>\n        <\/div>\n            <\/div>\n<!--\/themify_builder_content-->\n<\/div>\n<\/p>\n<p style=\"text-align: center;\"> <script async src=\"\/\/pagead2.googlesyndication.com\/pagead\/js\/adsbygoogle.js\"><\/script>\r\n<ins class=\"adsbygoogle\"\r\n     style=\"display:block; text-align:center;\"\r\n     data-ad-layout=\"in-article\"\r\n     data-ad-format=\"fluid\"\r\n     data-ad-client=\"ca-pub-7469118884147436\"\r\n     data-ad-slot=\"5929356012\"><\/ins>\r\n<script>\r\n     (adsbygoogle = window.adsbygoogle || []).push({});\r\n<\/script><\/p>\n<p>&nbsp;<\/p>\n<!--themify_builder_content-->\n<div id=\"themify_builder_content-8325\" data-postid=\"8325\" class=\"themify_builder_content themify_builder_content-8325 themify_builder tf_clear\">\n    <\/div>\n<!--\/themify_builder_content-->\n","protected":false},"excerpt":{"rendered":"<p>Das is ein Reisef\u00fchrer \u00fcber gew\u00f6hnliche und au\u00dferordentliche Unterkunft in Australien. Wie man auf die besten Reiseseiten zum Preisvergleich kommt wenn es um Hotels, B&amp;B, Ferienwohnung, Hostels, und mehr in Australien sucht. Wo und wie man g\u00fcnstig \u00fcbernachtet in Australien Australien bietet ein gro\u00dfes Angebot an \u00dcbernachtungsm\u00f6glichkeite f\u00fcr jede Tasche. Von Luxus auf Budget Hotels [&hellip;]<\/p>\n","protected":false},"author":1,"featured_media":0,"parent":0,"menu_order":0,"comment_status":"open","ping_status":"open","template":"","meta":{"_seopress_robots_primary_cat":"","_seopress_titles_title":"Hier sind alle Unterkunfte in Australien wo man g\u00fcnstig \u00fcbernachten kann","_seopress_titles_desc":"Die besten Reiseseiten zur Suche und Buchung g\u00fcnstiger Unterkunft in Australien: Hotels, Hostels, Hausaustausch, sowie Ferienwohnungen und private H\u00e4user in Australien.","_seopress_robots_index":"","footnotes":"","tve_updated_post":"","tve_custom_css":"","tve_user_custom_css":"","tve_globals":{},"tcb2_ready":1,"tcb_editor_enabled":0,"tve_landing_page":"","_tve_header":"","_tve_footer":""},"class_list":["post-8325","page","type-page","status-publish","hentry","has-post-title","has-post-date","has-post-category","has-post-tag","has-post-comment","has-post-author",""],"_links":{"self":[{"href":"https:\/\/www.rockytravel.net\/de\/wp-json\/wp\/v2\/pages\/8325","targetHints":{"allow":["GET"]}}],"collection":[{"href":"https:\/\/www.rockytravel.net\/de\/wp-json\/wp\/v2\/pages"}],"about":[{"href":"https:\/\/www.rockytravel.net\/de\/wp-json\/wp\/v2\/types\/page"}],"author":[{"embeddable":true,"href":"https:\/\/www.rockytravel.net\/de\/wp-json\/wp\/v2\/users\/1"}],"replies":[{"embeddable":true,"href":"https:\/\/www.rockytravel.net\/de\/wp-json\/wp\/v2\/comments?post=8325"}],"version-history":[{"count":10,"href":"https:\/\/www.rockytravel.net\/de\/wp-json\/wp\/v2\/pages\/8325\/revisions"}],"predecessor-version":[{"id":1035245,"href":"https:\/\/www.rockytravel.net\/de\/wp-json\/wp\/v2\/pages\/8325\/revisions\/1035245"}],"wp:attachment":[{"href":"https:\/\/www.rockytravel.net\/de\/wp-json\/wp\/v2\/media?parent=8325"}],"curies":[{"name":"wp","href":"https:\/\/api.w.org\/{rel}","templated":true}]}}