{"id":2021,"date":"2020-03-05T14:02:00","date_gmt":"2020-03-05T13:02:00","guid":{"rendered":"https:\/\/www.rockytravel.net\/?page_id=2021"},"modified":"2023-06-19T16:54:37","modified_gmt":"2023-06-19T15:54:37","slug":"camper-mieten-in-australien","status":"publish","type":"page","link":"https:\/\/www.rockytravel.net\/de\/camper-mieten-in-australien\/","title":{"rendered":"Alles \u00fcber Camper Mieten in Australien"},"content":{"rendered":"\n<p class=\"has-text-align-left\">Wenn Sie einen <a href=\"https:\/\/www.rockytravel.net\/de\/australien-reisen-reisetipps\/\">Urlaub in Australien<\/a> mit dem Camper planen, bietet das Rote Kontinent ein Paradies an Reiserouten und M\u00f6glichkeiten. Von abgelegenen Zielorten im Outback, auf langen Strecken an der Ostk\u00fcste, durch tollen Landschaften in Nationalparks, bis auf den tropischen Regenwald im Norden Australien und mehr.<br><br>Auf dieser Seite finden Sie alles \u00fcber <strong>das Mieten von Camper in Australien<\/strong> anbelangt.<\/p>\n\n\n\n<figure class=\"wp-block-image size-large\"><img loading=\"lazy\" decoding=\"async\" width=\"800\" height=\"490\" src=\"https:\/\/www.rockytravel.net\/wp-content\/uploads\/2020\/03\/Noleggio-Camper-Australia.jpg\" alt=\"Tipps Camper Mieten in Australien\" class=\"wp-image-31153\" srcset=\"https:\/\/www.rockytravel.net\/wp-content\/uploads\/2020\/03\/Noleggio-Camper-Australia.jpg 800w, https:\/\/www.rockytravel.net\/wp-content\/uploads\/2020\/03\/Noleggio-Camper-Australia-300x184.jpg 300w, https:\/\/www.rockytravel.net\/wp-content\/uploads\/2020\/03\/Noleggio-Camper-Australia-768x470.jpg 768w\" sizes=\"auto, (max-width: 800px) 100vw, 800px\" \/><figcaption class=\"wp-element-caption\">Alles \u00fcber Camper Mieten in Australien<\/figcaption><\/figure>\n\n\n\n<h2 class=\"wp-block-heading\">Alles \u00dcber Camper Mieten Australia<\/h2>\n\n\n\n<p>Wenn man eine Zeit \u00fcber 4-6 Wochen durch Australien verf\u00fcgt, dann rentiert sich das Mieten von einem Wohnmobil. Bei k\u00fcrzeren Strecken und Urlaube von 2-3 wochen ist ein Mietwagen jedoch besser. Aber das h\u00e4ngt nat\u00fcrlich von der Reisereoute ab, die man vor hat. Ein Camper lohnt sich immer wenn man durch das innere des Landes fahren, oder  entlang der K\u00fcste wie z.B. von Sydney nach Cairns, oder l\u00e4ngere Reiserouten von der Westk\u00fcste zur Ostk\u00fcste will.<\/p>\n\n\n\n<p><strong>Wenn sollte man einen Camper ber\u00fccksichtigen:<\/strong><\/p>\n\n\n\n<ol class=\"wp-block-list\">\n<li>Man f\u00e4hrt mindestens zu zweit oder in einer kleinen Gruppe.<\/li>\n\n\n\n<li>Die Reiseroute ist von mindestens 1000 km mit einer Dauer von 7-10 Tagen.<\/li>\n\n\n\n<li>Man will an Unterkunft in Australien sparen, mit einer Reiseroute \u00fcber mehrere Wochen oder Monate.<\/li>\n\n\n\n<li>Es gibt 7 Tage mindestens f\u00fcr das Mieten von One-Way Camper in Australien.<\/li>\n<\/ol>\n\n\n\n<p><strong>Wie unterscheidet sich das Camper Mieten von Auto Mieten in Australien:<\/strong><\/p>\n\n\n\n<ol class=\"wp-block-list\">\n<li>6 Wochen vor der Abfahrt muss man eine Anzahlung der Gesamtsumme vornehmen.<\/li>\n\n\n\n<li>Eine zus\u00e4tliche Versicherung f\u00fcrs Mieten eines Campers ist notwendig.<\/li>\n\n\n\n<li>Man muss sich vertraut mit allen Sachen rund um Wohnmobil-Lifestyle machen.<\/li>\n<\/ol>\n\n\n\n<h2 class=\"wp-block-heading\">G\u00fcnstige Camper in Australien <\/h2>\n\n\n\n<p>Es gibt mehrere Direkanbieter und Vergleichseiten. Ich empfehle Ihnen unsere Australischen Partner-Webseite zu verwenden: <a href=\"https:\/\/rockytravel.drivenow.com.au\/home\/campervan-hire\">DriveNow<\/a> als die beste Preisvergleichwebsite f\u00fcr Mietwagen und Wohnmobilen-Vermietung in Australien. Das umfangreiche Angebot an Campervans und Anbietern deckt das ganze Land, plus New Seeland, ab auch in den kleinsten Orten. <br><br>Genauso wie <a href=\"https:\/\/www.rockytravel.net\/de\/mietwagen-australien-tipps\/\">beim Auto-Mieten<\/a>, kann man auf der Website von DriveNow direkt, schnell und unkompliziert alle die Ergebnissen vergleichen um die besten Deals zu finden und buchen. Die Buchungen erfolgen ohne zus\u00e4tzliche Kosten im Endpreis. Die Anzahlung erfolgt erst 6 Wochen vor dem Camper-Pick-up direkt beim Anbieter. <\/p>\n\n\n\n<p><strong>Wann muss man Camper in Australien buchen?<\/strong>&nbsp;<\/p>\n\n\n\n<p><strong>In der Regel bucht man Online einen Camper von 2 bis 3 Monate vor dem Pick-up<\/strong>. <br>Das ist die mindestzeit um g\u00fcnstige Preise und Konditionen zu finden. Je n\u00e4her dem Pick-Up-Date, desto teuer werden die Preise und geringer die Verf\u00fcgbarkeit an Camper-Farhrzeuge.<\/p>\n\n\n\n<p>Im Sommer, oder bei Urlaubszeiten, wie z.B. Weihnachten und w\u00e4hrend Schulferien von Mitte Dezember bis Ende Januar, ist es ratsam einen Camper in Australien noch fr\u00fcher, etwa 4-5 Monaten im voraus zu buchen.<\/p>\n\n\n\n<h2 class=\"wp-block-heading\">Camper-Typen &#8211; Tipps zur Camper-Wahl<\/h2>\n\n\n\n<p>Was man wissen soll, ist das Australien ein Top-Heimat von Camping ist, d.h. Camper-Urlaube sind sehr beliebt. Es gibt viele verschieden Camper-Typen, die f\u00fcr verschiedene Bed\u00fcrfnisse, wie z.B. Art der Reiseroute, die man befahren will, die L\u00e4nge und die Erfahrung angepasst werden.<\/p>\n\n\n\n<p>Hier habe ich eine kleine Liste von den gew\u00f6nhlichen Camper-Typen, dass man in Australien und Neu Seeland mieten kann.<\/p>\n\n\n\n<h3 class=\"wp-block-heading\">Der passende Camper zu Reiserouten in Australien<\/h3>\n\n\n\n<ul class=\"wp-block-list\">\n<li><strong>Kleine Kompakt-Camper mit 2 Betten<br><\/strong> Diese Camper sind ideal f\u00fcr Paare oder Familien mit maximal ein Kind. Die meisten haben auch eine ausgestatte K\u00fcche, Klima-Anlage im Wohnraum als auch in der Fahr-Kabine. Es gibt auch welche mit Dusche und Bad und zus\u00e4tzliche TV und DVD Anlage als Optional Zubeh\u00f6r.<br>Hier finden Sie weiter Infos \u00fcber den <a rel=\"nofollow noreferrer noopener\" aria-label=\" (opens in a new tab)\" href=\"https:\/\/rockytravel.drivenow.com.au\/travel-centre\/britz\/britz-4berth-voyager-campervan.jspc\">Britz Camper mit 2 Berth Ohne Bad<\/a> dieser ist f\u00fcr 2 Paare oder eine Famlie ideal.<\/li>\n\n\n\n<li><strong>Outback 4WD-Camper<\/strong><br>Der grunds\u00e4tzliche Unterschied liegt darin, dass man mit einem 4WD-Camper das harte Gel\u00e4nde des Outback, die so-gennanten &#8220;Gravel Roads&#8221; befahren darf. Also man ben\u00f6tigt ein Outback-Camper wenn man zum Red Centre oder druch Nord West Australien fahren will. Diese weisen eine stabile Grundausstattung plus ein auf Camper-Top aufstellbares Zelt vor. Das is da ideale Camper f\u00fcr 2 bis 4 Personen die ein ecthes Abenteur in Australien erleben wollen. <br>Mehr dar\u00fcber hier: <a rel=\"nofollow noreferrer noopener\" aria-label=\" (opens in a new tab)\" href=\"https:\/\/rockytravel.drivenow.com.au\/travel-centre\/britz\/britz-4berth-discovery-motorhome.jspc\" target=\"_blank\">Britz 4WD safari 4-wheel-drive<\/a>.<\/li>\n\n\n\n<li><strong>Motorhomes<\/strong><br>Diese sind normalerweise gr\u00f6\u00dfere Wohmobile, welche geeignet bis auf 6 Personen sind. Dar\u00fcber hinaus ist die Ausstattung von h\u00f6herer Qualit\u00e4t und Komfort. \u00d6fters findet man allerlei Zubeh\u00f6r wie z.B. komplett-ausgestatte K\u00fcche, Top-Dusche mit Bad, und moderne TV-DVD Anlagen. Alle obigen Camper-Arten sind mit Diesel- und Automatikantriebe verf\u00fcgbar. Ich empfehle Ihnen auf jeden Fall, Camper mit Automatikantrieben zu mieten, sie sind viel leichter zu fahren und handeln. <\/li>\n<\/ul>\n\n\n\n<p><strong>MY TIPP<\/strong>: Manchmal sind diese Luxus-Camper g\u00fcnstiger als ein 4-Berth-Camper. Da rentiert sich einen ausf\u00fchrlichen Vergleich auch unter gr\u00f6\u00dferen Wohnmobilen in Australien vorzunehmen, bevor man zur Camper-Buchung kommt. Hier sind noch zwei Links mit weriteren Infos zur 2 und 4-Betten-Camper.<\/p>\n\n\n\n<ul class=\"wp-block-list\">\n<li><a rel=\"nofollow noreferrer noopener\" aria-label=\" (opens in a new tab)\" href=\"https:\/\/rockytravel.drivenow.com.au\/vehicles\/compare-britz-australia\" target=\"_blank\">Camper Britz Australien Vergleich<\/a><\/li>\n\n\n\n<li><a rel=\"nofollow noreferrer noopener\" aria-label=\" (opens in a new tab)\" href=\"https:\/\/rockytravel.drivenow.com.au\/vehicles\/compare-2-berth-campervans-australia\" target=\"_blank\">All 2-Berth Camper Australien<\/a><\/li>\n<\/ul>\n\n\n\n<h2 class=\"wp-block-heading\">8 Tipps Zur Camper-Buchung Australien<\/h2>\n\n\n\n<p>Um einen ausf\u00fchrlichen Vergleich und durchdachte Buchung von Campern in Australien vorzunehemen, findet ihr meine beste Tipps zur Hilfe:<\/p>\n\n\n\n<ol class=\"wp-block-list\">\n<li><strong>Den Camper fr\u00fchzeitig buchen&nbsp;<\/strong> <br>Das ist entscheidend um die nedrigsten Preise zu sichern. In Australien sind Camper sehr beliebt auch unter den einheimischen, und daher werden sie sehr schnell ausgebucht. W\u00e4hrend Urlaubszeiten mindestens 3-4 Monate im voraus buchen.<\/li>\n\n\n\n<li><strong>Einen Internationales F\u00fchrerschein f\u00fcr Australien<\/strong> <br>Man muss beide nach nach Australien mitnehemen, das Originelle und das Internationale F\u00fchrerschein. Einige Anbieter k\u00f6nnen das Mieten verweigern, wenn man ein von beiden Dokumenten nicht dabei hat.<\/li>\n\n\n\n<li><strong>Bei der Camper-Buchung auch die Powered-Site mitbuchen<\/strong><br>Unter &#8220;Powered Site&#8221; versteht man die Stromversorgung am Campingplatz f\u00fcr Ihren Camper. Im Hochsaison ist es wesehentlich diese im voraus zu buchen. Sie k\u00f6nnen das f\u00fcr alle Campingpl\u00e4tze vornehmen.<\/li>\n\n\n\n<li><strong>Beim Camper-Pick-Up nach dem Road Tolls fragen.<br><\/strong>Je nach der Reiseroute muss man auch eventuell eine Mautstrasse zahlen. Sie k\u00f6nnen einen &#8220;Road Toll Pass&#8221; Online er\u00f6ffnen, damit es schneller geht und alles schnell Online abgebucht werden kann.<\/li>\n\n\n\n<li><strong>Die Mehrheit der Camper sind Diesel<br><\/strong>Die besten Tage zum Camper-Tanken in Australien sind am Dienstag, und Mittwoch, zu den niedrigsten Diesel-Preise.<\/li>\n\n\n\n<li><strong>Regelm\u00e4ssige Pausen mit dem Camper einplanen<\/strong> <br>Alle 100 km befahrene Strecke eine kleine Pause auf der Rastst\u00e4tte oder auf der &#8220;Rest-Areas&#8221; machen planen. Alle 2 Stunden ist es ratsam, auch das Fahren mit dem Reisepartner auszutauschen.<\/li>\n\n\n\n<li><strong>Die t\u00e4gliche Reiseroute flexibel planen<\/strong><br>Es gibt sehr viel zu sehen, auch in den abgelegenen Orten im Outback. Daher planen Sie genug Zeit f\u00fcr Ihre Reiserouten mit dem Camper. Dar\u00fcber hinaus, untersch\u00e4tzen Sie nie die Entfernungen in Australien. Sie sind ungeheur lang.<\/li>\n\n\n\n<li><strong>Camper mit Klima-Anlage <\/strong><br>Im Sommer bucht man unbedignt ein Camper mt Klima. Da ist ja notwendig, um sich von der W\u00e4rme und der h\u00f6hen Feucthigkeit in den Tropischen und Subtropischen Regionen zu sch\u00fczen.<\/li>\n<\/ol>\n\n\n\n<h2 class=\"wp-block-heading\">Camper-Anbieter &#8211; Welcher ist der beste?<\/h2>\n\n\n\n<p>Australien hat einen gro\u00dfe Wahl von Camper-Anbietern, die Reisendende mit den verschiedensten Bed\u00fcrfnissen und Budget zufriend stellen kann. Die Preise und die Leistungen variieren sehr. Man kann einen preiswerten Camper f\u00fcr 100 Dollars am Tag bis auf Luxus-Camper f\u00fcr 5-6 Leute, die 4-500 oder mehr am Tag kosten. <br><br>Die bekanntesten Anbieter sind<strong> Britz<\/strong>, <strong>Maui<\/strong> and <strong>Apollo<\/strong>. Ich w\u00fcrde Ihnen <strong>Britz<\/strong> <strong>Camper <\/strong>empfehlen, wenn Sie eine modernen Camper mit guter Preisleistung wollen, aber auch kein Luxus-Camper ben\u00f6tigen.<\/p>\n\n\n\n<p>Wenn Sie gute Budget Camper m\u00f6chten, dann <strong>Juicy Camper<\/strong> ist meiner Erfahrung nach, eine gute Wahl. Die best-passenden Luxus-Camper sind auf alle F\u00e4lle <strong>Maui<\/strong> <strong>Camper.<\/strong><\/p>\n\n\n\n<p>Hier k\u00f6nnen Sie mal <a rel=\"nofollow noreferrer noopener\" href=\"https:\/\/rockytravel.drivenow.com.au\/travel-centre\/campervan-hire-suppliers.jspc\" target=\"_blank\">alle Camper-Anbieter in Australien auf einen Blick<\/a> vergleichen.<\/p>\n\n\n\n<div class=\"su-button-center\"><a href=\"https:\/\/rockytravel.drivenow.com.au\/home\/campervan-hire\" class=\"su-button su-button-style-default\" style=\"color:#FFFFFF;background-color:#388be8;border-color:#2d70ba;border-radius:11px\" target=\"_blank\" rel=\"nofollow\" title=\"Rental Campervan in Australia\"><span style=\"color:#FFFFFF;padding:9px 28px;font-size:21px;line-height:32px;border-color:#74aeef;border-radius:11px;text-shadow:none\"><i class=\"sui sui-hand-o-right\" style=\"font-size:21px;color:#FFFFFF\"><\/i> G\u00fcnstige Camper Australien<\/span><\/a><\/div>\n\n\n\n<p><strong><a href=\"https:\/\/rockytravel.drivenow.com.au\/covid-19-travel-advisory\">BITTE DIE AKTUELLE INFOS UND UPDATES \u00dcBER COVID-19 CHECKEN<\/a><\/strong><\/p>\n\n\n\n<h3 class=\"wp-block-heading\"><br>Ressources f\u00fcr Ihre Reise nach Australien<\/h3>\n\n\n\n<p>Ich hoffe diese Infos \u00fcber das Thema Camper Mieten in Australien sind beihilflich. Hiereunter finden Sie auch einige Ressources f\u00fcr die Planung Ihrer Reise nach Australien.<\/p>\n\n\n\n<p><a href=\"https:\/\/www.rockytravel.net\/de\/mietwagen-australien-tipps\/\"><strong>Auto Mieten in Australien<\/strong><\/a><br><a href=\"https:\/\/www.rockytravel.net\/de\/flug-australien\/\"><strong>Alles \u00fcber Fl\u00fcge nach Australien<\/strong><\/a><br><a href=\"https:\/\/www.rockytravel.net\/de\/guenstige-inlandsfluege-australien\/\"><strong>G\u00fcnstige Inlandsfl\u00fcge innerhalb Australien<\/strong><\/a><br><a href=\"https:\/\/www.rockytravel.net\/de\/australien-reisen-reisetipps\/\"><strong>Tipps und Planung der Australien Reise<\/strong><\/a><br><a href=\"https:\/\/www.rockytravel.net\/australia-guide-book\/\"><strong>Your Australia Itinerary Guide Book<\/strong><\/a><\/p>\n","protected":false},"excerpt":{"rendered":"<p>Wenn Sie einen Urlaub in Australien mit dem Camper planen, bietet das Rote Kontinent ein Paradies an Reiserouten und M\u00f6glichkeiten. Von abgelegenen Zielorten im Outback, auf langen Strecken an der Ostk\u00fcste, durch tollen Landschaften in Nationalparks, bis auf den tropischen Regenwald im Norden Australien und mehr. Auf dieser Seite finden Sie alles \u00fcber das Mieten [&hellip;]<\/p>\n","protected":false},"author":1,"featured_media":0,"parent":0,"menu_order":0,"comment_status":"open","ping_status":"open","template":"","meta":{"_seopress_robots_primary_cat":"","_seopress_titles_title":"Camper Mieten in Australien: Infos, Tipps, Vergleichsseiten","_seopress_titles_desc":"Wollen Sie ein Camper mieten und durch Australien verreisen? Hier ist alles zum Thema mit Infos, Vergleichsseiten und Tipps \u00fcber Camper Reiserouten.","_seopress_robots_index":"","footnotes":"","tve_updated_post":"","tve_custom_css":"","tve_user_custom_css":"","tve_globals":{},"tcb2_ready":0,"tcb_editor_enabled":0,"tve_landing_page":"","_tve_header":"","_tve_footer":""},"class_list":["post-2021","page","type-page","status-publish","hentry","has-post-title","has-post-date","has-post-category","has-post-tag","has-post-comment","has-post-author",""],"_links":{"self":[{"href":"https:\/\/www.rockytravel.net\/de\/wp-json\/wp\/v2\/pages\/2021","targetHints":{"allow":["GET"]}}],"collection":[{"href":"https:\/\/www.rockytravel.net\/de\/wp-json\/wp\/v2\/pages"}],"about":[{"href":"https:\/\/www.rockytravel.net\/de\/wp-json\/wp\/v2\/types\/page"}],"author":[{"embeddable":true,"href":"https:\/\/www.rockytravel.net\/de\/wp-json\/wp\/v2\/users\/1"}],"replies":[{"embeddable":true,"href":"https:\/\/www.rockytravel.net\/de\/wp-json\/wp\/v2\/comments?post=2021"}],"version-history":[{"count":9,"href":"https:\/\/www.rockytravel.net\/de\/wp-json\/wp\/v2\/pages\/2021\/revisions"}],"predecessor-version":[{"id":2040801,"href":"https:\/\/www.rockytravel.net\/de\/wp-json\/wp\/v2\/pages\/2021\/revisions\/2040801"}],"wp:attachment":[{"href":"https:\/\/www.rockytravel.net\/de\/wp-json\/wp\/v2\/media?parent=2021"}],"curies":[{"name":"wp","href":"https:\/\/api.w.org\/{rel}","templated":true}]}}