{"id":2015,"date":"2020-03-09T13:51:13","date_gmt":"2020-03-09T12:51:13","guid":{"rendered":"https:\/\/www.rockytravel.net\/?page_id=2015"},"modified":"2020-12-08T15:02:57","modified_gmt":"2020-12-08T14:02:57","slug":"mietwagen-australien-tipps","status":"publish","type":"page","link":"https:\/\/www.rockytravel.net\/de\/mietwagen-australien-tipps\/","title":{"rendered":"Mit dem Mietwagen in Australien Reisen"},"content":{"rendered":"\n<p>Wenn Sie, mit dem Auto durch <a href=\"https:\/\/www.rockytravel.net\/de\/australien-reisen-reisetipps\/\" data-type=\"URL\" data-id=\"https:\/\/www.rockytravel.net\/de\/australien-reisen-reisetipps\/\">Australien reisen<\/a> m\u00f6chten, werden Sie ein Mietauto f\u00fcr verschiedene Kurz-Strecken und Reiserouten ben\u00f6tigen. Oder wenn Sie von der Westk\u00fcste an die Ostk\u00fcste durchreisen wollen, dann ist ein Allradantrieb-Auto zu empfehlen. Das macht die Reise viel leichter, auch wenn\u00a0 ein 4WD-Auto nicht unbedingt notwendig ist.<\/p>\n\n\n\n<div class=\"wp-block-image is-style-default\"><figure class=\"aligncenter is-resized\"><img loading=\"lazy\" decoding=\"async\" src=\"https:\/\/www.rockytravel.net\/wp-content\/uploads\/2013\/01\/Mietwagen-in-Australien.jpg\" alt=\"\" class=\"wp-image-16966\" width=\"725\" height=\"408\" srcset=\"https:\/\/www.rockytravel.net\/wp-content\/uploads\/2013\/01\/Mietwagen-in-Australien.jpg 560w, https:\/\/www.rockytravel.net\/wp-content\/uploads\/2013\/01\/Mietwagen-in-Australien-300x169.jpg 300w, https:\/\/www.rockytravel.net\/wp-content\/uploads\/2013\/01\/Mietwagen-in-Australien-352x198.jpg 352w\" sizes=\"auto, (max-width: 725px) 100vw, 725px\" \/><figcaption>Durch Australien mit dem MietAuto<\/figcaption><\/figure><\/div>\n\n\n\n<p class=\"has-text-align-center\"><div class=\"su-button-center\"><a href=\"https:\/\/rockytravel.drivenow.com.au\/\" class=\"su-button su-button-style-default\" style=\"color:#FFFFFF;background-color:#388be8;border-color:#2d70ba;border-radius:11px\" target=\"__blank\" rel=\"nofollow noopener noreferrer\" title=\"Car hire in Australia\"><span style=\"color:#FFFFFF;padding:9px 28px;font-size:21px;line-height:32px;border-color:#74aeef;border-radius:11px;text-shadow:none\"><i class=\"sui sui-hand-o-right\" style=\"font-size:21px;color:#FFFFFF\"><\/i> Alles \u00dcber Auto Mieten in Australien<\/span><\/a><\/div><\/p>\n\n\n\n<h2 class=\"wp-block-heading\">Auto Mieten in Australien: Infos und Tipps<\/h2>\n\n\n\n<p>Ich bin jahrelang mit Mietauto in Australien alleine durchgereist. Ich kann Ihnen den guten Rat geben, so fr\u00fch wie m\u00f6glich mit der Online Suche anzufangen, damit man Geld sparen und auf die <strong>besten Angebote an g\u00fcnstige Mietwagen in Australien<\/strong> kommt.<\/p>\n\n\n\n<p>Hier sind meine Tipps rund um das Thema Automiete Australien:<\/p>\n\n\n\n<ol class=\"wp-block-list\"><li style=\"text-align: left;\"><strong>St\u00f6bern Sie bei Preisvergleich-Webseiten<br><\/strong>Sie sind die besten um Mietwagen in Australien zu buchen. \u00dcber eine Mietwagen-Vergleichsseite kann man ersehen, was in dem gew\u00fcnschten Zeitraum zur Verf\u00fcgung steht, welche Mietwage-Anbieter g\u00fcnstiger sind und was Sie f\u00fcr ein Wagen oder Mobilwagen f\u00fcr den Preis bekommt. Ich kann Ihnen nur empfehlen ein Auto \u00fcber eine gute, zuverl\u00e4ssige Vergleichsseite zu buchen.<\/li><li style=\"text-align: left;\"><strong>Bevorzugen Australien-Vergleichsseiten f\u00fcr Mietwagen<\/strong>,<br>Der Grund ist dass diese ein gr\u00f6\u00dferes Angebot an Mietwagen und Firmen liefern. Dar\u00fcber hinaus werden Sie eine Auflistung von internationalen sowie einheimischen Anbietern mit konkurrenzf\u00e4higen Preisen finden.<\/li><li style=\"text-align: left;\"><strong>Buchen Sie Ihren Mietwagen mit dem gleichen Abhol- und Abgabe-Ort<br><\/strong>In Australien ist es nicht so einfach das auf die Reihe zu bekommen: die Entfernungen sind ja so gross. Wenn man den Mietwagen zum gleichen Abholort abgibt, wird man dadurch sich die \u00fcblichen Geb\u00fchren f\u00fcr Einweg-Mietwagen sparen. Man kommt hierf\u00fcr schnell auf 200-300 AUD pro Strecke.<\/li><li style=\"text-align: left;\"><strong>Reservieren Sie alle Mietautos vor der Reise nach Australien<br><\/strong>Wenn Sie eine gute Zeit im voraus buchen, dann haben Sie automatisch Zugang auf die g\u00fcnstigsten Preise und die besten Fahrzeuge. Sie k\u00f6nnen jedoch jederzeit Online Ihre Buchung ab\u00e4ndern oder auch stornieren, ohne Geb\u00fchren zu zahlen.<\/li><li style=\"text-align: left;\"><strong>Bevorzugen Sie Mietwagen ohne Anzahlung<br><\/strong>Das ist ein sehr wichtiger Aspekt bei Online-Buchung von Mietwagen in Australien. Es gibt wenige Vergleichsseiten die das erlauben. Das ist der gr\u00f6\u00dfte Vorteil. Dadurch kan man flexible Reisepl\u00e4ne schmieden mit der gr\u00f6\u00dfen Freiheit, Buchungen auch in der letzten Stunden abzu\u00e4ndern oder auch zu stornieren, falls etwas dazwischen kommt.<\/li><li><strong>Internationales F\u00fchrerschein f\u00fcr Australien<br><\/strong>Wenn man Australien Rundreise als Selbstfahrer erleben will, ben\u00f6tigt man ein Internationales F\u00fchrerschein, welches von der PKW-F\u00fchrerschein-Zulassungsstelle zu beantragen ist. Bitte beachten Sie dass man auch das Originelle F\u00fchrerschein mitbringen soll, um ein Auto mieten zu k\u00f6nnen.<\/li><\/ol>\n\n\n\n<h3 class=\"wp-block-heading\">Wie man g\u00fcnstige Mietwagen in Australien findet und bucht<\/h3>\n\n\n\n<p>Es gibt viele Online Websites zum Preisvergleich von Mietwagen in Australien. Ich habe einige ausprobiert und seit 2011 verwende ich immer die gleiche Seite, die immer die Top Mietauto-Angebote liefert. Mittlerweile ist DriveNow unser zuverl\u00e4ssiger Mietwagen Partner f\u00fcr Australien.<\/p>\n\n\n\n<p><strong>DriveNow <\/strong>ist die g\u00f6\u00dfte Vergleichsseite f\u00fcr Wohnmobile sowie Autovermietung Australien und Neu Seeland. Das umfangreiche Angebot an billiger Wagen, Anbietern sowie aktuellsten Angeboten zeichnen diese Seite aus. Dar\u00fcber hinaus ist die DriveNow Seite Benutzer-freundlich weil die Buchungsvorg\u00e4nge sehr schnell und unkompliziert ist, in Vergleich zu anderen Seiten wo man \u00fcber mehrere Schritte gehen muss.<\/p>\n\n\n\n<p><strong>Sie k\u00f6nnen die Ergebnisse von \u00fcber 10 Auto-Anbietern schnell vergleichen<\/strong>. Unter die bekanntesten Firmen findet man <span class=\"blue_bold\">Hertz, <\/span><span class=\"blue_bold\">Avis, Europcar, Kiddy by Europcar, Enterprise,Thrifty, Budget, Firefly, Redspot and mehr.<br><\/span><\/p>\n\n\n\n<h3 class=\"wp-block-heading\">Suche und Buchung von Mietwagen \u00fcber DriveNow<\/h3>\n\n\n\n<p>Sie k\u00f6nnen einfach auf die HomePage von DriveNow mit Daten von Standort f\u00fcr den Abhol (Pick-Up) und Abgabe-Ort (Drop-Off) und in wenige Sekunde bekommt man eine Suchergebnissliste zum Vergleichen. Die Seit liefert Mietautos von \u00fcber 1250 Orten in Australien.<\/p>\n\n\n\n<h3 class=\"wp-block-heading\">Vorteile f\u00fcr Mietwagen-Buchungen \u00fcber DriveNow<\/h3>\n\n\n\n<p><span class=\"blue_bold\">Es gibt viele Vorteile wenn man \u00fcber DriveNow bucht. Hier sind die wichtigsten:<\/span><\/p>\n\n\n\n<ol class=\"wp-block-list\"><li><span class=\"blue_bold\"><strong> Keine Anzahlung f\u00fcr die Buchung von Mietwagen<\/strong><br>Das bedeutet sie werden keine Angabe Ihrer Kredit Karte angeben m\u00fcssen. Wenn man auch 5% oder 10% zahlen muss hat man sich f\u00fcr die Buchung bereits verpflichtet.<\/span><span class=\"blue_bold\"><span class=\"blue_bold\"> Bei 95% der F\u00e4lle muss man keine Anzahlung vornehmen, noch keine Angaben der Kredit Karte durchgeben. Das h\u00e4ngt jedoch von Auto-Anbieter ab, es gibt welche wie Europcar, die eine kleine Anzahlung verlangen. Das wird auf jeden Fall in der Buchungsphase schon ausgewiesen, und normalerweise ist von 5-10%.<br><\/span><\/span><\/li><li><strong>Kostenfreie Stornierung oder Um\u00e4nderung der Buchung<\/strong><br>Das heisst, wenn man die Buchung von einem Mietauto in Australien storniern will, kann das ohne weiteres immer und kostenfreie vornehmen. Sollte Sie eine Buchung um\u00e4ndern wollen, wie z.B. Daten oder am Fahrzeug-Typ, das geht auch ohnehin und immer ohne zus\u00e4tzlichen Kosten.<\/li><li><strong>Kunden-Betreuung vor der Buchung<br><\/strong>Falls Sie Fragen bei einem oder anderen Suchergebniss haben, oder unsicher sind welche Auto zu mieten, dann k\u00f6nnen Sie \u00fcber eine Live-Chat starten mit DriveNow Customer-Service and diese live abkl\u00e4ren.<\/li><\/ol>\n\n\n\n<p><span class=\"blue_bold\"><strong>Tipp: <\/strong>Wenn Sie sich nicht verpflichten wollen, dann am besten Mietwagen bevorzugen, die eine h\u00f6here Flexibilit\u00e4t anbieten und daher keine Anzahlung verlangen, auch wenn diese durchaus storniebar und mit voller Geldr\u00fcckerstattung ist.<br><\/span><\/p>\n\n\n<div class=\"su-button-center\"><a href=\"https:\/\/rockytravel.drivenow.com.au\/\" class=\"su-button su-button-style-default\" style=\"color:#FFFFFF;background-color:#388be8;border-color:#2d70ba;border-radius:11px\" target=\"__blank\" rel=\"nofollow noopener noreferrer\" title=\"Car hire in Australia\"><span style=\"color:#FFFFFF;padding:9px 28px;font-size:21px;line-height:32px;border-color:#74aeef;border-radius:11px;text-shadow:none\"><i class=\"sui sui-hand-o-right\" style=\"font-size:21px;color:#FFFFFF\"><\/i> Alles \u00dcber Auto Mieten in Australien<\/span><\/a><\/div>\n\n\n\n<h3 class=\"wp-block-heading\">Mietauto in Australien &#8211; Tipps zur Online-Buchung<\/h3>\n\n\n\n<p>Was kostet ein Mietauto in Australien? Die Preise beinhalten immer die gesamten Steuer und Geb\u00fchren und eine Auto- Grundversicherung. Es ist jedoch ratsam eine eigen Reiseversicherung abzuschliessen, die man gegen Unf\u00e4llen, Haftpflicht und Krankenversicherung abdeckt.<\/p>\n\n\n\n<p>Auf diese Page k\u00f6nnen Sie mehr \u00fcber <a href=\"https:\/\/www.rockytravel.net\/de\/reiseversicherung-australien\/\">Reise-Versicherung f\u00fcr Australien<\/a> lesen.<\/p>\n\n\n\n<p><strong>Worauf Sie acthen m\u00fcssen bei der Buchung<\/strong><\/p>\n\n\n\n<p>Bevor Sie mit der Online Buchung des ausgesuchten Fahrzeuges und Orten und Daten vorgehen, pr\u00fcfen Sie folgende Details vom Autoanbieter:<\/p>\n\n\n\n<ul class=\"wp-block-list\"><li><strong>Preis und Konditionen der Autovermietung. <\/strong>Es ist alles \u00fcbsersichtlich, auf eine Seite angegeben.<\/li><li><strong>Die Mail von DriveNow<\/strong> <strong>mit allen Mietauto-Angaben<br><\/strong>Diese werden die lokale Addresse der Autoverleih-Firma (und pick-up), Rufnummer, eMail-Addresse, B\u00fcro-Zeiten. Sie k\u00f6nnen mit der Firma direkt Kontakt aufnehmen wenn sie Fragen oder besonder W\u00fcnsche oder Anfragen haben.<\/li><li><strong>Alle Mietwagen-Reservierungen sind umbuchbar<\/strong><br>Alle Buchungen kann man jederzeit und mehrmals ab\u00e4ndern, voraussgesetzt dass es vor dem Pick-Up Datum\/Uhrzeit passiert. Die Konditionen und Preise der neuen abge\u00e4nderten Mietwagen k\u00f6nnen jedoch abweichen, je nachdem was zum Zeitpunkt der \u00c4nderung lieferbar ist.<\/li><li><strong>Geb\u00fchrenfreies Storno<br><\/strong>Sie k\u00f6nnen jederzeit, auch nach der Online-Buchung, und vor dem Pick-Up Datum, Ihre Buchung stornieren und das immer Geb\u00fchrenfrei.<\/li><li><strong>Zahlung des reservierten<\/strong> <strong>Mietautos<\/strong><br>Bei der Abholung muss man den Vollbetrag zahlen. Sie k\u00f6nnen mit Kredit-Karte oder Bar zahlen. Bitte beachten Sie dass Debit-Karten in Australien von den meisten Autoanbietern nicht akzeptiert werden. Daher bitte immer 2 oder mehrere Karten oder genug Cash dabei haben.<\/li><li><strong>Von Auto auf Camper umtauschen<\/strong><br>Wenn Sie eine Mietwagenrundreise suchen und das gebuchte Auto zum Camper umbuchen wollen, k\u00f6nnen Sie das durchaus machen. DriveNow bietet auch eine tolle Palette von Anbietern und Fahrzeuge.<br><br>Hier k\u00f6nnen Sie alle <a href=\"https:\/\/www.rockytravel.net\/de\/camper-mieten-in-australien\/\"><strong>Preis-Vergleiche f\u00fcr Camper in Australien<\/strong><\/a> und Neu Zealand ansehen.<\/li><\/ul>\n\n\n\n<h3 class=\"wp-block-heading\">Mehr Ressources f\u00fcr Ihre Australien Reise<\/h3>\n\n\n\n<p>Hierunter eine Liste von wichtigen Pages zur Planung Ihrer Reise durch Australien:<\/p>\n\n\n\n<p><a href=\"https:\/\/www.rockytravel.net\/de\/flug-australien\/\"><strong>Alles \u00fcber Fl\u00fcge nach Australien<\/strong><\/a><br data-rich-text-line-break=\"true\"><a href=\"https:\/\/www.rockytravel.net\/de\/guenstige-inlandsfluege-australien\/\"><strong>G\u00fcnstige Inlandsfl\u00fcge innerhalb Australien<\/strong><\/a><br data-rich-text-line-break=\"true\"><a href=\"https:\/\/www.rockytravel.net\/de\/australien-reisen-reisetipps\/\"><strong>Tipps und Planung der Australien Reise<\/strong><\/a><br data-rich-text-line-break=\"true\"><a href=\"https:\/\/www.rockytravel.net\/australia-guide-book\/\"><strong>Your Australia Itinerary Guide Book<\/strong><\/a><\/p>\n<!--themify_builder_content-->\n<div id=\"themify_builder_content-2015\" data-postid=\"2015\" class=\"themify_builder_content themify_builder_content-2015 themify_builder tf_clear\">\n    <\/div>\n<!--\/themify_builder_content-->\n","protected":false},"excerpt":{"rendered":"<p>Wenn Sie, mit dem Auto durch Australien reisen m\u00f6chten, werden Sie ein Mietauto f\u00fcr verschiedene Kurz-Strecken und Reiserouten ben\u00f6tigen. Oder wenn Sie von der Westk\u00fcste an die Ostk\u00fcste durchreisen wollen, dann ist ein Allradantrieb-Auto zu empfehlen. Das macht die Reise viel leichter, auch wenn\u00a0 ein 4WD-Auto nicht unbedingt notwendig ist. Auto Mieten in Australien: Infos [&hellip;]<\/p>\n","protected":false},"author":1,"featured_media":0,"parent":0,"menu_order":0,"comment_status":"open","ping_status":"open","template":"","meta":{"_seopress_robots_primary_cat":"","_seopress_titles_title":"Auto Mieten in Australien - Tipps, Preise und Beste Vergleichseiten","_seopress_titles_desc":"Durch Australien mit dem Mietauto erleben? Hier finden Sie Infos, Tipps und Tricks zum Auto mieten in Australien mit den besten Preis- und Vergleichsseiten.","_seopress_robots_index":"","footnotes":""},"class_list":["post-2015","page","type-page","status-publish","hentry","has-post-title","has-post-date","has-post-category","has-post-tag","has-post-comment","has-post-author",""],"_links":{"self":[{"href":"https:\/\/www.rockytravel.net\/de\/wp-json\/wp\/v2\/pages\/2015","targetHints":{"allow":["GET"]}}],"collection":[{"href":"https:\/\/www.rockytravel.net\/de\/wp-json\/wp\/v2\/pages"}],"about":[{"href":"https:\/\/www.rockytravel.net\/de\/wp-json\/wp\/v2\/types\/page"}],"author":[{"embeddable":true,"href":"https:\/\/www.rockytravel.net\/de\/wp-json\/wp\/v2\/users\/1"}],"replies":[{"embeddable":true,"href":"https:\/\/www.rockytravel.net\/de\/wp-json\/wp\/v2\/comments?post=2015"}],"version-history":[{"count":10,"href":"https:\/\/www.rockytravel.net\/de\/wp-json\/wp\/v2\/pages\/2015\/revisions"}],"predecessor-version":[{"id":1033667,"href":"https:\/\/www.rockytravel.net\/de\/wp-json\/wp\/v2\/pages\/2015\/revisions\/1033667"}],"wp:attachment":[{"href":"https:\/\/www.rockytravel.net\/de\/wp-json\/wp\/v2\/media?parent=2015"}],"curies":[{"name":"wp","href":"https:\/\/api.w.org\/{rel}","templated":true}]}}