{"id":18560,"date":"2017-09-21T12:35:55","date_gmt":"2017-09-21T11:35:55","guid":{"rendered":"https:\/\/www.rockytravel.net\/?page_id=18560"},"modified":"2020-03-25T15:18:23","modified_gmt":"2020-03-25T14:18:23","slug":"australien-visum","status":"publish","type":"page","link":"https:\/\/www.rockytravel.net\/de\/australien-visum\/","title":{"rendered":"Touristenvisum Australien"},"content":{"rendered":"<h2 style=\"text-align: left;\">Wichtige Infos \u00fcber das Australien Visum<\/h2>\n<p><span class=\"blue_bold\">F\u00fcr Ihren Australien Urlaub ben\u00f6tigt man ein Touristenvisum. F\u00fcr alle EU-Staatsb\u00fcrger ist es sehr einfach ein Australien Visum zu beantragen. Online kann man es in weniger als 10 Minuten beantragen. Danach wird es per eMail innerhalb von 24-48 Stunden zugestellt. Das kostet Ihnen nichts.<br \/>\n<\/span><\/p>\n<p>Wenn Sie Deutsche sind, sparen Sie sich die Zeit und den Aufwand, Ihren Reisepass an die Australische Botschaft einzureichen.<\/p>\n<p><strong>Hierunter lernen wie die Online-Beantragung reibungslos und flott geht<\/strong>.<\/p>\n<h3>ETA oder evisitor Visum f\u00fcr Australien<\/h3>\n<p>Vor einigen Jahren gab&#8217;s nur das <strong>ETA Visum<\/strong>, welches \u00fcber die electronic travel authority von Australien erstellt wurde. Das ETA existiert immer noch, jedoch wird nur f\u00fcr Nicht-EU-Staatsb\u00fcrger verwendet.<\/p>\n<p>Das Touristenvisum f\u00fcr <strong>alle EU-Staatsb\u00fcrger<\/strong> wird seit 2013 \u00fcber das <strong>elektronische evisitor <\/strong>erstellt.<\/p>\n<h2 style=\"text-align: left;\"><img loading=\"lazy\" decoding=\"async\" class=\" aligncenter\" style=\"margin-center: 10px;\" title=\"Australia Travel Visa \" src=\"https:\/\/rockytravel.net\/images\/stories\/Australia_Travel\/passportaustralia.jpg\" alt=\"How to apply for an Australia Travel Visa\" width=\"441\" height=\"291\" \/><\/h2>\n<h3>Ein eVisitor Visum f\u00fcr Australien beantragen &#8211; Kosten?<\/h3>\n<p><a href=\"https:\/\/immi.homeaffairs.gov.au\/visas\/getting-a-visa\/visa-listing\/evisitor-651\" target=\"_blank\" rel=\"noopener noreferrer\">Der schnellste Weg is ein eVisitor Visum zu beantragen<\/a>. Voraussgesetzt Sie sind Deutsche oder leben in Deutschland und haben einen Reisepass von einem EU-Staatsmiglieder, k\u00f6nnen Sie ruhig das Australien Visum Online beantragen.<\/p>\n<p>Das is der Link zur Seite von der Australischen Beh\u00f6rden wo Sie ein: <a href=\"https:\/\/online.immi.gov.au\/lusc\/login\" target=\"_blank\" rel=\"noopener noreferrer\">eVisitor Visum\u00a0<\/a> f\u00fcr Australien beantragen k\u00f6nnen.<\/p>\n<p>Das tollste dabei<strong>: das Touristenvisum f\u00fcr Australien \u00fcber evisitor ist kostenfrei<\/strong> f\u00fcr alle EU-Staatsb\u00fcrger.<\/p>\n<h3>Regeln f\u00fcr das evisitor Visum Australien<\/h3>\n<p>Mit einem evisitor Visum kann man als Tourist nach Australien einreisen f\u00fcr einen Zeitraum bis zu 3 Monate. Das Visum f\u00fcr Australien hat eine G\u00fcltigkeit von 12 Monate, d.h. ab dem Zeitpunkt des Erstelldatums laufen die 12 Monaten in denen Sie einresen d\u00fcrfen. Sie d\u00fcrfen so oft wie Sie m\u00f6chten einreisen, voraussgesetzt Sie bleiben nicht l\u00e4nger als 3 Monate bei jedem Besuch.<\/p>\n<p>Auf dieser Seite k\u00f6nnen Sie mehr lesen: was man mit dem evisitor machen kann.\u00a0Wenn Sie unsicher sind, ob Ihrer Staatsangeh\u00f6rigkeit f\u00fcr dieses Visum anerkannt wird, auf dieser FAQ Seite k\u00f6nnen Sie mehr erfahren: <a href=\"https:\/\/www.border.gov.au\/Trav\/Visi\/Visi\" target=\"_blank\" rel=\"nofollow noopener noreferrer\">Visitor Visa FAQ.<\/a><\/p>\n<p>Beachten Sie dass die Einreisebestimmungen f\u00fcr Australien ziemlich streng sind. Mit einem Touristenvisum darf man auf gar keinen Fall arbeiten in Australien. Dieses Visum erlaubt Ihnen lediglich die Einreise als Tourist oder Besucher. Arbeit jeglicher Art ist verboten. Dar\u00fcber hinaus m\u00fcssen Sie auch auf die Zeitbegrenzung von 3 Monate beachten. Diese is sehr streng. Sollte Sie l\u00e4nger als 3 Monate ohne Erlaubnis bleiben dann drohen hohe Strafen und die Einreiseverbannung nach Australien f\u00fcr 3 Jahre!<\/p>\n<h3>Wenn man l\u00e4nger als 3 Monate in Australien bleiben m\u00f6chte<\/h3>\n<p>Sollte Sie doch l\u00e4nger als 3 Monate als Tourist verweilen wollen, sagen wir mal zwischen 3-12 Monate, dann ist es ratsman einen andere Art von Visum f\u00fcr Ihre Australien Reise zu beantragen. Auf dieser Seite k\u00f6nnen Sie \u00fcber das subclass 600 visum lesen.<\/p>\n<p>Das ist das passende Reisevisum f\u00fcr Urlauber oder Rentner die l\u00e4nger in Australien bleiben m\u00f6chten. Dieses Visum unterscheidet sich von dem evisitor weil es keine Zeitbegrenzung von 3 Monaten gibt. Es ist auch geb\u00fchrenpflichtig.<\/p>\n<h3>Was f\u00fcr ein Australien Visum ben\u00f6tigt man zum Arbeiten<strong><br \/>\n<\/strong><\/h3>\n<p>Wie bereits erw\u00e4hnt in Australien k\u00f6nnen Sie nicht arbeiten mit einem normalen Touristenvisum. Wenn Sie zwischen 18-35 sind, k\u00f6nnen Sie jedoch einen <a title=\"All about Work and Travel Australia\" href=\"https:\/\/www.rockytravel.net\/all-about-work-and-travel-australia\/\">Australien Work and Travel visum\u00a0<\/a> beantragen, damit Sie die Freiheit auch haben, einen Job zu suchen und in Australien zu arbeiten.<\/p>\n<p>Mehr dar\u00fcber auf diese Seite: <a href=\"https:\/\/www.border.gov.au\/Trav\/Work\" target=\"_blank\" rel=\"nofollow noopener noreferrer\">work visas f\u00fcr Australien<\/a>.<\/p>\n<h3>Reisevisum beantragen f\u00fcr mehrere Reiseziele<\/h3>\n<p>Wenn Sie nach Australien, weitere Reiseziele planen, wie z.B. Indien, China, Japan oder durch S\u00fcd-Ost-Asien touren m\u00f6chten, dann ist es ratsam die ReiseVisum f\u00fcr das einzelne Land \u00fcber einen Online Service zu beantragen. Das ist eine gute Alternative, wenn man L\u00e4nder besuchen will, welche\u00a0 komplizierte Einreisebestimmungen aufweisen. Hier kann die Hilfe von Experten und Agenturen doch sehr hilfreich.<\/p>\n<p>Auf dieser Webseite k\u00f6nnen Sie alle Infos einlesen um erfahren, <a href=\"https:\/\/China.visahq.com\/?a_aid=vaff2858\" target=\"_blank\" rel=\"nofollow noopener noreferrer\"><strong>wie man einen Reisevisum \u00fcber eine Agentur einholen kann<\/strong><\/a><strong>.<\/strong><\/p>\n<h3>Mehr Links zur Australien Reiseplanung<\/h3>\n<p><strong><a href=\"https:\/\/www.rockytravel.net\/australia-travel\/\">Go the Australia Rocky Travel Planning Guide<\/a><\/strong><\/p>\n<p><strong><a href=\"https:\/\/www.rockytravel.net\/australia-travel-destinations\/\">Go to the Australia Travel Destination Guide<\/a><\/strong><\/p>\n<p><a href=\"https:\/\/www.rockytravel.net\/travel-planning-resources\/\"><strong>Visit this page for the best Travel Websites<\/strong><\/a><\/p>\n<div style=\"text-align: left;\"><a title=\"HomePage\" href=\"https:\/\/www.rockytravel.net\/\"><strong>Return to the Rocky Travel Homepage<\/strong><\/a><\/div>\n<div><\/div>\n<div><\/div>\n<div><\/div>\n<p><a href=\"https:\/\/www.visahq.com\/?a_aid=vaff2858\"><img decoding=\"async\" class=\"aligncenter\" title=\"\" src=\"https:\/\/www.visahq.com\/banners\/visahq-648x60-v4.gif\" border=\"0\" \/><\/a><\/p>\n<!--themify_builder_content-->\n<div id=\"themify_builder_content-18560\" data-postid=\"18560\" class=\"themify_builder_content themify_builder_content-18560 themify_builder tf_clear\">\n    <\/div>\n<!--\/themify_builder_content-->\n","protected":false},"excerpt":{"rendered":"<p>Wichtige Infos \u00fcber das Australien Visum F\u00fcr Ihren Australien Urlaub ben\u00f6tigt man ein Touristenvisum. F\u00fcr alle EU-Staatsb\u00fcrger ist es sehr einfach ein Australien Visum zu beantragen. Online kann man es in weniger als 10 Minuten beantragen. Danach wird es per eMail innerhalb von 24-48 Stunden zugestellt. Das kostet Ihnen nichts. Wenn Sie Deutsche sind, sparen [&hellip;]<\/p>\n","protected":false},"author":1,"featured_media":0,"parent":0,"menu_order":0,"comment_status":"open","ping_status":"open","template":"","meta":{"_seopress_robots_primary_cat":"","_seopress_titles_title":"Australien Visum: wie man Touristenvisum online beantragt","_seopress_titles_desc":"F\u00fcr eine Reise nach Australien braucht man ein Touristenvisum. Hier lernen Sie wie man eine Australien Visum online schnell und kostenfrei beantragen.","_seopress_robots_index":"","footnotes":""},"class_list":["post-18560","page","type-page","status-publish","hentry","has-post-title","has-post-date","has-post-category","has-post-tag","has-post-comment","has-post-author",""],"_links":{"self":[{"href":"https:\/\/www.rockytravel.net\/de\/wp-json\/wp\/v2\/pages\/18560","targetHints":{"allow":["GET"]}}],"collection":[{"href":"https:\/\/www.rockytravel.net\/de\/wp-json\/wp\/v2\/pages"}],"about":[{"href":"https:\/\/www.rockytravel.net\/de\/wp-json\/wp\/v2\/types\/page"}],"author":[{"embeddable":true,"href":"https:\/\/www.rockytravel.net\/de\/wp-json\/wp\/v2\/users\/1"}],"replies":[{"embeddable":true,"href":"https:\/\/www.rockytravel.net\/de\/wp-json\/wp\/v2\/comments?post=18560"}],"version-history":[{"count":5,"href":"https:\/\/www.rockytravel.net\/de\/wp-json\/wp\/v2\/pages\/18560\/revisions"}],"predecessor-version":[{"id":31697,"href":"https:\/\/www.rockytravel.net\/de\/wp-json\/wp\/v2\/pages\/18560\/revisions\/31697"}],"wp:attachment":[{"href":"https:\/\/www.rockytravel.net\/de\/wp-json\/wp\/v2\/media?parent=18560"}],"curies":[{"name":"wp","href":"https:\/\/api.w.org\/{rel}","templated":true}]}}